{"id":26101,"date":"2012-04-13T12:14:44","date_gmt":"2012-04-13T10:14:44","guid":{"rendered":"https:\/\/gyoparosfurdo-oroshaza.hu\/im-sommer"},"modified":"2012-04-13T12:14:44","modified_gmt":"2012-04-13T11:14:44","slug":"im-sommer","status":"publish","type":"page","link":"https:\/\/gyoparosfurdo-oroshaza.hu\/de\/programme\/im-sommer","title":{"rendered":"Im Sommer"},"content":{"rendered":"<div class=\"topten_grid_container topten_page\"><div class=\"topten_grid_item\"><span class=\"h3\">Top Programme<\/span><a href=\"\/de\/programme\/im-sommer\" class=\"topten_im-sommer first active\">Im Sommer &raquo;<\/a><a href=\"\/de\/programme\/1-tag\" class=\"topten_1-tag\">Auf ein Tag &raquo;<\/a><a href=\"\/de\/programme\/fuer-fahrraeder\" class=\"topten_fuer-fahrraeder first\">F\u00fcr Fahrr\u00e4der &raquo;<\/a><a href=\"\/de\/programme\/fuer-wochenende\" class=\"topten_fuer-wochenende\">Wochenende &raquo;<\/a><a href=\"\/de\/programme\/im-winter\" class=\"topten_im-winter first\">Im Winter &raquo;<\/a><a href=\"\/de\/programme\/fuer-jugend\" class=\"topten_fuer-jugend\">F\u00fcr Jugend &raquo;<\/a><a href=\"\/de\/programme\/fuer-paare\" class=\"topten_fuer-paare first\">F\u00fcr Paare &raquo;<\/a><a href=\"\/de\/programme\/mit-dem-auto\" class=\"topten_mit-dem-auto\">Mit dem Auto &raquo;<\/a><a href=\"\/de\/programme\/fuer-kulturfans\" class=\"topten_fuer-kulturfans first\">F\u00fcr Kulturfans &raquo;<\/a><a href=\"\/de\/programme\/1-woche\" class=\"topten_1-woche\">Auf eine Woche &raquo;<\/a><a href=\"\/de\/programme\/fuer-angeln\" class=\"topten_fuer-angeln first\">F\u00fcr Angeln &raquo;<\/a><a href=\"\/de\/programme\/fuer-photographer\" class=\"topten_fuer-photographer\">F\u00fcr Photographer &raquo;<\/a><a href=\"\/de\/programme\/fuer-sportfans\" class=\"topten_fuer-sportfans first\">F\u00fcr Sportfans &raquo;<\/a><a href=\"\/de\/programme\/fuer-familien\" class=\"topten_fuer-familien\">F\u00fcr Familien &raquo;<\/a><\/div><a href=\"https:\/\/gyoparosfurdo-oroshaza.hu\/de\/programok\/elmenyfurdozes-gyoparoson\" title=\"Wellnessbad in Gyop\u00e1rosf\u00fcrd\u0151\" class=\"topten_grid_item\"><span class=\"number\">1<\/span><img width=\"290\" height=\"230\" src=\"https:\/\/gyoparosfurdo-oroshaza.hu\/wp-content\/uploads\/2012\/04\/elmenyfurdo_kiemelt.jpg\" class=\"lazyload wp-post-image\" alt=\"\" loading=\"lazy\" \/><span class=\"title\">Wellnessbad in Gyop\u00e1rosf\u00fcrd\u0151<\/span><span class=\"text\">Im 6000 m\u00b2, 4-Sterne Badkomplexum in Gyop\u00e1ros ist das Bad wirklich ein grossartiges Erlebnnis.<\/span><\/a><a href=\"https:\/\/gyoparosfurdo-oroshaza.hu\/de\/programok\/strandolas-gyoparosfurdon\" title=\"Baden in Gyop\u00e1rosf\u00fcrd\u0151\" class=\"topten_grid_item\"><span class=\"number\">2<\/span><img width=\"290\" height=\"230\" src=\"https:\/\/gyoparosfurdo-oroshaza.hu\/wp-content\/uploads\/2012\/04\/Strandol\u00e1s_gyoparosfurdon.jpg\" class=\"lazyload wp-post-image\" alt=\"\" loading=\"lazy\" \/><span class=\"title\">Baden in Gyop\u00e1rosf\u00fcrd\u0151<\/span><span class=\"text\">Das Gyop\u00e1ros Badkomlexum ist als \u201eder Mekka\u201d von Strandbadens\u00fcchtigen bekannt.<\/span><\/a><a href=\"https:\/\/gyoparosfurdo-oroshaza.hu\/de\/programok\/wellness-es-kenyeztetes\" title=\"Wellness und Verw\u00f6hnung\" class=\"topten_grid_item\"><span class=\"number\">3<\/span><img width=\"290\" height=\"230\" src=\"https:\/\/gyoparosfurdo-oroshaza.hu\/wp-content\/uploads\/2012\/05\/3_Wellness.jpg\" class=\"lazyload wp-post-image\" alt=\"\" loading=\"lazy\" \/><span class=\"title\">Wellness und Verw\u00f6hnung<\/span><span class=\"text\">Wie eine romantische Ber\u00fchrung und Gestreichel, so gut f\u00e4llt einem die Verw\u00f6hnung, die man in Gyop\u00e1rosf\u00fcrd\u0151-Bad bekommen kann.<\/span><\/a><a href=\"https:\/\/gyoparosfurdo-oroshaza.hu\/de\/programok\/ejszakai-furdozes\" title=\"N\u00e4chtliches Badevergn\u00fcgen\" class=\"topten_grid_item\"><span class=\"number\">4<\/span><img width=\"290\" height=\"230\" src=\"https:\/\/gyoparosfurdo-oroshaza.hu\/wp-content\/uploads\/2012\/04\/4_Ejszakai_furdozes.jpg\" class=\"lazyload wp-post-image\" alt=\"\" loading=\"lazy\" \/><span class=\"title\">N\u00e4chtliches Badevergn\u00fcgen<\/span><span class=\"text\">Wenn es irgendwelches Anreizendes gibt, dann spricht man \u00fcber ein Nachtbaden.<\/span><\/a><a href=\"https:\/\/gyoparosfurdo-oroshaza.hu\/de\/programok\/csonakazas-a-tavon\" title=\"Bootfahr auf dem See\" class=\"topten_grid_item\"><span class=\"number\">5<\/span><img width=\"290\" height=\"230\" src=\"https:\/\/gyoparosfurdo-oroshaza.hu\/wp-content\/uploads\/2012\/04\/Csonakazas_a_tavon.jpg\" class=\"lazyload wp-post-image\" alt=\"\" loading=\"lazy\" \/><span class=\"title\">Bootfahr auf dem See<\/span><span class=\"text\">Die Stadt Orosh\u00e1za wird durch unmissverts\u00e4ndliche tiefl\u00e4ndische Laune umarmt.<\/span><\/a><a href=\"https:\/\/gyoparosfurdo-oroshaza.hu\/de\/programok\/csillagfenyes-ejszaka\" title=\"Sternklare Nacht\" class=\"topten_grid_item\"><span class=\"number\">6<\/span><img width=\"290\" height=\"230\" src=\"https:\/\/gyoparosfurdo-oroshaza.hu\/wp-content\/uploads\/2012\/04\/6_Csillagfenyes_ejszaka.jpg\" class=\"lazyload wp-post-image\" alt=\"\" loading=\"lazy\" \/><span class=\"title\">Sternklare Nacht<\/span><span class=\"text\"> Mit dem Auto  oder mit Fahrrad ins Freie fahren und da einige romantischen   Stunden zu verbringen.<\/span><\/a><a href=\"https:\/\/gyoparosfurdo-oroshaza.hu\/de\/programok\/fallabda-tenisz\" title=\"Tennis\" class=\"topten_grid_item\"><span class=\"number\">7<\/span><img width=\"290\" height=\"230\" src=\"https:\/\/gyoparosfurdo-oroshaza.hu\/wp-content\/uploads\/2012\/04\/10_Tenisz_fallabda.jpg\" class=\"lazyload wp-post-image\" alt=\"\" loading=\"lazy\" \/><span class=\"title\">Tennis<\/span><span class=\"text\">Man muss sich nicht zu Hause seines Racket lassen, der unter der oroshazer Erholung Tennis spielen will, sei es Sommer oder Winter.<\/span><\/a><a href=\"https:\/\/gyoparosfurdo-oroshaza.hu\/de\/programok\/lovassportok\" title=\"Reitersport\" class=\"topten_grid_item\"><span class=\"number\">8<\/span><img width=\"290\" height=\"230\" src=\"https:\/\/gyoparosfurdo-oroshaza.hu\/wp-content\/uploads\/2012\/04\/Lovassportok.jpg\" class=\"lazyload wp-post-image\" alt=\"\" loading=\"lazy\" \/><span class=\"title\">Reitersport<\/span><span class=\"text\">Orosh\u00e1za kann auch von mehren Standpunkten als eine von den Reiterlebenszentralen in der Grossen Tiefebene betrachtet werden.<\/span><\/a><a href=\"https:\/\/gyoparosfurdo-oroshaza.hu\/de\/programok\/ejszakai-elet-oroshazan\" title=\"Nachtleben in Orosh\u00e1za\" class=\"topten_grid_item\"><span class=\"number\">9<\/span><img width=\"290\" height=\"230\" src=\"https:\/\/gyoparosfurdo-oroshaza.hu\/wp-content\/uploads\/2012\/04\/Ejszakai_elet.jpg\" class=\"lazyload wp-post-image\" alt=\"\" loading=\"lazy\" \/><span class=\"title\">Nachtleben in Orosh\u00e1za<\/span><span class=\"text\">Von grossst\u00e4dtliche, n\u00e4chtliche Leben kann man gar nichts in Orosh\u00e1za sprechen, trotzdem am Freitag und am Sonntag unterhalten sich die Einwohner.<\/span><\/a><a href=\"https:\/\/gyoparosfurdo-oroshaza.hu\/de\/programok\/piaclatogatas-oroshazan\" title=\"Marktbesuch\" class=\"topten_grid_item\"><span class=\"number\">10<\/span><img width=\"290\" height=\"230\" src=\"https:\/\/gyoparosfurdo-oroshaza.hu\/wp-content\/uploads\/2012\/04\/Piac.jpg\" class=\"lazyload wp-post-image\" alt=\"\" loading=\"lazy\" \/><span class=\"title\">Marktbesuch<\/span><span class=\"text\">Modernen grossen Marketplatz aus!<\/span><\/a><a href=\"https:\/\/gyoparosfurdo-oroshaza.hu\/de\/programok\/panorama-kilato\" title=\"Panoramaturm\" class=\"topten_grid_item\"><span class=\"number\">11<\/span><img width=\"290\" height=\"230\" src=\"https:\/\/gyoparosfurdo-oroshaza.hu\/wp-content\/uploads\/2012\/04\/Panorama_kilato.jpg\" class=\"lazyload wp-post-image\" alt=\"\" loading=\"lazy\" \/><span class=\"title\">Panoramaturm<\/span><span class=\"text\">Der Panoramaturm ist ein der besonderen Sehensw\u00fcrdigkeiten von orosh\u00e1za bzw. Gyop\u00e1ros-Bad.<\/span><\/a><a href=\"https:\/\/gyoparosfurdo-oroshaza.hu\/de\/programok\/kerekpartura-70-120-km\" title=\"Fahrradtour (70-120 km)\" class=\"topten_grid_item\"><span class=\"number\">12<\/span><img width=\"290\" height=\"230\" src=\"https:\/\/gyoparosfurdo-oroshaza.hu\/wp-content\/uploads\/2012\/05\/39_Kerekpartura_profi.jpg\" class=\"lazyload wp-post-image\" alt=\"\" loading=\"lazy\" \/><span class=\"title\">Fahrradtour (70-120 km)<\/span><span class=\"text\">Auf dieser Seite empfehlen wir die Touren um Orosh\u00e1za den Radfahrern.<\/span><\/a><a href=\"https:\/\/gyoparosfurdo-oroshaza.hu\/de\/programok\/kerekpartura-30-km\" title=\"Fahrradtour\" class=\"topten_grid_item\"><span class=\"number\">13<\/span><img width=\"290\" height=\"230\" src=\"https:\/\/gyoparosfurdo-oroshaza.hu\/wp-content\/uploads\/2012\/04\/Kerekpartura.jpg\" class=\"lazyload wp-post-image\" alt=\"\" loading=\"lazy\" \/><span class=\"title\">Fahrradtour<\/span><span class=\"text\">Obwohl die meiste Radfahrer die h\u00fcgelige, bergige Gel\u00e4nde haben gern, wir machen Reklame f\u00fcr das Radfahren in gleice Gel\u00e4nde.<\/span><\/a><a href=\"https:\/\/gyoparosfurdo-oroshaza.hu\/de\/programok\/paintball\" title=\"Paintball\" class=\"topten_grid_item\"><span class=\"number\">14<\/span><img width=\"290\" height=\"230\" src=\"https:\/\/gyoparosfurdo-oroshaza.hu\/wp-content\/uploads\/2012\/07\/paintball1.jpg\" class=\"lazyload wp-post-image\" alt=\"\" loading=\"lazy\" \/><span class=\"title\">Paintball<\/span><span class=\"text\">Eine gute Unterhaltung oder Corporate Teambuilding, das Paintball ist beide eine gute Wahl.<\/span><\/a><a href=\"https:\/\/gyoparosfurdo-oroshaza.hu\/de\/programok\/hauptplatz-oroshaza\" title=\"Hauptplatz Orosh\u00e1za\" class=\"topten_grid_item\"><span class=\"number\">15<\/span><img width=\"290\" height=\"230\" src=\"https:\/\/gyoparosfurdo-oroshaza.hu\/wp-content\/uploads\/2012\/04\/seta_kiemelt.jpg\" class=\"lazyload wp-post-image\" alt=\"\" loading=\"lazy\" \/><span class=\"title\">Hauptplatz Orosh\u00e1za<\/span><span class=\"text\">Trinken Sie einen Kaffee oder ein Bier auf den neuen Hauptplatz.<\/span><\/a><div class=\"clear\"><\/div><\/div>\n<div class=\"W560\">\n<span class=\"h3\">Im Sommer in Gyop\u00e1ros<\/span><\/p>\n<h2>Wenn Sommer, dann Strandbad- in Gyop\u00e1rosf\u00fcrd\u0151 gibt es riesiges Area, wo man baden , in der Sonne liegen und Sport treiben kann, zum Beispiel Strand-Volleyball, Strand-Handball oder Fussball spielen<\/h2>\n<p>Das Schwimmbad  im  <a href=\"\/de\/programok\/strandolas-gyoparosfurdon\" title=\"Parkbad\">Parkbad<\/a> geeignet f\u00fcr internationale Wettbewerbe, \u00fcbrigens die \u00f6rtliche Schwimmsport und Tauchersport verf\u00fcgen \u00fcber alte Tradition. Das  <a href=\"\/de\/programok\/elmenyfurdozes-gyoparoson\" title=\"Erlebnisbad\">Erlebnisbad<\/a> steht auf mehr als 6000 m\u00b2 auf, und es mit den 3 Freib\u00e4dern und 4 Hallenb\u00e4dern, mit zwei  Riesenrutschen,  mit Wassererlebnis ( Nackenduschmassage, Pilz, Liegemassage , Wasserigel , zahlreiche Strudlein, Hervorbrechungen, Geysers)  wartet auf die G\u00e4ste. <\/p>\n<p>Neben dem Bad stehen zackige, sommerliche ( fr\u00fchlinge, herbstliche) Entspannungen zur Verf\u00fcgung. Wenn man nach eine, gute Tour d\u00fcrstet, kann in Kardosk\u00fat-Pusztak\u00f6zpont wandern, das liegt etwa 8-10 Quadratmeter von Orosh\u00e1za, wo die rare Vogelwelt  <a href=\"\/de\/programok\/kardoskuti-feherto\" title=\"Kardosk\u00fati Feh\u00e9rt\u00f3\">der Feh\u00e9rt\u00f3<\/a> sehen kann, und die Farm der Haustiere. Wer lieber radf\u00e4hrt, die auf aufregende Tour wartet. Obwohl die Radweg-Netzweg nicht so gut ist, die ortliche Verkehrskultur ist sehr tolerant gegen Radf\u00e4hrer.<\/p>\n<p>In den letzten Jahren Oroshaza ist zugegen wie Festivalstadt, die alle Teile des Jahres sind entwedwer Kulturfestival oder Gastrofestival, wie Oroshazer Festival, Oroshazer G\u00e4nseleberfestival, Europ\u00e4ische Brotfest, und die International Wettrennen. Diese Festivalen ziehen viele Menschen in die Stadt des Komitates B\u00e9k\u00e9s.<\/p>\n<h3>Bildgalerie<\/h3>\n\n<div class=\"ngg-galleryoverview\" id=\"ngg-gallery-26-26101\">\n\n\n\t\n\t<!-- Thumbnails -->\n\t\t\n\t<div id=\"ngg-image-198\" class=\"ngg-gallery-thumbnail-box\"  >\n\t\t<div class=\"ngg-gallery-thumbnail\" >\n\t\t\t<a href=\"https:\/\/gyoparosfurdo-oroshaza.hu\/wp-content\/gallery\/nyaron\/nyaron_02.jpg\" title=\"Gyop\u00e1rosi parkf\u00fcrd\u0151\" class=\"thickbox\" rel=\"set_26\" >\n\t\t\t\t\t\t\t\t<img title=\"Gyop\u00e1rosi parkf\u00fcrd\u0151\" alt=\"Gyop\u00e1rosi parkf\u00fcrd\u0151\" src=\"https:\/\/gyoparosfurdo-oroshaza.hu\/wp-content\/gallery\/nyaron\/thumbs\/thumbs_nyaron_02.jpg\" width=\"120\" height=\"95\" \/>\n\t\t\t\t\t\t\t<\/a>\n\t\t<\/div>\n\t<\/div>\n\t\n\t\t\n \t\t\n\t<div id=\"ngg-image-200\" class=\"ngg-gallery-thumbnail-box\"  >\n\t\t<div class=\"ngg-gallery-thumbnail\" >\n\t\t\t<a href=\"https:\/\/gyoparosfurdo-oroshaza.hu\/wp-content\/gallery\/nyaron\/nyaron_04.jpg\" title=\"Gyop\u00e1rosi \u00e9lm\u00e9nymedenc\u00e9k\" class=\"thickbox\" rel=\"set_26\" >\n\t\t\t\t\t\t\t\t<img title=\"Gyop\u00e1rosi \u00e9lm\u00e9nymedenc\u00e9k\" alt=\"Gyop\u00e1rosi \u00e9lm\u00e9nymedenc\u00e9k\" src=\"https:\/\/gyoparosfurdo-oroshaza.hu\/wp-content\/gallery\/nyaron\/thumbs\/thumbs_nyaron_04.jpg\" width=\"120\" height=\"95\" \/>\n\t\t\t\t\t\t\t<\/a>\n\t\t<\/div>\n\t<\/div>\n\t\n\t\t\n \t\t\n\t<div id=\"ngg-image-197\" class=\"ngg-gallery-thumbnail-box\"  >\n\t\t<div class=\"ngg-gallery-thumbnail\" >\n\t\t\t<a href=\"https:\/\/gyoparosfurdo-oroshaza.hu\/wp-content\/gallery\/nyaron\/nyaron_01.jpg\" title=\"50 m\u00e9teres sportmedence a parkf\u00fcrd\u0151ben\" class=\"thickbox\" rel=\"set_26\" >\n\t\t\t\t\t\t\t\t<img title=\"50 m\u00e9teres sportmedence a parkf\u00fcrd\u0151ben\" alt=\"50 m\u00e9teres sportmedence a parkf\u00fcrd\u0151ben\" src=\"https:\/\/gyoparosfurdo-oroshaza.hu\/wp-content\/gallery\/nyaron\/thumbs\/thumbs_nyaron_01.jpg\" width=\"120\" height=\"95\" \/>\n\t\t\t\t\t\t\t<\/a>\n\t\t<\/div>\n\t<\/div>\n\t\n\t\t\n \t\t\n\t<div id=\"ngg-image-1008\" class=\"ngg-gallery-thumbnail-box\"  >\n\t\t<div class=\"ngg-gallery-thumbnail\" >\n\t\t\t<a href=\"https:\/\/gyoparosfurdo-oroshaza.hu\/wp-content\/gallery\/nyaron\/parkfurdo_ugras_allo.jpg\" title=\"50 m\u00e9teres sportmedence a parkf\u00fcrd\u0151ben\" class=\"thickbox\" rel=\"set_26\" >\n\t\t\t\t\t\t\t\t<img title=\"50 m\u00e9teres sportmedence a parkf\u00fcrd\u0151ben\" alt=\"50 m\u00e9teres sportmedence a parkf\u00fcrd\u0151ben\" src=\"https:\/\/gyoparosfurdo-oroshaza.hu\/wp-content\/gallery\/nyaron\/thumbs\/thumbs_parkfurdo_ugras_allo.jpg\" width=\"120\" height=\"95\" \/>\n\t\t\t\t\t\t\t<\/a>\n\t\t<\/div>\n\t<\/div>\n\t\n\t\t\n \t\t\n\t<div id=\"ngg-image-1007\" class=\"ngg-gallery-thumbnail-box\"  >\n\t\t<div class=\"ngg-gallery-thumbnail\" >\n\t\t\t<a href=\"https:\/\/gyoparosfurdo-oroshaza.hu\/wp-content\/gallery\/nyaron\/parkfurdo_rendezveny.jpg\" title=\"Rendezv\u00e9ny a parkf\u00fcrd\u0151ben\" class=\"thickbox\" rel=\"set_26\" >\n\t\t\t\t\t\t\t\t<img title=\"Rendezv\u00e9ny a parkf\u00fcrd\u0151ben\" alt=\"Rendezv\u00e9ny a parkf\u00fcrd\u0151ben\" src=\"https:\/\/gyoparosfurdo-oroshaza.hu\/wp-content\/gallery\/nyaron\/thumbs\/thumbs_parkfurdo_rendezveny.jpg\" width=\"120\" height=\"95\" \/>\n\t\t\t\t\t\t\t<\/a>\n\t\t<\/div>\n\t<\/div>\n\t\n\t\t\n \t\t\n\t<div id=\"ngg-image-1003\" class=\"ngg-gallery-thumbnail-box\"  >\n\t\t<div class=\"ngg-gallery-thumbnail\" >\n\t\t\t<a href=\"https:\/\/gyoparosfurdo-oroshaza.hu\/wp-content\/gallery\/nyaron\/elmenyfurdo_napsutes.jpg\" title=\"A gyop\u00e1rosi \u00e9lm\u00e9nyf\u00fcrd\u0151\" class=\"thickbox\" rel=\"set_26\" >\n\t\t\t\t\t\t\t\t<img title=\"A gyop\u00e1rosi \u00e9lm\u00e9nyf\u00fcrd\u0151\" alt=\"A gyop\u00e1rosi \u00e9lm\u00e9nyf\u00fcrd\u0151\" src=\"https:\/\/gyoparosfurdo-oroshaza.hu\/wp-content\/gallery\/nyaron\/thumbs\/thumbs_elmenyfurdo_napsutes.jpg\" width=\"120\" height=\"95\" \/>\n\t\t\t\t\t\t\t<\/a>\n\t\t<\/div>\n\t<\/div>\n\t\n\t\t\n \t\t\n\t<div id=\"ngg-image-1004\" class=\"ngg-gallery-thumbnail-box\"  >\n\t\t<div class=\"ngg-gallery-thumbnail\" >\n\t\t\t<a href=\"https:\/\/gyoparosfurdo-oroshaza.hu\/wp-content\/gallery\/nyaron\/gyoparosfurdo-gyogyfurdo.jpg\" title=\"A gyop\u00e1rosi gy\u00f3gyf\u00fcrd\u0151\" class=\"thickbox\" rel=\"set_26\" >\n\t\t\t\t\t\t\t\t<img title=\"A gyop\u00e1rosi gy\u00f3gyf\u00fcrd\u0151\" alt=\"A gyop\u00e1rosi gy\u00f3gyf\u00fcrd\u0151\" src=\"https:\/\/gyoparosfurdo-oroshaza.hu\/wp-content\/gallery\/nyaron\/thumbs\/thumbs_gyoparosfurdo-gyogyfurdo.jpg\" width=\"120\" height=\"95\" \/>\n\t\t\t\t\t\t\t<\/a>\n\t\t<\/div>\n\t<\/div>\n\t\n\t\t\n \t\t\n\t<div id=\"ngg-image-1005\" class=\"ngg-gallery-thumbnail-box\"  >\n\t\t<div class=\"ngg-gallery-thumbnail\" >\n\t\t\t<a href=\"https:\/\/gyoparosfurdo-oroshaza.hu\/wp-content\/gallery\/nyaron\/gyoparosfurdo_levegobol.jpg\" title=\"Gyop\u00e1rosf\u00fcrd\u0151 a leveg\u0151b\u0151l\" class=\"thickbox\" rel=\"set_26\" >\n\t\t\t\t\t\t\t\t<img title=\"Gyop\u00e1rosf\u00fcrd\u0151 a leveg\u0151b\u0151l\" alt=\"Gyop\u00e1rosf\u00fcrd\u0151 a leveg\u0151b\u0151l\" src=\"https:\/\/gyoparosfurdo-oroshaza.hu\/wp-content\/gallery\/nyaron\/thumbs\/thumbs_gyoparosfurdo_levegobol.jpg\" width=\"120\" height=\"95\" \/>\n\t\t\t\t\t\t\t<\/a>\n\t\t<\/div>\n\t<\/div>\n\t\n\t\t\n \t\t\n\t<div id=\"ngg-image-201\" class=\"ngg-gallery-thumbnail-box\"  >\n\t\t<div class=\"ngg-gallery-thumbnail\" >\n\t\t\t<a href=\"https:\/\/gyoparosfurdo-oroshaza.hu\/wp-content\/gallery\/nyaron\/nyaron_05.jpg\" title=\"Ny\u00e1ri programok\" class=\"thickbox\" rel=\"set_26\" >\n\t\t\t\t\t\t\t\t<img title=\"Ny\u00e1ri programok\" alt=\"Ny\u00e1ri programok\" src=\"https:\/\/gyoparosfurdo-oroshaza.hu\/wp-content\/gallery\/nyaron\/thumbs\/thumbs_nyaron_05.jpg\" width=\"120\" height=\"95\" \/>\n\t\t\t\t\t\t\t<\/a>\n\t\t<\/div>\n\t<\/div>\n\t\n\t\t\n \t\t\n\t<div id=\"ngg-image-202\" class=\"ngg-gallery-thumbnail-box\"  >\n\t\t<div class=\"ngg-gallery-thumbnail\" >\n\t\t\t<a href=\"https:\/\/gyoparosfurdo-oroshaza.hu\/wp-content\/gallery\/nyaron\/nyaron_06.jpg\" title=\"Ny\u00e1ri programok\" class=\"thickbox\" rel=\"set_26\" >\n\t\t\t\t\t\t\t\t<img title=\"Ny\u00e1ri programok\" alt=\"Ny\u00e1ri programok\" src=\"https:\/\/gyoparosfurdo-oroshaza.hu\/wp-content\/gallery\/nyaron\/thumbs\/thumbs_nyaron_06.jpg\" width=\"120\" height=\"95\" \/>\n\t\t\t\t\t\t\t<\/a>\n\t\t<\/div>\n\t<\/div>\n\t\n\t\t\n \t\t\n\t<div id=\"ngg-image-1006\" class=\"ngg-gallery-thumbnail-box\"  >\n\t\t<div class=\"ngg-gallery-thumbnail\" >\n\t\t\t<a href=\"https:\/\/gyoparosfurdo-oroshaza.hu\/wp-content\/gallery\/nyaron\/oroshaza-foter-2.jpg\" title=\"Orosh\u00e1za meg\u00fajult f\u0151tere\" class=\"thickbox\" rel=\"set_26\" >\n\t\t\t\t\t\t\t\t<img title=\"Orosh\u00e1za meg\u00fajult f\u0151tere\" alt=\"Orosh\u00e1za meg\u00fajult f\u0151tere\" src=\"https:\/\/gyoparosfurdo-oroshaza.hu\/wp-content\/gallery\/nyaron\/thumbs\/thumbs_oroshaza-foter-2.jpg\" width=\"120\" height=\"95\" \/>\n\t\t\t\t\t\t\t<\/a>\n\t\t<\/div>\n\t<\/div>\n\t\n\t\t\n \t\t\n\t<div id=\"ngg-image-1009\" class=\"ngg-gallery-thumbnail-box\"  >\n\t\t<div class=\"ngg-gallery-thumbnail\" >\n\t\t\t<a href=\"https:\/\/gyoparosfurdo-oroshaza.hu\/wp-content\/gallery\/nyaron\/foter_ejszaka.jpg\" title=\"Orosh\u00e1za f\u0151tere \u00e9jjel\" class=\"thickbox\" rel=\"set_26\" >\n\t\t\t\t\t\t\t\t<img title=\"Orosh\u00e1za f\u0151tere \u00e9jjel\" alt=\"Orosh\u00e1za f\u0151tere \u00e9jjel\" src=\"https:\/\/gyoparosfurdo-oroshaza.hu\/wp-content\/gallery\/nyaron\/thumbs\/thumbs_foter_ejszaka.jpg\" width=\"120\" height=\"95\" \/>\n\t\t\t\t\t\t\t<\/a>\n\t\t<\/div>\n\t<\/div>\n\t\n\t\t\n \t\t\n\t<div id=\"ngg-image-204\" class=\"ngg-gallery-thumbnail-box\"  >\n\t\t<div class=\"ngg-gallery-thumbnail\" >\n\t\t\t<a href=\"https:\/\/gyoparosfurdo-oroshaza.hu\/wp-content\/gallery\/nyaron\/nyaron_08.jpg\" title=\"Ny\u00e1ri programok\" class=\"thickbox\" rel=\"set_26\" >\n\t\t\t\t\t\t\t\t<img title=\"Ny\u00e1ri programok\" alt=\"Ny\u00e1ri programok\" src=\"https:\/\/gyoparosfurdo-oroshaza.hu\/wp-content\/gallery\/nyaron\/thumbs\/thumbs_nyaron_08.jpg\" width=\"120\" height=\"95\" \/>\n\t\t\t\t\t\t\t<\/a>\n\t\t<\/div>\n\t<\/div>\n\t\n\t\t\n \t\t\n\t<div id=\"ngg-image-205\" class=\"ngg-gallery-thumbnail-box\"  >\n\t\t<div class=\"ngg-gallery-thumbnail\" >\n\t\t\t<a href=\"https:\/\/gyoparosfurdo-oroshaza.hu\/wp-content\/gallery\/nyaron\/nyaron_09.jpg\" title=\"Ny\u00e1ri programok\" class=\"thickbox\" rel=\"set_26\" >\n\t\t\t\t\t\t\t\t<img title=\"Ny\u00e1ri programok\" alt=\"Ny\u00e1ri programok\" src=\"https:\/\/gyoparosfurdo-oroshaza.hu\/wp-content\/gallery\/nyaron\/thumbs\/thumbs_nyaron_09.jpg\" width=\"120\" height=\"95\" \/>\n\t\t\t\t\t\t\t<\/a>\n\t\t<\/div>\n\t<\/div>\n\t\n\t\t\n \t\t\n\t<div id=\"ngg-image-206\" class=\"ngg-gallery-thumbnail-box\"  >\n\t\t<div class=\"ngg-gallery-thumbnail\" >\n\t\t\t<a href=\"https:\/\/gyoparosfurdo-oroshaza.hu\/wp-content\/gallery\/nyaron\/nyaron_10.jpg\" title=\"Ny\u00e1ri programok\" class=\"thickbox\" rel=\"set_26\" >\n\t\t\t\t\t\t\t\t<img title=\"Ny\u00e1ri programok\" alt=\"Ny\u00e1ri programok\" src=\"https:\/\/gyoparosfurdo-oroshaza.hu\/wp-content\/gallery\/nyaron\/thumbs\/thumbs_nyaron_10.jpg\" width=\"120\" height=\"95\" \/>\n\t\t\t\t\t\t\t<\/a>\n\t\t<\/div>\n\t<\/div>\n\t\n\t\t\n \t\t\n\t<div id=\"ngg-image-207\" class=\"ngg-gallery-thumbnail-box\"  >\n\t\t<div class=\"ngg-gallery-thumbnail\" >\n\t\t\t<a href=\"https:\/\/gyoparosfurdo-oroshaza.hu\/wp-content\/gallery\/nyaron\/nyaron_11.jpg\" title=\"Ny\u00e1ri programok\" class=\"thickbox\" rel=\"set_26\" >\n\t\t\t\t\t\t\t\t<img title=\"Ny\u00e1ri programok\" alt=\"Ny\u00e1ri programok\" src=\"https:\/\/gyoparosfurdo-oroshaza.hu\/wp-content\/gallery\/nyaron\/thumbs\/thumbs_nyaron_11.jpg\" width=\"120\" height=\"95\" \/>\n\t\t\t\t\t\t\t<\/a>\n\t\t<\/div>\n\t<\/div>\n\t\n\t\t\n \t \t\n\t<!-- Pagination -->\n \t<div class='ngg-clear'><\/div>\n \t\n<\/div>\n\n<\/div>\n","protected":false},"excerpt":{"rendered":"<p>Im Sommer in Gyop\u00e1ros Wenn Sommer, dann Strandbad- in Gyop\u00e1rosf\u00fcrd\u0151 gibt es riesiges Area, wo man baden , in der Sonne liegen und Sport treiben kann, zum Beispiel Strand-Volleyball, Strand-Handball oder Fussball spielen Das Schwimmbad im Parkbad geeignet f\u00fcr internationale &hellip; <a href=\"https:\/\/gyoparosfurdo-oroshaza.hu\/de\/programme\/im-sommer\">Folytat\u00e1s <span class=\"meta-nav\">&rarr;<\/span><\/a><\/p>\n","protected":false},"author":6,"featured_media":0,"parent":26025,"menu_order":0,"comment_status":"closed","ping_status":"closed","template":"","meta":[],"_links":{"self":[{"href":"https:\/\/gyoparosfurdo-oroshaza.hu\/de\/wp-json\/wp\/v2\/pages\/26101"}],"collection":[{"href":"https:\/\/gyoparosfurdo-oroshaza.hu\/de\/wp-json\/wp\/v2\/pages"}],"about":[{"href":"https:\/\/gyoparosfurdo-oroshaza.hu\/de\/wp-json\/wp\/v2\/types\/page"}],"author":[{"embeddable":true,"href":"https:\/\/gyoparosfurdo-oroshaza.hu\/de\/wp-json\/wp\/v2\/users\/6"}],"replies":[{"embeddable":true,"href":"https:\/\/gyoparosfurdo-oroshaza.hu\/de\/wp-json\/wp\/v2\/comments?post=26101"}],"version-history":[{"count":0,"href":"https:\/\/gyoparosfurdo-oroshaza.hu\/de\/wp-json\/wp\/v2\/pages\/26101\/revisions"}],"up":[{"embeddable":true,"href":"https:\/\/gyoparosfurdo-oroshaza.hu\/de\/wp-json\/wp\/v2\/pages\/26025"}],"wp:attachment":[{"href":"https:\/\/gyoparosfurdo-oroshaza.hu\/de\/wp-json\/wp\/v2\/media?parent=26101"}],"curies":[{"name":"wp","href":"https:\/\/api.w.org\/{rel}","templated":true}]}}