{"id":26088,"date":"2012-04-13T12:14:20","date_gmt":"2012-04-13T10:14:20","guid":{"rendered":"https:\/\/gyoparosfurdo-oroshaza.hu\/fuer-kulturfans"},"modified":"2012-04-13T12:14:20","modified_gmt":"2012-04-13T11:14:20","slug":"fuer-kulturfans","status":"publish","type":"page","link":"https:\/\/gyoparosfurdo-oroshaza.hu\/de\/programme\/fuer-kulturfans","title":{"rendered":"F\u00fcr Kulturfans"},"content":{"rendered":"<div class=\"topten_grid_container topten_page\"><div class=\"topten_grid_item\"><span class=\"h3\">Top Programme<\/span><a href=\"\/de\/programme\/im-sommer\" class=\"topten_im-sommer first\">Im Sommer &raquo;<\/a><a href=\"\/de\/programme\/1-tag\" class=\"topten_1-tag\">Auf ein Tag &raquo;<\/a><a href=\"\/de\/programme\/fuer-fahrraeder\" class=\"topten_fuer-fahrraeder first\">F\u00fcr Fahrr\u00e4der &raquo;<\/a><a href=\"\/de\/programme\/fuer-wochenende\" class=\"topten_fuer-wochenende\">Wochenende &raquo;<\/a><a href=\"\/de\/programme\/im-winter\" class=\"topten_im-winter first\">Im Winter &raquo;<\/a><a href=\"\/de\/programme\/fuer-jugend\" class=\"topten_fuer-jugend\">F\u00fcr Jugend &raquo;<\/a><a href=\"\/de\/programme\/fuer-paare\" class=\"topten_fuer-paare first\">F\u00fcr Paare &raquo;<\/a><a href=\"\/de\/programme\/mit-dem-auto\" class=\"topten_mit-dem-auto\">Mit dem Auto &raquo;<\/a><a href=\"\/de\/programme\/fuer-kulturfans\" class=\"topten_fuer-kulturfans first active\">F\u00fcr Kulturfans &raquo;<\/a><a href=\"\/de\/programme\/1-woche\" class=\"topten_1-woche\">Auf eine Woche &raquo;<\/a><a href=\"\/de\/programme\/fuer-angeln\" class=\"topten_fuer-angeln first\">F\u00fcr Angeln &raquo;<\/a><a href=\"\/de\/programme\/fuer-photographer\" class=\"topten_fuer-photographer\">F\u00fcr Photographer &raquo;<\/a><a href=\"\/de\/programme\/fuer-sportfans\" class=\"topten_fuer-sportfans first\">F\u00fcr Sportfans &raquo;<\/a><a href=\"\/de\/programme\/fuer-familien\" class=\"topten_fuer-familien\">F\u00fcr Familien &raquo;<\/a><\/div><a href=\"https:\/\/gyoparosfurdo-oroshaza.hu\/de\/programok\/strandolas-gyoparosfurdon\" title=\"Baden in Gyop\u00e1rosf\u00fcrd\u0151\" class=\"topten_grid_item\"><span class=\"number\">1<\/span><img width=\"290\" height=\"230\" src=\"https:\/\/gyoparosfurdo-oroshaza.hu\/wp-content\/uploads\/2012\/04\/Strandol\u00e1s_gyoparosfurdon.jpg\" class=\"lazyload wp-post-image\" alt=\"\" loading=\"lazy\" \/><span class=\"title\">Baden in Gyop\u00e1rosf\u00fcrd\u0151<\/span><span class=\"text\">Das Gyop\u00e1ros Badkomlexum ist als \u201eder Mekka\u201d von Strandbadens\u00fcchtigen bekannt.<\/span><\/a><a href=\"https:\/\/gyoparosfurdo-oroshaza.hu\/de\/programok\/darvas-jozsef-emlekhaz\" title=\"Gedenkhaus Darvas\" class=\"topten_grid_item\"><span class=\"number\">2<\/span><img width=\"290\" height=\"230\" src=\"https:\/\/gyoparosfurdo-oroshaza.hu\/wp-content\/uploads\/2012\/04\/17_Darvas_emlekhaz.jpg\" class=\"lazyload wp-post-image\" alt=\"\" loading=\"lazy\" \/><span class=\"title\">Gedenkhaus Darvas<\/span><span class=\"text\">Ein ber\u00fchmter Sohn der Stadt im vorigen Jahrhundert ist J\u00f3zsef Darvas, der popul\u00e4rer Strifsteller.<\/span><\/a><a href=\"https:\/\/gyoparosfurdo-oroshaza.hu\/de\/programok\/varosi-keptar\" title=\"St\u00e4dtliche Bildgalerie\" class=\"topten_grid_item\"><span class=\"number\">3<\/span><img width=\"290\" height=\"230\" src=\"https:\/\/gyoparosfurdo-oroshaza.hu\/wp-content\/uploads\/2012\/04\/Varosi_keptar.jpg\" class=\"lazyload wp-post-image\" alt=\"\" loading=\"lazy\" \/><span class=\"title\">St\u00e4dtliche Bildgalerie<\/span><span class=\"text\">F\u00fcr Begeisternden der Bildendekunst ist die Bildergalerie  ein wichtige Station in Orosh\u00e1za.<\/span><\/a><a href=\"https:\/\/gyoparosfurdo-oroshaza.hu\/de\/programok\/kutmuzeum\" title=\"Brunnenmuseum\" class=\"topten_grid_item\"><span class=\"number\">4<\/span><img width=\"290\" height=\"230\" src=\"https:\/\/gyoparosfurdo-oroshaza.hu\/wp-content\/uploads\/2012\/04\/18_Kutmuzeum.jpg\" class=\"lazyload wp-post-image\" alt=\"\" loading=\"lazy\" \/><span class=\"title\">Brunnenmuseum<\/span><span class=\"text\">Eine von der Sonnderheiten der Stadt ist das in dem ganzen Land einzigartige Brunnenmuseum.<\/span><\/a><a href=\"https:\/\/gyoparosfurdo-oroshaza.hu\/de\/programok\/panorama-kilato\" title=\"Panoramaturm\" class=\"topten_grid_item\"><span class=\"number\">5<\/span><img width=\"290\" height=\"230\" src=\"https:\/\/gyoparosfurdo-oroshaza.hu\/wp-content\/uploads\/2012\/04\/Panorama_kilato.jpg\" class=\"lazyload wp-post-image\" alt=\"\" loading=\"lazy\" \/><span class=\"title\">Panoramaturm<\/span><span class=\"text\">Der Panoramaturm ist ein der besonderen Sehensw\u00fcrdigkeiten von orosh\u00e1za bzw. Gyop\u00e1ros-Bad.<\/span><\/a><a href=\"https:\/\/gyoparosfurdo-oroshaza.hu\/de\/programok\/tortenelmi-emlekpark\" title=\"Historischer Memorialpark\" class=\"topten_grid_item\"><span class=\"number\">6<\/span><img width=\"290\" height=\"230\" src=\"https:\/\/gyoparosfurdo-oroshaza.hu\/wp-content\/uploads\/2012\/04\/Tortenelmi_Emlekpark.jpg\" class=\"lazyload wp-post-image\" alt=\"\" loading=\"lazy\" \/><span class=\"title\">Historischer Memorialpark<\/span><span class=\"text\">Obwohl eher hat der Skulpturpark in orosh\u00e1za ernsten gesellschaftichen Debatte, wurde der Park f\u00fcr heute schon ein sehr deutlicher Teil des Stadtlebens.<\/span><\/a><a href=\"https:\/\/gyoparosfurdo-oroshaza.hu\/de\/programok\/oroshazi-szobortura\" title=\"Statuentor\" class=\"topten_grid_item\"><span class=\"number\">7<\/span><img width=\"290\" height=\"230\" src=\"https:\/\/gyoparosfurdo-oroshaza.hu\/wp-content\/uploads\/2012\/04\/Oroshazi_szobortura.jpg\" class=\"lazyload wp-post-image\" alt=\"\" loading=\"lazy\" \/><span class=\"title\">Statuentor<\/span><span class=\"text\">Fangen wir mal unser Statuentour auf dem Vilmos Gy\u0151ri Platz.<\/span><\/a><a href=\"https:\/\/gyoparosfurdo-oroshaza.hu\/de\/programok\/gellertegyhaza-tortenelmi-park\" title=\"Gell\u00e9rtegyh\u00e1za: der historischer Park\" class=\"topten_grid_item\"><span class=\"number\">8<\/span><img width=\"290\" height=\"230\" src=\"https:\/\/gyoparosfurdo-oroshaza.hu\/wp-content\/uploads\/2012\/11\/gell.jpg\" class=\"lazyload wp-post-image\" alt=\"\" loading=\"lazy\" \/><span class=\"title\">Gell\u00e9rtegyh\u00e1za: der historischer Park<\/span><span class=\"text\">Der Park wird das historisches Ungarn und das Ungartum bekanntmachen.<\/span><\/a><a href=\"https:\/\/gyoparosfurdo-oroshaza.hu\/de\/programok\/opusztaszeri-emlekpark\" title=\"[:hu]\u00d3pusztaszeri Eml\u00e9kpark[:en]\u00d3pusztaszeri Memorial Park [:ro]Parcul Memorial din \u00d3pusztaszer\" class=\"topten_grid_item\"><span class=\"number\">9<\/span><img width=\"290\" height=\"230\" src=\"https:\/\/gyoparosfurdo-oroshaza.hu\/wp-content\/uploads\/2012\/11\/opusz.jpg\" class=\"lazyload wp-post-image\" alt=\"\" loading=\"lazy\" \/><span class=\"title\">[:hu]\u00d3pusztaszeri Eml\u00e9kpark[:en]\u00d3pusztaszeri Memorial Park [:ro]Parcul Memorial din \u00d3pusztaszer<\/span><span class=\"text\"><\/span><\/a><a href=\"https:\/\/gyoparosfurdo-oroshaza.hu\/de\/programok\/hudak-csalad-keziszovomuhelye\" title=\"[:hu]Hud\u00e1k csal\u00e1d k\u00e9zisz\u00f6v\u0151m\u0171helye[:en]Hand weavery \u2013 workshop owned by Hud\u00e1k family [:ro]Atelier de \u021besut al familiei Hud\u00e1k\" class=\"topten_grid_item\"><span class=\"number\">10<\/span><img width=\"290\" height=\"230\" src=\"https:\/\/gyoparosfurdo-oroshaza.hu\/wp-content\/uploads\/2012\/11\/szovo.jpg\" class=\"lazyload wp-post-image\" alt=\"\" loading=\"lazy\" \/><span class=\"title\">[:hu]Hud\u00e1k csal\u00e1d k\u00e9zisz\u00f6v\u0151m\u0171helye[:en]Hand weavery \u2013 workshop owned by Hud\u00e1k family [:ro]Atelier de \u021besut al familiei Hud\u00e1k<\/span><span class=\"text\"><\/span><\/a><a href=\"https:\/\/gyoparosfurdo-oroshaza.hu\/de\/programok\/szlovak-tajjellegu-tanya\" title=\"[:hu]Szlov\u00e1k t\u00e1jjelleg\u0171 tanya[:en]Traditional Slovak farm [:ro]Ferm\u0103 tradi\u021bional\u0103 slovac\u0103\" class=\"topten_grid_item\"><span class=\"number\">11<\/span><img width=\"290\" height=\"230\" src=\"https:\/\/gyoparosfurdo-oroshaza.hu\/wp-content\/uploads\/2012\/11\/ger.jpg\" class=\"lazyload wp-post-image\" alt=\"\" loading=\"lazy\" \/><span class=\"title\">[:hu]Szlov\u00e1k t\u00e1jjelleg\u0171 tanya[:en]Traditional Slovak farm [:ro]Ferm\u0103 tradi\u021bional\u0103 slovac\u0103<\/span><span class=\"text\"><\/span><\/a><a href=\"https:\/\/gyoparosfurdo-oroshaza.hu\/de\/programok\/oroshazi-sajtkeszito-muhely\" title=\"[:hu]Orosh\u00e1zi sajtk\u00e9sz\u00edt\u0151 m\u0171hely[:en]Cheese manufacturing workshop at Orosh\u00e1za[:ro]Un produc\u0103tor local de br\u00e2nz\u0103\" class=\"topten_grid_item\"><span class=\"number\">12<\/span><img width=\"290\" height=\"230\" src=\"https:\/\/gyoparosfurdo-oroshaza.hu\/wp-content\/uploads\/2012\/11\/sajt.jpg\" class=\"lazyload wp-post-image\" alt=\"\" loading=\"lazy\" \/><span class=\"title\">[:hu]Orosh\u00e1zi sajtk\u00e9sz\u00edt\u0151 m\u0171hely[:en]Cheese manufacturing workshop at Orosh\u00e1za[:ro]Un produc\u0103tor local de br\u00e2nz\u0103<\/span><span class=\"text\"><\/span><\/a><div class=\"clear\"><\/div><\/div>\n<div class=\"W560\"><span class=\"h3\">Vielfaerbige Stadt, vielfaerbige Kultur<\/span><\/p>\n<h2>Orosh\u00e1za hat deutliche kulturelle Traditionen, vor allem auf dem Bereich der Musik und Bildendekunst, aber auch die literalischen Traditionen sind ganz stark.<\/h2>\n<p>Alle diese werden durch das Einrichtungssystem des \u00f6rtlichen Kulturlebens reflektiert. Nat\u00fcrlich nicht nur die Vergangenheit, sondern auch die kulturellen  Draenge der j\u00fcngsten Vergangenheit so wie der Gegenwahrt sin im kulturellen Angebot der Stadt zu finden.<\/p>\n<p>Schauen wir mal  die wichtigsten Werke an dem \u00f6ffentlichen Platz an: Der historische Denkmalpark befindet sich auf dem Platz vor dem Gymnasium seit schon fast 20 Jahren.In der Mitte des Satetuenparks ist die Figur von einer weinenden Frau, der Tor des Schmerzens\u201d zu sehen.  In dem Denkmalpark, in cronologischer Folgenreihe die meistbedeutenden Jahreszahlen der Geschichte der Stadt bzw. Ungarns sind durch rustischen, nonfigurativen Steinbl\u00f6cke symbolosiert.<\/p>\n<p>Der Weg zu der B\u00fcste von dem Stefan der Heiligen dauert ca. Eine Minute hin, die sich auf dem Gy\u0151ri Vilmos Platz befindet. Die Skulptur wurde von dem Bildhauer, in Orosh\u00e1za geborenen L\u00e1szl\u00f3 Rajki gemacht. Die ber\u00fchmte Statuen von Kossuth Lajos wurde von J\u00e1nos Horvay gemacht und von L\u00e1szl\u00f3 Rajki restauriert. Wir bieten dem Besucher noch die Statuen von T\u00e1ncsics, Sz\u00e1nt\u00f3 Kov\u00e1cs J\u00e1nos und die Statuen von Pet\u0151fi und E\u00f6tv\u00f6s zu sehen bzw. auch wird die Statue von den Helden empfohlen anzuschauen.<\/p>\n<p>Die kulturelle Zentrale der Stadt ist <a title=\"Kulturzentrum Pet\u0151fi\" href=\"http:\/\/www.pmk.oroshaza.hu\/\" target=\"_blank\" rel=\"noopener noreferrer\" rel=\"noopener\">das Kulturzentrum Pet\u0151fi<\/a>, dessen Experten nicht nur Programme veranstalten, sondern sie geben auch den Werkstaetten der \u00f6rtlichen k\u00fcnstlerischen Vereine  Platz. Regelmaessige Musik,-Bildendekunst,-und Literaturprogramme warten auf die Aufgeschlossenen, aber auch auf \u00f6ffentlichen Plaetzen sind sie da, wie z.B.: in dem Haus der K\u00fcnste, so wie auch auf Platz der verschiedenen Festivale, die von Fr\u00fchling bis Herbs veranstaltet werden Ebenda befindet es sich die Bibliotheke der Stadt, wo es,  ausser den saemtlchen Aufgaben, Schriftsteller-Lesertreffen, Podiumsgespraeche veranstaltet werden, mit ihrem Namen ist die Landserfolg, so gar internationalen Erfolg erzielte Aktion, heisst, \u201eVerlier ein Buch\u201d.<\/p>\n<p>Die jungen  Experten des <a href=\"https:\/\/gyoparosfurdo-oroshaza.hu\/de\/programok\/nagy-gyula-muzeum\" title=\"Gyula Nagy Museum\">Gyula Nagy Museums<\/a> geben, neben der Darstellung der traditionellen Vergangenheit, auch den verschiedenen modernen Ausstellungen statt, deshalb wurde das Museum als \u00fcberregionalwesie gezeichneter Platz in den vergangenen Jahren. Ebenso wird auch <a title=\"das\u00a0Darvas J\u00f3zsef Musem\" href=\"\/de\/programok\/darvas-jozsef-emlekhaz\">das\u00a0Darvas J\u00f3zsef Musem<\/a> geboten, wo die Nachlassenschaft von vor 100 Jahren in Orosh\u00e1za geborenen und erwachsenen Volksschriftsteller, bzw. Minister bewahrt ist.<\/p>\n<h3>Bildgalerie<\/h3>\n\n<div class=\"ngg-galleryoverview\" id=\"ngg-gallery-23-26088\">\n\n\n\t\n\t<!-- Thumbnails -->\n\t\t\n\t<div id=\"ngg-image-169\" class=\"ngg-gallery-thumbnail-box\"  >\n\t\t<div class=\"ngg-gallery-thumbnail\" >\n\t\t\t<a href=\"https:\/\/gyoparosfurdo-oroshaza.hu\/wp-content\/gallery\/kultura\/kultura_1.jpg\" title=\"Sz\u00e1nt\u00f3-Kov\u00e1cs J\u00e1nos m\u00fazeum\" class=\"thickbox\" rel=\"set_23\" >\n\t\t\t\t\t\t\t\t<img title=\"Sz\u00e1nt\u00f3-Kov\u00e1cs J\u00e1nos m\u00fazeum\" alt=\"Sz\u00e1nt\u00f3-Kov\u00e1cs J\u00e1nos m\u00fazeum\" src=\"https:\/\/gyoparosfurdo-oroshaza.hu\/wp-content\/gallery\/kultura\/thumbs\/thumbs_kultura_1.jpg\" width=\"120\" height=\"95\" \/>\n\t\t\t\t\t\t\t<\/a>\n\t\t<\/div>\n\t<\/div>\n\t\n\t\t\n \t\t\n\t<div id=\"ngg-image-170\" class=\"ngg-gallery-thumbnail-box\"  >\n\t\t<div class=\"ngg-gallery-thumbnail\" >\n\t\t\t<a href=\"https:\/\/gyoparosfurdo-oroshaza.hu\/wp-content\/gallery\/kultura\/kultura_2.jpg\" title=\"Darvas J\u00f3zsef eml\u00e9kh\u00e1z\" class=\"thickbox\" rel=\"set_23\" >\n\t\t\t\t\t\t\t\t<img title=\"Darvas J\u00f3zsef eml\u00e9kh\u00e1z\" alt=\"Darvas J\u00f3zsef eml\u00e9kh\u00e1z\" src=\"https:\/\/gyoparosfurdo-oroshaza.hu\/wp-content\/gallery\/kultura\/thumbs\/thumbs_kultura_2.jpg\" width=\"120\" height=\"95\" \/>\n\t\t\t\t\t\t\t<\/a>\n\t\t<\/div>\n\t<\/div>\n\t\n\t\t\n \t\t\n\t<div id=\"ngg-image-171\" class=\"ngg-gallery-thumbnail-box\"  >\n\t\t<div class=\"ngg-gallery-thumbnail\" >\n\t\t\t<a href=\"https:\/\/gyoparosfurdo-oroshaza.hu\/wp-content\/gallery\/kultura\/kultura_3.jpg\" title=\"Orosh\u00e1zi v\u00e1rosi k\u00f6nyvt\u00e1r\" class=\"thickbox\" rel=\"set_23\" >\n\t\t\t\t\t\t\t\t<img title=\"Orosh\u00e1zi v\u00e1rosi k\u00f6nyvt\u00e1r\" alt=\"Orosh\u00e1zi v\u00e1rosi k\u00f6nyvt\u00e1r\" src=\"https:\/\/gyoparosfurdo-oroshaza.hu\/wp-content\/gallery\/kultura\/thumbs\/thumbs_kultura_3.jpg\" width=\"120\" height=\"95\" \/>\n\t\t\t\t\t\t\t<\/a>\n\t\t<\/div>\n\t<\/div>\n\t\n\t\t\n \t\t\n\t<div id=\"ngg-image-172\" class=\"ngg-gallery-thumbnail-box\"  >\n\t\t<div class=\"ngg-gallery-thumbnail\" >\n\t\t\t<a href=\"https:\/\/gyoparosfurdo-oroshaza.hu\/wp-content\/gallery\/kultura\/kultura_4.jpg\" title=\"Pet\u0151fi M\u0171vel\u0151d\u00e9si K\u00f6zpont\" class=\"thickbox\" rel=\"set_23\" >\n\t\t\t\t\t\t\t\t<img title=\"Pet\u0151fi M\u0171vel\u0151d\u00e9si K\u00f6zpont\" alt=\"Pet\u0151fi M\u0171vel\u0151d\u00e9si K\u00f6zpont\" src=\"https:\/\/gyoparosfurdo-oroshaza.hu\/wp-content\/gallery\/kultura\/thumbs\/thumbs_kultura_4.jpg\" width=\"120\" height=\"95\" \/>\n\t\t\t\t\t\t\t<\/a>\n\t\t<\/div>\n\t<\/div>\n\t\n\t\t\n \t \t\n\t<!-- Pagination -->\n \t<div class='ngg-clear'><\/div>\n \t\n<\/div>\n\n\n<\/div>\n","protected":false},"excerpt":{"rendered":"<p>Vielfaerbige Stadt, vielfaerbige Kultur Orosh\u00e1za hat deutliche kulturelle Traditionen, vor allem auf dem Bereich der Musik und Bildendekunst, aber auch die literalischen Traditionen sind ganz stark. Alle diese werden durch das Einrichtungssystem des \u00f6rtlichen Kulturlebens reflektiert. Nat\u00fcrlich nicht nur die &hellip; <a href=\"https:\/\/gyoparosfurdo-oroshaza.hu\/de\/programme\/fuer-kulturfans\">Folytat\u00e1s <span class=\"meta-nav\">&rarr;<\/span><\/a><\/p>\n","protected":false},"author":6,"featured_media":0,"parent":26025,"menu_order":0,"comment_status":"closed","ping_status":"closed","template":"","meta":[],"_links":{"self":[{"href":"https:\/\/gyoparosfurdo-oroshaza.hu\/de\/wp-json\/wp\/v2\/pages\/26088"}],"collection":[{"href":"https:\/\/gyoparosfurdo-oroshaza.hu\/de\/wp-json\/wp\/v2\/pages"}],"about":[{"href":"https:\/\/gyoparosfurdo-oroshaza.hu\/de\/wp-json\/wp\/v2\/types\/page"}],"author":[{"embeddable":true,"href":"https:\/\/gyoparosfurdo-oroshaza.hu\/de\/wp-json\/wp\/v2\/users\/6"}],"replies":[{"embeddable":true,"href":"https:\/\/gyoparosfurdo-oroshaza.hu\/de\/wp-json\/wp\/v2\/comments?post=26088"}],"version-history":[{"count":0,"href":"https:\/\/gyoparosfurdo-oroshaza.hu\/de\/wp-json\/wp\/v2\/pages\/26088\/revisions"}],"up":[{"embeddable":true,"href":"https:\/\/gyoparosfurdo-oroshaza.hu\/de\/wp-json\/wp\/v2\/pages\/26025"}],"wp:attachment":[{"href":"https:\/\/gyoparosfurdo-oroshaza.hu\/de\/wp-json\/wp\/v2\/media?parent=26088"}],"curies":[{"name":"wp","href":"https:\/\/api.w.org\/{rel}","templated":true}]}}