{"id":26084,"date":"2012-04-13T12:13:54","date_gmt":"2012-04-13T10:13:54","guid":{"rendered":"https:\/\/gyoparosfurdo-oroshaza.hu\/fuer-fahrraeder"},"modified":"2012-04-13T12:13:54","modified_gmt":"2012-04-13T11:13:54","slug":"fuer-fahrraeder","status":"publish","type":"page","link":"https:\/\/gyoparosfurdo-oroshaza.hu\/de\/programme\/fuer-fahrraeder","title":{"rendered":"F\u00fcr Fahrr\u00e4der"},"content":{"rendered":"<div class=\"topten_grid_container topten_page\"><div class=\"topten_grid_item\"><span class=\"h3\">Top Programme<\/span><a href=\"\/de\/programme\/fuer-sportfans\" class=\"topten_fuer-sportfans first\">F\u00fcr Sportfans &raquo;<\/a><a href=\"\/de\/programme\/fuer-familien\" class=\"topten_fuer-familien\">F\u00fcr Familien &raquo;<\/a><a href=\"\/de\/programme\/im-sommer\" class=\"topten_im-sommer first\">Im Sommer &raquo;<\/a><a href=\"\/de\/programme\/1-tag\" class=\"topten_1-tag\">Auf ein Tag &raquo;<\/a><a href=\"\/de\/programme\/fuer-fahrraeder\" class=\"topten_fuer-fahrraeder first active\">F\u00fcr Fahrr\u00e4der &raquo;<\/a><a href=\"\/de\/programme\/fuer-wochenende\" class=\"topten_fuer-wochenende\">Wochenende &raquo;<\/a><a href=\"\/de\/programme\/im-winter\" class=\"topten_im-winter first\">Im Winter &raquo;<\/a><a href=\"\/de\/programme\/fuer-jugend\" class=\"topten_fuer-jugend\">F\u00fcr Jugend &raquo;<\/a><a href=\"\/de\/programme\/fuer-paare\" class=\"topten_fuer-paare first\">F\u00fcr Paare &raquo;<\/a><a href=\"\/de\/programme\/mit-dem-auto\" class=\"topten_mit-dem-auto\">Mit dem Auto &raquo;<\/a><a href=\"\/de\/programme\/fuer-kulturfans\" class=\"topten_fuer-kulturfans first\">F\u00fcr Kulturfans &raquo;<\/a><a href=\"\/de\/programme\/1-woche\" class=\"topten_1-woche\">Auf eine Woche &raquo;<\/a><a href=\"\/de\/programme\/fuer-angeln\" class=\"topten_fuer-angeln first\">F\u00fcr Angeln &raquo;<\/a><a href=\"\/de\/programme\/fuer-photographer\" class=\"topten_fuer-photographer\">F\u00fcr Photographer &raquo;<\/a><\/div><a href=\"https:\/\/gyoparosfurdo-oroshaza.hu\/de\/programok\/szabadkigyos\" title=\"Szabadk\u00edgy\u00f3s\" class=\"topten_grid_item\"><span class=\"number\">1<\/span><img width=\"290\" height=\"230\" src=\"https:\/\/gyoparosfurdo-oroshaza.hu\/wp-content\/uploads\/2012\/04\/Szabadkigyos.jpg\" class=\"lazyload wp-post-image\" alt=\"\" loading=\"lazy\" \/><span class=\"title\">Szabadk\u00edgy\u00f3s<\/span><span class=\"text\">Szabadk\u00edgy\u00f3s ist eine kleine Gemeinde mit kaum 3,000 Einwohner nach S\u00fcden von B\u00e9k\u00e9scsaba.<\/span><\/a><a href=\"https:\/\/gyoparosfurdo-oroshaza.hu\/de\/programok\/strandolas-gyoparosfurdon\" title=\"Baden in Gyop\u00e1rosf\u00fcrd\u0151\" class=\"topten_grid_item\"><span class=\"number\">2<\/span><img width=\"290\" height=\"230\" src=\"https:\/\/gyoparosfurdo-oroshaza.hu\/wp-content\/uploads\/2012\/04\/Strandol\u00e1s_gyoparosfurdon.jpg\" class=\"lazyload wp-post-image\" alt=\"\" loading=\"lazy\" \/><span class=\"title\">Baden in Gyop\u00e1rosf\u00fcrd\u0151<\/span><span class=\"text\">Das Gyop\u00e1ros Badkomlexum ist als \u201eder Mekka\u201d von Strandbadens\u00fcchtigen bekannt.<\/span><\/a><a href=\"https:\/\/gyoparosfurdo-oroshaza.hu\/de\/programok\/oroshazi-szobortura\" title=\"Statuentor\" class=\"topten_grid_item\"><span class=\"number\">3<\/span><img width=\"290\" height=\"230\" src=\"https:\/\/gyoparosfurdo-oroshaza.hu\/wp-content\/uploads\/2012\/04\/Oroshazi_szobortura.jpg\" class=\"lazyload wp-post-image\" alt=\"\" loading=\"lazy\" \/><span class=\"title\">Statuentor<\/span><span class=\"text\">Fangen wir mal unser Statuentour auf dem Vilmos Gy\u0151ri Platz.<\/span><\/a><a href=\"https:\/\/gyoparosfurdo-oroshaza.hu\/de\/programok\/kardoskuti-feherto\" title=\"Weisser-See in Kardosk\u00fat\" class=\"topten_grid_item\"><span class=\"number\">4<\/span><img width=\"290\" height=\"230\" src=\"https:\/\/gyoparosfurdo-oroshaza.hu\/wp-content\/uploads\/2012\/04\/24_Kardoskuti_feher_to.jpg\" class=\"lazyload wp-post-image\" alt=\"\" loading=\"lazy\" \/><span class=\"title\">Weisser-See in Kardosk\u00fat<\/span><span class=\"text\">Der Feh\u00e9rt\u00f3(Weisser-See) in Kardosk\u00fat ist auch ein unausl\u00e4sslicher Reiseziel f\u00fcr den, der den Urlaub in Orosh\u00e1za oder in der Umgebung verbringt.<\/span><\/a><a href=\"https:\/\/gyoparosfurdo-oroshaza.hu\/de\/programok\/tatarsanc\" title=\"Tatarenschanze\" class=\"topten_grid_item\"><span class=\"number\">5<\/span><img width=\"290\" height=\"230\" src=\"https:\/\/gyoparosfurdo-oroshaza.hu\/wp-content\/uploads\/2012\/04\/Tatarsanc.jpg\" class=\"lazyload wp-post-image\" alt=\"\" loading=\"lazy\" \/><span class=\"title\">Tatarenschanze<\/span><span class=\"text\">Die Urrasenflaeche am Tat\u00e1rs\u00e1nc \u201eTatarenschanze\u201d an der Grenze zwischen Orosh\u00e1za  und Pusztaf\u00f6ldv\u00e1r.<\/span><\/a><a href=\"https:\/\/gyoparosfurdo-oroshaza.hu\/de\/programok\/kerekpartura-70-120-km\" title=\"Fahrradtour (70-120 km)\" class=\"topten_grid_item\"><span class=\"number\">6<\/span><img width=\"290\" height=\"230\" src=\"https:\/\/gyoparosfurdo-oroshaza.hu\/wp-content\/uploads\/2012\/05\/39_Kerekpartura_profi.jpg\" class=\"lazyload wp-post-image\" alt=\"\" loading=\"lazy\" \/><span class=\"title\">Fahrradtour (70-120 km)<\/span><span class=\"text\">Auf dieser Seite empfehlen wir die Touren um Orosh\u00e1za den Radfahrern.<\/span><\/a><a href=\"https:\/\/gyoparosfurdo-oroshaza.hu\/de\/programok\/kerekpartura-30-km\" title=\"Fahrradtour\" class=\"topten_grid_item\"><span class=\"number\">7<\/span><img width=\"290\" height=\"230\" src=\"https:\/\/gyoparosfurdo-oroshaza.hu\/wp-content\/uploads\/2012\/04\/Kerekpartura.jpg\" class=\"lazyload wp-post-image\" alt=\"\" loading=\"lazy\" \/><span class=\"title\">Fahrradtour<\/span><span class=\"text\">Obwohl die meiste Radfahrer die h\u00fcgelige, bergige Gel\u00e4nde haben gern, wir machen Reklame f\u00fcr das Radfahren in gleice Gel\u00e4nde.<\/span><\/a><a href=\"https:\/\/gyoparosfurdo-oroshaza.hu\/de\/programok\/gellertegyhaza-tortenelmi-park\" title=\"Gell\u00e9rtegyh\u00e1za: der historischer Park\" class=\"topten_grid_item\"><span class=\"number\">8<\/span><img width=\"290\" height=\"230\" src=\"https:\/\/gyoparosfurdo-oroshaza.hu\/wp-content\/uploads\/2012\/11\/gell.jpg\" class=\"lazyload wp-post-image\" alt=\"\" loading=\"lazy\" \/><span class=\"title\">Gell\u00e9rtegyh\u00e1za: der historischer Park<\/span><span class=\"text\">Der Park wird das historisches Ungarn und das Ungartum bekanntmachen.<\/span><\/a><a href=\"https:\/\/gyoparosfurdo-oroshaza.hu\/de\/programok\/szlovak-tajjellegu-tanya\" title=\"[:hu]Szlov\u00e1k t\u00e1jjelleg\u0171 tanya[:en]Traditional Slovak farm [:ro]Ferm\u0103 tradi\u021bional\u0103 slovac\u0103\" class=\"topten_grid_item\"><span class=\"number\">9<\/span><img width=\"290\" height=\"230\" src=\"https:\/\/gyoparosfurdo-oroshaza.hu\/wp-content\/uploads\/2012\/11\/ger.jpg\" class=\"lazyload wp-post-image\" alt=\"\" loading=\"lazy\" \/><span class=\"title\">[:hu]Szlov\u00e1k t\u00e1jjelleg\u0171 tanya[:en]Traditional Slovak farm [:ro]Ferm\u0103 tradi\u021bional\u0103 slovac\u0103<\/span><span class=\"text\"><\/span><\/a><div class=\"clear\"><\/div><\/div>\n<div class=\"W560\">\n<span class=\"h3\">Mit zwei R\u00e4dern in der Ebene<\/span><\/p>\n<h2>Das ausgrenzende Umland der Stadt Orosh\u00e1za ist ideal f\u00fcr Fahrradtouren, man trifft mit viele Fahhr\u00e4der auf Weg und Steg, und zwei Fahrradvereinigung funktionieren in der Stadt.<\/h2>\n<p>Gigt es mehrere Fahhr\u00e4der, eines will nur verkehren, andere zieht die Sportleistung an, will unter kurte Zeit bis A Punkte zu B Punkte erreichen, w\u00e4hrend der dritter Typ zieht das Erlebnis des Radfahrens an, auserdem die sehende Wunder des Wegs,  f\u00fcr das ist er begierig auf den Half. Wir bieten f\u00fcr dritter Typ einige Wegplan, diese empfehlen die Oroshazer Fahrr\u00e4dern.<\/p>\n<p><a href=\"\/de\/programok\/kerekpartura-30-km\" title=\"F\u00fcr Fahrr\u00e4der\">Auf dieser Website<\/a>\u00a0bieten wir drei 30 km lange Tour. Die erste Tour ist <a href=\"\/de\/programok\/kardoskut\" title=\"Kardosk\u00fat\">Kardosk\u00fat-Pusztak\u00f6zpont<\/a>, oder auch  <a href=\"\/de\/programok\/kardoskuti-feherto\" title=\"Feh\u00e9rt\u00f3\">Feh\u00e9rt\u00f3<\/a>. Der Zielpunkt der zweiten Tour ist Pusztaf\u00f6ldv\u00e1r, Tat\u00e1rs\u00e1nc. Die dritte Tour : das Schloss-K\u00e1rolyi in Nagym\u00e1gocs.<\/p>\n<p>Der Versuchter Fahhr\u00e4der empfehlen wir auf dieser Website zwischen 70 km und 120 km lange, eint\u00e4tige tour mit Oroshazer Ausgangspunkt.<br \/>\nAm Ende, unabh\u00e4ndig davon, dass wir von l\u00e4ngeres oder kurzeres Weg zur\u00fcckfahren, das tut gut im Becken im <a href=\"\/de\/programok\/strandolas-gyoparosfurdon\" title=\"Parkbad\">Parkbad<\/a> zu baden. Gut zu wissen, dass man zwischen Stadtzentrum und Gyop\u00e1rosf\u00fcrd\u0151  auf sichere Fahrradweg verkehren kann.<\/p>\n<\/div>\n","protected":false},"excerpt":{"rendered":"<p>Mit zwei R\u00e4dern in der Ebene Das ausgrenzende Umland der Stadt Orosh\u00e1za ist ideal f\u00fcr Fahrradtouren, man trifft mit viele Fahhr\u00e4der auf Weg und Steg, und zwei Fahrradvereinigung funktionieren in der Stadt. Gigt es mehrere Fahhr\u00e4der, eines will nur verkehren, &hellip; <a href=\"https:\/\/gyoparosfurdo-oroshaza.hu\/de\/programme\/fuer-fahrraeder\">Folytat\u00e1s <span class=\"meta-nav\">&rarr;<\/span><\/a><\/p>\n","protected":false},"author":6,"featured_media":0,"parent":26025,"menu_order":0,"comment_status":"closed","ping_status":"closed","template":"","meta":[],"_links":{"self":[{"href":"https:\/\/gyoparosfurdo-oroshaza.hu\/de\/wp-json\/wp\/v2\/pages\/26084"}],"collection":[{"href":"https:\/\/gyoparosfurdo-oroshaza.hu\/de\/wp-json\/wp\/v2\/pages"}],"about":[{"href":"https:\/\/gyoparosfurdo-oroshaza.hu\/de\/wp-json\/wp\/v2\/types\/page"}],"author":[{"embeddable":true,"href":"https:\/\/gyoparosfurdo-oroshaza.hu\/de\/wp-json\/wp\/v2\/users\/6"}],"replies":[{"embeddable":true,"href":"https:\/\/gyoparosfurdo-oroshaza.hu\/de\/wp-json\/wp\/v2\/comments?post=26084"}],"version-history":[{"count":0,"href":"https:\/\/gyoparosfurdo-oroshaza.hu\/de\/wp-json\/wp\/v2\/pages\/26084\/revisions"}],"up":[{"embeddable":true,"href":"https:\/\/gyoparosfurdo-oroshaza.hu\/de\/wp-json\/wp\/v2\/pages\/26025"}],"wp:attachment":[{"href":"https:\/\/gyoparosfurdo-oroshaza.hu\/de\/wp-json\/wp\/v2\/media?parent=26084"}],"curies":[{"name":"wp","href":"https:\/\/api.w.org\/{rel}","templated":true}]}}