{"id":26071,"date":"2012-04-13T12:13:10","date_gmt":"2012-04-13T10:13:10","guid":{"rendered":"https:\/\/gyoparosfurdo-oroshaza.hu\/fuer-angeln"},"modified":"2012-04-13T12:13:10","modified_gmt":"2012-04-13T11:13:10","slug":"fuer-angeln","status":"publish","type":"page","link":"https:\/\/gyoparosfurdo-oroshaza.hu\/de\/programme\/fuer-angeln","title":{"rendered":"F\u00fcr Angeln"},"content":{"rendered":"<div class=\"topten_grid_container topten_page\"><div class=\"topten_grid_item\"><span class=\"h3\">Top Programme<\/span><a href=\"\/de\/programme\/fuer-wochenende\" class=\"topten_fuer-wochenende first\">Wochenende &raquo;<\/a><a href=\"\/de\/programme\/im-winter\" class=\"topten_im-winter\">Im Winter &raquo;<\/a><a href=\"\/de\/programme\/fuer-jugend\" class=\"topten_fuer-jugend first\">F\u00fcr Jugend &raquo;<\/a><a href=\"\/de\/programme\/fuer-paare\" class=\"topten_fuer-paare\">F\u00fcr Paare &raquo;<\/a><a href=\"\/de\/programme\/mit-dem-auto\" class=\"topten_mit-dem-auto first\">Mit dem Auto &raquo;<\/a><a href=\"\/de\/programme\/fuer-kulturfans\" class=\"topten_fuer-kulturfans\">F\u00fcr Kulturfans &raquo;<\/a><a href=\"\/de\/programme\/1-woche\" class=\"topten_1-woche first\">Auf eine Woche &raquo;<\/a><a href=\"\/de\/programme\/fuer-angeln\" class=\"topten_fuer-angeln active\">F\u00fcr Angeln &raquo;<\/a><a href=\"\/de\/programme\/fuer-photographer\" class=\"topten_fuer-photographer first\">F\u00fcr Photographer &raquo;<\/a><a href=\"\/de\/programme\/fuer-sportfans\" class=\"topten_fuer-sportfans\">F\u00fcr Sportfans &raquo;<\/a><a href=\"\/de\/programme\/fuer-familien\" class=\"topten_fuer-familien first\">F\u00fcr Familien &raquo;<\/a><a href=\"\/de\/programme\/im-sommer\" class=\"topten_im-sommer\">Im Sommer &raquo;<\/a><a href=\"\/de\/programme\/1-tag\" class=\"topten_1-tag first\">Auf ein Tag &raquo;<\/a><a href=\"\/de\/programme\/fuer-fahrraeder\" class=\"topten_fuer-fahrraeder\">F\u00fcr Fahrr\u00e4der &raquo;<\/a><\/div><a href=\"https:\/\/gyoparosfurdo-oroshaza.hu\/de\/programok\/strandolas-gyoparosfurdon\" title=\"Baden in Gyop\u00e1rosf\u00fcrd\u0151\" class=\"topten_grid_item\"><span class=\"number\">1<\/span><img width=\"290\" height=\"230\" src=\"https:\/\/gyoparosfurdo-oroshaza.hu\/wp-content\/uploads\/2012\/04\/Strandol\u00e1s_gyoparosfurdon.jpg\" class=\"lazyload wp-post-image\" alt=\"\" loading=\"lazy\" \/><span class=\"title\">Baden in Gyop\u00e1rosf\u00fcrd\u0151<\/span><span class=\"text\">Das Gyop\u00e1ros Badkomlexum ist als \u201eder Mekka\u201d von Strandbadens\u00fcchtigen bekannt.<\/span><\/a><a href=\"https:\/\/gyoparosfurdo-oroshaza.hu\/de\/programok\/horgasztavak\" title=\"Teiche zum Angeln\" class=\"topten_grid_item\"><span class=\"number\">2<\/span><img width=\"290\" height=\"230\" src=\"https:\/\/gyoparosfurdo-oroshaza.hu\/wp-content\/uploads\/2012\/04\/Horgasztavak.jpg\" class=\"lazyload wp-post-image\" alt=\"\" loading=\"lazy\" \/><span class=\"title\">Teiche zum Angeln<\/span><span class=\"text\">Die Komitat B\u00e9k\u00e9s  ist sehr reich an verschieden Gew\u00e4sser von ausgezeichneter Qualit\u00e4t, die f\u00fcr Mekka von Angelnbegeisterten gehaltet wird.<\/span><\/a><div class=\"clear\"><\/div><\/div>\n<div class=\"W560\">\n<span class=\"h3\">Der \u201cgrosse, grosse, grosse\u201d Angler sitzt nicht in der Klemme<\/span><\/p>\n<h2>Die Komitat B\u00e9k\u00e9s, innerhalb davon dei Stadt Orosh\u00e1za ist  echte Paradise von Angelsports\u00fcchtigen, aber auch diejenige, sitzend auf ihren Angelst\u00fchlen, k\u00f6nnen sehr zufrieden sein und werfen ihre Angelrute zum Zweck Hobby ins Wasser hinein.<\/h2>\n<p><img loading=\"lazy\" src=\"\/wp-content\/uploads\/2012\/04\/horgaszas_oroshaza_illu2.jpg\" alt=\"Horg\u00e1sz az orosh\u00e1zi Homokb\u00e1nya tavon\" title=\"Horg\u00e1sz az orosh\u00e1zi Homokb\u00e1nya tavon\" width=\"190\" height=\"152\" class=\"alignleft\" \/>In Orosh\u00e1za stehen es ausschliesslich Teiche und See zur Verf\u00fcgung, uneternaderem k\u00f6nnen wir Ihnen die folgenden anbieten:<\/p>\n<p>S\u00fcdsee in Gyop\u00e1ros  &#8211;  hier darf man erst vom Sonnenaufgang biszum Sonnenabgang angeln. Ausgenommen:  Samstags und Sonntags.<br \/>\nAn dem Szentesi-Weg zu befindener Homokb\u00e1nya-t\u00f3 (Sandgrube-Teich) ist der beliebte Ort der von Richtung Orosh\u00e1za und seiner Gegend ankommenden Angler,  aber wir k\u00f6nnen uns auch mit von weitaus ankommenden Angeln treffen.  Der \u00f6rtliche Kinizsi Anglerverein pflegt den See und sienen Umgegend. Am Seestrand befinden  es sich das Haus von Veranstaltungen und das Fischw\u00e4chtershaus, wo wir \u00fcber die \u00f6rtliche Angelnorgnung, Telefonnummer von Fischw\u00e4chter und \u00fcber die wichtigsten Information vom See    lesen k\u00f6nnen.                                                                                                                                                                                                                                                                                                                                                                                                                                                                                  Typische Fischarte, die hier zu finden sind: Karpfen, Hecht, Zander, Balin, Wels, Amur, Barsch, Weissfischarten, etc.<\/p>\n<p>Teich um das Ziegelwerk \u2013 Addresse : Gyop\u00e1rosi ugarok 6.- Drei verschiedenen Alternative warten auf Angelnbegeisterten :  Tageskarte ist am Ort und Stelle in dem B\u00fcfet zu l\u00f6schen. Das ist f\u00fcr ein Wasser reich an Fisch, es gibt M\u00f6glichkeit, Wels zu angeln und Soprtangeln zu treiben. Im Bufet sind kalte und frische Getr\u00e4nke so wie auch Angelnset zu kaufen. Es befindet sich  Spielplatz f\u00fcr Kinder und auch gibt es die M\u00f6glichkeit, Gericht im Kessel zu zubereichten. <\/p>\n<p>\u00daj homokb\u00e1nya t\u00f3( neue Sandgrube Teich) \u2013 am Szentesi Hauptweg. Das ist vorteilhaft \u00fcberhaupt f\u00fcr die Karpfenangler, denn hier ist dier M\u00f6glichkeit, um riesengrosse Menge an Fischen zu angeln !! Zelten an Wochenden, sich zu einer sch\u00f6nen Gegend entwickelte Angelnpl\u00e4tze werden vom \u00f6rtlichen Betriebspersonal gew\u00e4hrleistet.<br \/>\nNat\u00fcrlich auch die Flussbegeisterten k\u00f6nnen sich ideale Angelnpl\u00e4tzen in der Gegend finden, diese sind nicht weit von Orosh\u00e1za, da es sehr beliebte Angelnpl\u00e4tze an den K\u00f6r\u00f6s-Fl\u00fcssen, unteranderem in Szarvas, Gyomaendr\u0151d, B\u00e9k\u00e9sszentandr\u00e1s,  K\u00f6r\u00f6starcsa, B\u00e9k\u00e9s, Gyula, Sarkad und in Szeghalmon. Aber wenn wir in der Nachbarkomitat Csongr\u00e1d herumsehen, sind  die Teiche und Gew\u00e4sser zum Angeln von Szentes, Csongr\u00e1d, H\u00f3dmez\u0151v\u00e1r\u00e1rhely, M\u00e1rt\u00e9ly oder Szeged auch nicht zu weit.<\/p>\n<p> Die Stadt hat \u00fcbrigens eine vollst\u00e4ndige dienstleistende Infrastruktur, dass heisst, wenn es irgendeiner Teil von dem Angelnset fehlen w\u00fcrde, ist es ganz einfach, diese in \u00f6rtlichen Fachl\u00e4den anzuschaffen.<\/p>\n<h3>Bildgalerie<\/h3>\n\n<div class=\"ngg-galleryoverview\" id=\"ngg-gallery-42-26071\">\n\n\n\t\n\t<!-- Thumbnails -->\n\t\t\n\t<div id=\"ngg-image-332\" class=\"ngg-gallery-thumbnail-box\"  >\n\t\t<div class=\"ngg-gallery-thumbnail\" >\n\t\t\t<a href=\"https:\/\/gyoparosfurdo-oroshaza.hu\/wp-content\/gallery\/horgaszat\/homokbanya_1.jpg\" title=\"B\u00e9ke \/ Homokb\u00e1nya t\u00f3\" class=\"thickbox\" rel=\"set_42\" >\n\t\t\t\t\t\t\t\t<img title=\"B\u00e9ke \/ Homokb\u00e1nya t\u00f3\" alt=\"B\u00e9ke \/ Homokb\u00e1nya t\u00f3\" src=\"https:\/\/gyoparosfurdo-oroshaza.hu\/wp-content\/gallery\/horgaszat\/thumbs\/thumbs_homokbanya_1.jpg\" width=\"120\" height=\"95\" \/>\n\t\t\t\t\t\t\t<\/a>\n\t\t<\/div>\n\t<\/div>\n\t\n\t\t\n \t\t\n\t<div id=\"ngg-image-333\" class=\"ngg-gallery-thumbnail-box\"  >\n\t\t<div class=\"ngg-gallery-thumbnail\" >\n\t\t\t<a href=\"https:\/\/gyoparosfurdo-oroshaza.hu\/wp-content\/gallery\/horgaszat\/homokbanya_2.jpg\" title=\"B\u00e9ke \/ Homokb\u00e1nya t\u00f3 horg\u00e1szlesr\u0151l\" class=\"thickbox\" rel=\"set_42\" >\n\t\t\t\t\t\t\t\t<img title=\"B\u00e9ke \/ Homokb\u00e1nya t\u00f3 horg\u00e1szlesr\u0151l\" alt=\"B\u00e9ke \/ Homokb\u00e1nya t\u00f3 horg\u00e1szlesr\u0151l\" src=\"https:\/\/gyoparosfurdo-oroshaza.hu\/wp-content\/gallery\/horgaszat\/thumbs\/thumbs_homokbanya_2.jpg\" width=\"120\" height=\"95\" \/>\n\t\t\t\t\t\t\t<\/a>\n\t\t<\/div>\n\t<\/div>\n\t\n\t\t\n \t\t\n\t<div id=\"ngg-image-334\" class=\"ngg-gallery-thumbnail-box\"  >\n\t\t<div class=\"ngg-gallery-thumbnail\" >\n\t\t\t<a href=\"https:\/\/gyoparosfurdo-oroshaza.hu\/wp-content\/gallery\/horgaszat\/homokbanya_3.jpg\" title=\"B\u00e9ke \/ Homokb\u00e1nya t\u00f3 l\u00e1tk\u00e9p\" class=\"thickbox\" rel=\"set_42\" >\n\t\t\t\t\t\t\t\t<img title=\"B\u00e9ke \/ Homokb\u00e1nya t\u00f3 l\u00e1tk\u00e9p\" alt=\"B\u00e9ke \/ Homokb\u00e1nya t\u00f3 l\u00e1tk\u00e9p\" src=\"https:\/\/gyoparosfurdo-oroshaza.hu\/wp-content\/gallery\/horgaszat\/thumbs\/thumbs_homokbanya_3.jpg\" width=\"120\" height=\"95\" \/>\n\t\t\t\t\t\t\t<\/a>\n\t\t<\/div>\n\t<\/div>\n\t\n\t\t\n \t\t\n\t<div id=\"ngg-image-335\" class=\"ngg-gallery-thumbnail-box\"  >\n\t\t<div class=\"ngg-gallery-thumbnail\" >\n\t\t\t<a href=\"https:\/\/gyoparosfurdo-oroshaza.hu\/wp-content\/gallery\/horgaszat\/homokbanya_4.jpg\" title=\"B\u00e9ke \/ Homokb\u00e1nya t\u00f3 m\u00e1sik horg\u00e1szlesr\u0151l\" class=\"thickbox\" rel=\"set_42\" >\n\t\t\t\t\t\t\t\t<img title=\"B\u00e9ke \/ Homokb\u00e1nya t\u00f3 m\u00e1sik horg\u00e1szlesr\u0151l\" alt=\"B\u00e9ke \/ Homokb\u00e1nya t\u00f3 m\u00e1sik horg\u00e1szlesr\u0151l\" src=\"https:\/\/gyoparosfurdo-oroshaza.hu\/wp-content\/gallery\/horgaszat\/thumbs\/thumbs_homokbanya_4.jpg\" width=\"120\" height=\"95\" \/>\n\t\t\t\t\t\t\t<\/a>\n\t\t<\/div>\n\t<\/div>\n\t\n\t\t\n \t\t\n\t<div id=\"ngg-image-336\" class=\"ngg-gallery-thumbnail-box\"  >\n\t\t<div class=\"ngg-gallery-thumbnail\" >\n\t\t\t<a href=\"https:\/\/gyoparosfurdo-oroshaza.hu\/wp-content\/gallery\/horgaszat\/homokbanya_5.jpg\" title=\"B\u00e9ke \/ Homokb\u00e1nya t\u00f3 k\u00f3csaggal\" class=\"thickbox\" rel=\"set_42\" >\n\t\t\t\t\t\t\t\t<img title=\"B\u00e9ke \/ Homokb\u00e1nya t\u00f3 k\u00f3csaggal\" alt=\"B\u00e9ke \/ Homokb\u00e1nya t\u00f3 k\u00f3csaggal\" src=\"https:\/\/gyoparosfurdo-oroshaza.hu\/wp-content\/gallery\/horgaszat\/thumbs\/thumbs_homokbanya_5.jpg\" width=\"120\" height=\"95\" \/>\n\t\t\t\t\t\t\t<\/a>\n\t\t<\/div>\n\t<\/div>\n\t\n\t\t\n \t\t\n\t<div id=\"ngg-image-337\" class=\"ngg-gallery-thumbnail-box\"  >\n\t\t<div class=\"ngg-gallery-thumbnail\" >\n\t\t\t<a href=\"https:\/\/gyoparosfurdo-oroshaza.hu\/wp-content\/gallery\/horgaszat\/homokbanya_6.jpg\" title=\"B\u00e9ke \/ Homokb\u00e1nya t\u00f3 naplement\u00e9ben\" class=\"thickbox\" rel=\"set_42\" >\n\t\t\t\t\t\t\t\t<img title=\"B\u00e9ke \/ Homokb\u00e1nya t\u00f3 naplement\u00e9ben\" alt=\"B\u00e9ke \/ Homokb\u00e1nya t\u00f3 naplement\u00e9ben\" src=\"https:\/\/gyoparosfurdo-oroshaza.hu\/wp-content\/gallery\/horgaszat\/thumbs\/thumbs_homokbanya_6.jpg\" width=\"120\" height=\"95\" \/>\n\t\t\t\t\t\t\t<\/a>\n\t\t<\/div>\n\t<\/div>\n\t\n\t\t\n \t\t\n\t<div id=\"ngg-image-338\" class=\"ngg-gallery-thumbnail-box\"  >\n\t\t<div class=\"ngg-gallery-thumbnail\" >\n\t\t\t<a href=\"https:\/\/gyoparosfurdo-oroshaza.hu\/wp-content\/gallery\/horgaszat\/uj_homokbanya_1.jpg\" title=\"\u00daj homokb\u00e1nya ki\u00e9p\u00edtett horg\u00e1szles\" class=\"thickbox\" rel=\"set_42\" >\n\t\t\t\t\t\t\t\t<img title=\"\u00daj homokb\u00e1nya ki\u00e9p\u00edtett horg\u00e1szles \" alt=\"\u00daj homokb\u00e1nya ki\u00e9p\u00edtett horg\u00e1szles \" src=\"https:\/\/gyoparosfurdo-oroshaza.hu\/wp-content\/gallery\/horgaszat\/thumbs\/thumbs_uj_homokbanya_1.jpg\" width=\"120\" height=\"95\" \/>\n\t\t\t\t\t\t\t<\/a>\n\t\t<\/div>\n\t<\/div>\n\t\n\t\t\n \t\t\n\t<div id=\"ngg-image-339\" class=\"ngg-gallery-thumbnail-box\"  >\n\t\t<div class=\"ngg-gallery-thumbnail\" >\n\t\t\t<a href=\"https:\/\/gyoparosfurdo-oroshaza.hu\/wp-content\/gallery\/horgaszat\/uj_homokbanya_2.jpg\" title=\"\u00daj homokb\u00e1nya t\u00f3\" class=\"thickbox\" rel=\"set_42\" >\n\t\t\t\t\t\t\t\t<img title=\"\u00daj homokb\u00e1nya t\u00f3\" alt=\"\u00daj homokb\u00e1nya t\u00f3\" src=\"https:\/\/gyoparosfurdo-oroshaza.hu\/wp-content\/gallery\/horgaszat\/thumbs\/thumbs_uj_homokbanya_2.jpg\" width=\"120\" height=\"95\" \/>\n\t\t\t\t\t\t\t<\/a>\n\t\t<\/div>\n\t<\/div>\n\t\n\t\t\n \t \t\n\t<!-- Pagination -->\n \t<div class='ngg-clear'><\/div>\n \t\n<\/div>\n\n<\/div>\n","protected":false},"excerpt":{"rendered":"<p>Der \u201cgrosse, grosse, grosse\u201d Angler sitzt nicht in der Klemme Die Komitat B\u00e9k\u00e9s, innerhalb davon dei Stadt Orosh\u00e1za ist echte Paradise von Angelsports\u00fcchtigen, aber auch diejenige, sitzend auf ihren Angelst\u00fchlen, k\u00f6nnen sehr zufrieden sein und werfen ihre Angelrute zum Zweck &hellip; <a href=\"https:\/\/gyoparosfurdo-oroshaza.hu\/de\/programme\/fuer-angeln\">Folytat\u00e1s <span class=\"meta-nav\">&rarr;<\/span><\/a><\/p>\n","protected":false},"author":6,"featured_media":0,"parent":26025,"menu_order":0,"comment_status":"closed","ping_status":"closed","template":"","meta":[],"_links":{"self":[{"href":"https:\/\/gyoparosfurdo-oroshaza.hu\/de\/wp-json\/wp\/v2\/pages\/26071"}],"collection":[{"href":"https:\/\/gyoparosfurdo-oroshaza.hu\/de\/wp-json\/wp\/v2\/pages"}],"about":[{"href":"https:\/\/gyoparosfurdo-oroshaza.hu\/de\/wp-json\/wp\/v2\/types\/page"}],"author":[{"embeddable":true,"href":"https:\/\/gyoparosfurdo-oroshaza.hu\/de\/wp-json\/wp\/v2\/users\/6"}],"replies":[{"embeddable":true,"href":"https:\/\/gyoparosfurdo-oroshaza.hu\/de\/wp-json\/wp\/v2\/comments?post=26071"}],"version-history":[{"count":0,"href":"https:\/\/gyoparosfurdo-oroshaza.hu\/de\/wp-json\/wp\/v2\/pages\/26071\/revisions"}],"up":[{"embeddable":true,"href":"https:\/\/gyoparosfurdo-oroshaza.hu\/de\/wp-json\/wp\/v2\/pages\/26025"}],"wp:attachment":[{"href":"https:\/\/gyoparosfurdo-oroshaza.hu\/de\/wp-json\/wp\/v2\/media?parent=26071"}],"curies":[{"name":"wp","href":"https:\/\/api.w.org\/{rel}","templated":true}]}}