{"id":26067,"date":"2012-04-13T12:12:46","date_gmt":"2012-04-13T10:12:46","guid":{"rendered":"https:\/\/gyoparosfurdo-oroshaza.hu\/fuer-wochenende"},"modified":"2012-04-13T12:12:46","modified_gmt":"2012-04-13T11:12:46","slug":"fuer-wochenende","status":"publish","type":"page","link":"https:\/\/gyoparosfurdo-oroshaza.hu\/de\/programme\/fuer-wochenende","title":{"rendered":"F\u00fcr Wochenende"},"content":{"rendered":"<div class=\"topten_grid_container topten_page\"><div class=\"topten_grid_item\"><span class=\"h3\">Top Programme<\/span><a href=\"\/de\/programme\/fuer-familien\" class=\"topten_fuer-familien first\">F\u00fcr Familien &raquo;<\/a><a href=\"\/de\/programme\/im-sommer\" class=\"topten_im-sommer\">Im Sommer &raquo;<\/a><a href=\"\/de\/programme\/1-tag\" class=\"topten_1-tag first\">Auf ein Tag &raquo;<\/a><a href=\"\/de\/programme\/fuer-fahrraeder\" class=\"topten_fuer-fahrraeder\">F\u00fcr Fahrr\u00e4der &raquo;<\/a><a href=\"\/de\/programme\/fuer-wochenende\" class=\"topten_fuer-wochenende first active\">Wochenende &raquo;<\/a><a href=\"\/de\/programme\/im-winter\" class=\"topten_im-winter\">Im Winter &raquo;<\/a><a href=\"\/de\/programme\/fuer-jugend\" class=\"topten_fuer-jugend first\">F\u00fcr Jugend &raquo;<\/a><a href=\"\/de\/programme\/fuer-paare\" class=\"topten_fuer-paare\">F\u00fcr Paare &raquo;<\/a><a href=\"\/de\/programme\/mit-dem-auto\" class=\"topten_mit-dem-auto first\">Mit dem Auto &raquo;<\/a><a href=\"\/de\/programme\/fuer-kulturfans\" class=\"topten_fuer-kulturfans\">F\u00fcr Kulturfans &raquo;<\/a><a href=\"\/de\/programme\/1-woche\" class=\"topten_1-woche first\">Auf eine Woche &raquo;<\/a><a href=\"\/de\/programme\/fuer-angeln\" class=\"topten_fuer-angeln\">F\u00fcr Angeln &raquo;<\/a><a href=\"\/de\/programme\/fuer-photographer\" class=\"topten_fuer-photographer first\">F\u00fcr Photographer &raquo;<\/a><a href=\"\/de\/programme\/fuer-sportfans\" class=\"topten_fuer-sportfans\">F\u00fcr Sportfans &raquo;<\/a><\/div><a href=\"https:\/\/gyoparosfurdo-oroshaza.hu\/de\/programok\/elmenyfurdozes-gyoparoson\" title=\"Wellnessbad in Gyop\u00e1rosf\u00fcrd\u0151\" class=\"topten_grid_item\"><span class=\"number\">1<\/span><img width=\"290\" height=\"230\" src=\"https:\/\/gyoparosfurdo-oroshaza.hu\/wp-content\/uploads\/2012\/04\/elmenyfurdo_kiemelt.jpg\" class=\"lazyload wp-post-image\" alt=\"\" loading=\"lazy\" \/><span class=\"title\">Wellnessbad in Gyop\u00e1rosf\u00fcrd\u0151<\/span><span class=\"text\">Im 6000 m\u00b2, 4-Sterne Badkomplexum in Gyop\u00e1ros ist das Bad wirklich ein grossartiges Erlebnnis.<\/span><\/a><a href=\"https:\/\/gyoparosfurdo-oroshaza.hu\/de\/programok\/strandolas-gyoparosfurdon\" title=\"Baden in Gyop\u00e1rosf\u00fcrd\u0151\" class=\"topten_grid_item\"><span class=\"number\">2<\/span><img width=\"290\" height=\"230\" src=\"https:\/\/gyoparosfurdo-oroshaza.hu\/wp-content\/uploads\/2012\/04\/Strandol\u00e1s_gyoparosfurdon.jpg\" class=\"lazyload wp-post-image\" alt=\"\" loading=\"lazy\" \/><span class=\"title\">Baden in Gyop\u00e1rosf\u00fcrd\u0151<\/span><span class=\"text\">Das Gyop\u00e1ros Badkomlexum ist als \u201eder Mekka\u201d von Strandbadens\u00fcchtigen bekannt.<\/span><\/a><a href=\"https:\/\/gyoparosfurdo-oroshaza.hu\/de\/programok\/wellness-es-kenyeztetes\" title=\"Wellness und Verw\u00f6hnung\" class=\"topten_grid_item\"><span class=\"number\">3<\/span><img width=\"290\" height=\"230\" src=\"https:\/\/gyoparosfurdo-oroshaza.hu\/wp-content\/uploads\/2012\/05\/3_Wellness.jpg\" class=\"lazyload wp-post-image\" alt=\"\" loading=\"lazy\" \/><span class=\"title\">Wellness und Verw\u00f6hnung<\/span><span class=\"text\">Wie eine romantische Ber\u00fchrung und Gestreichel, so gut f\u00e4llt einem die Verw\u00f6hnung, die man in Gyop\u00e1rosf\u00fcrd\u0151-Bad bekommen kann.<\/span><\/a><a href=\"https:\/\/gyoparosfurdo-oroshaza.hu\/de\/programok\/ejszakai-furdozes\" title=\"N\u00e4chtliches Badevergn\u00fcgen\" class=\"topten_grid_item\"><span class=\"number\">4<\/span><img width=\"290\" height=\"230\" src=\"https:\/\/gyoparosfurdo-oroshaza.hu\/wp-content\/uploads\/2012\/04\/4_Ejszakai_furdozes.jpg\" class=\"lazyload wp-post-image\" alt=\"\" loading=\"lazy\" \/><span class=\"title\">N\u00e4chtliches Badevergn\u00fcgen<\/span><span class=\"text\">Wenn es irgendwelches Anreizendes gibt, dann spricht man \u00fcber ein Nachtbaden.<\/span><\/a><a href=\"https:\/\/gyoparosfurdo-oroshaza.hu\/de\/programok\/csonakazas-a-tavon\" title=\"Bootfahr auf dem See\" class=\"topten_grid_item\"><span class=\"number\">5<\/span><img width=\"290\" height=\"230\" src=\"https:\/\/gyoparosfurdo-oroshaza.hu\/wp-content\/uploads\/2012\/04\/Csonakazas_a_tavon.jpg\" class=\"lazyload wp-post-image\" alt=\"\" loading=\"lazy\" \/><span class=\"title\">Bootfahr auf dem See<\/span><span class=\"text\">Die Stadt Orosh\u00e1za wird durch unmissverts\u00e4ndliche tiefl\u00e4ndische Laune umarmt.<\/span><\/a><a href=\"https:\/\/gyoparosfurdo-oroshaza.hu\/de\/programok\/ejszakai-elet-oroshazan\" title=\"Nachtleben in Orosh\u00e1za\" class=\"topten_grid_item\"><span class=\"number\">6<\/span><img width=\"290\" height=\"230\" src=\"https:\/\/gyoparosfurdo-oroshaza.hu\/wp-content\/uploads\/2012\/04\/Ejszakai_elet.jpg\" class=\"lazyload wp-post-image\" alt=\"\" loading=\"lazy\" \/><span class=\"title\">Nachtleben in Orosh\u00e1za<\/span><span class=\"text\">Von grossst\u00e4dtliche, n\u00e4chtliche Leben kann man gar nichts in Orosh\u00e1za sprechen, trotzdem am Freitag und am Sonntag unterhalten sich die Einwohner.<\/span><\/a><a href=\"https:\/\/gyoparosfurdo-oroshaza.hu\/de\/programok\/seta-oroshaza-belvarosaban\" title=\"Spaziergang im Zentrum von Orosh\u00e1za\" class=\"topten_grid_item\"><span class=\"number\">7<\/span><img width=\"290\" height=\"230\" src=\"https:\/\/gyoparosfurdo-oroshaza.hu\/wp-content\/uploads\/2012\/04\/belvarosi_seta_kiemelt.jpg\" class=\"lazyload wp-post-image\" alt=\"\" loading=\"lazy\" \/><span class=\"title\">Spaziergang im Zentrum von Orosh\u00e1za<\/span><span class=\"text\">Ein Stadt k\u00f6nnen wir so kennenlernen, wenn wir einen Spaziergang im Zentrum der Stadt machen.<\/span><\/a><a href=\"https:\/\/gyoparosfurdo-oroshaza.hu\/de\/programok\/piaclatogatas-oroshazan\" title=\"Marktbesuch\" class=\"topten_grid_item\"><span class=\"number\">8<\/span><img width=\"290\" height=\"230\" src=\"https:\/\/gyoparosfurdo-oroshaza.hu\/wp-content\/uploads\/2012\/04\/Piac.jpg\" class=\"lazyload wp-post-image\" alt=\"\" loading=\"lazy\" \/><span class=\"title\">Marktbesuch<\/span><span class=\"text\">Modernen grossen Marketplatz aus!<\/span><\/a><a href=\"https:\/\/gyoparosfurdo-oroshaza.hu\/de\/programok\/kardoskuti-feherto\" title=\"Weisser-See in Kardosk\u00fat\" class=\"topten_grid_item\"><span class=\"number\">9<\/span><img width=\"290\" height=\"230\" src=\"https:\/\/gyoparosfurdo-oroshaza.hu\/wp-content\/uploads\/2012\/04\/24_Kardoskuti_feher_to.jpg\" class=\"lazyload wp-post-image\" alt=\"\" loading=\"lazy\" \/><span class=\"title\">Weisser-See in Kardosk\u00fat<\/span><span class=\"text\">Der Feh\u00e9rt\u00f3(Weisser-See) in Kardosk\u00fat ist auch ein unausl\u00e4sslicher Reiseziel f\u00fcr den, der den Urlaub in Orosh\u00e1za oder in der Umgebung verbringt.<\/span><\/a><a href=\"https:\/\/gyoparosfurdo-oroshaza.hu\/de\/programok\/hauptplatz-oroshaza\" title=\"Hauptplatz Orosh\u00e1za\" class=\"topten_grid_item\"><span class=\"number\">10<\/span><img width=\"290\" height=\"230\" src=\"https:\/\/gyoparosfurdo-oroshaza.hu\/wp-content\/uploads\/2012\/04\/seta_kiemelt.jpg\" class=\"lazyload wp-post-image\" alt=\"\" loading=\"lazy\" \/><span class=\"title\">Hauptplatz Orosh\u00e1za<\/span><span class=\"text\">Trinken Sie einen Kaffee oder ein Bier auf den neuen Hauptplatz.<\/span><\/a><div class=\"clear\"><\/div><\/div>\n<div class=\"W560\"><span class=\"h3\">Eine Wochenende, um Zeit aktiv und passiv zu verbringen<\/span><\/p>\n<h2>Sprechen wir mal  gar \u00fcber eine Wochenende mit aktiver oder passiver Entspannung und Erholung, w\u00e4hlen Sie den Ort in Gyop\u00e1rosf\u00fcrd\u0151-Bad, wir garantieren Ihnen, Sie werden sich sicher nicht entt\u00e4uschen.<\/h2>\n<p>Die Garantie, um die Zeit bequem und ruhig zu verbringen, sind die gem\u00fctliche Unterkunft und die neben den vielf\u00e4ltigen Badedienstleistungen zur Verf\u00fcgung stehende ausgew\u00f6hnlich stille, freundliche Gegend. Das Bad wurde an der \u00f6stlichen Seite des Mittelbeckens von auf 25 ha Wasserfl\u00e4che ausgedehnten in drei Teile gegliederten See ausgestaltet. Ein 85 ha herrlicher, wundersch\u00f6ner Park geht den See herum, bzw. das Scmuckst\u00fcck der Gegend ist noch der 30 ha Parwald, der ein entsprechende Ort f\u00fcr gem\u00fctliche Bummeln, vielleicht Joggens, Radfaheren sein klann.<\/p>\n<p>Um die ganze Gegend zu entdecken, sind es 3 Tage nicht unbeding gen\u00fcgend, aber im Falle der Gast eine l\u00e4ngere Zeit  verbringen m\u00f6chte, empfehlen wir ihm auch dei Sehensw\u00fcrdigkeiten der Gegend. Wir k\u00f6nnen uns gar in verschiedenen Richtungen begeben, und als Anfang epfehlen wir jedem, die Stadt Orosh\u00e1za zu besuchen.<\/p>\n<p>Das ist eine Klienstadt mit etwa 30,000 Einwohner, die von den typisch tiefl\u00e4ndischen Siedlungen abweicht, denn der Ort hat nicht nur die traditonellen Zeichen von einem Agrarstadt, sondern auch die industriellen Zeichen an sich, und tr\u00e4gt die architektonische Erbschaft im sonstigen wirtschaftlichen, kulturellen Hinsicht. Zum Gl\u00fcck, erg\u00e4nzen sich wohl diese zwei o.g.Grundkaraktere, in so Fern k\u00f6nnen wir einen guten Spaziergang und Stadtbummel in einer  wirklich stimmungsvollen Stadt, die mit jeden Anspruch erf\u00fcllenden Dienstleistungen zu unserer Verf\u00fcgung steht, sei es Einkaufen, Shopping, Gesundheitswesen, Bewegung oder Unterhaltung (Linke auf der entsprechende Website).<\/p>\n<p>Nat\u00fcrlich werden es viele M\u00f6glichkeiten in der Stadt angeboten, um sich zu unterhalten am\u00fcsieren, am Wochenenden k\u00f6nnen wir mehr Clube aufsuchen, die uns nicht unbedingt die Musikwelt des Teenegers bieten. Wenn wir irgendeinen Superfilm im Kino sehen m\u00f6chten, leider sollen wir nach B\u00e9k\u00e9scsaba fahren, aber auch das Kulturcentrum Pet\u0151fi veanstaltet Filmvorf\u00fchrungen f\u00fcr Kinogehenden sowohl aus den brandneuesten Movies aus Hollywood, so wie auch aus den Kunstfilmen. <\/p>\n<h3>Bildgalerie<\/h3>\n\n<div class=\"ngg-galleryoverview\" id=\"ngg-gallery-44-26067\">\n\n\n\t\n\t<!-- Thumbnails -->\n\t\t\n\t<div id=\"ngg-image-967\" class=\"ngg-gallery-thumbnail-box\"  >\n\t\t<div class=\"ngg-gallery-thumbnail\" >\n\t\t\t<a href=\"https:\/\/gyoparosfurdo-oroshaza.hu\/wp-content\/gallery\/hetvege\/oroshaza-foter-2.jpg\" title=\"Orosh\u00e1za meg\u00fajult f\u0151tere\" class=\"thickbox\" rel=\"set_44\" >\n\t\t\t\t\t\t\t\t<img title=\"Orosh\u00e1za meg\u00fajult f\u0151tere\" alt=\"Orosh\u00e1za meg\u00fajult f\u0151tere\" src=\"https:\/\/gyoparosfurdo-oroshaza.hu\/wp-content\/gallery\/hetvege\/thumbs\/thumbs_oroshaza-foter-2.jpg\" width=\"120\" height=\"95\" \/>\n\t\t\t\t\t\t\t<\/a>\n\t\t<\/div>\n\t<\/div>\n\t\n\t\t\n \t\t\n\t<div id=\"ngg-image-968\" class=\"ngg-gallery-thumbnail-box\"  >\n\t\t<div class=\"ngg-gallery-thumbnail\" >\n\t\t\t<a href=\"https:\/\/gyoparosfurdo-oroshaza.hu\/wp-content\/gallery\/hetvege\/oroshaza-foter-gyerekek.jpg\" title=\"Orosh\u00e1za meg\u00fajult f\u0151tere\" class=\"thickbox\" rel=\"set_44\" >\n\t\t\t\t\t\t\t\t<img title=\"Orosh\u00e1za meg\u00fajult f\u0151tere\" alt=\"Orosh\u00e1za meg\u00fajult f\u0151tere\" src=\"https:\/\/gyoparosfurdo-oroshaza.hu\/wp-content\/gallery\/hetvege\/thumbs\/thumbs_oroshaza-foter-gyerekek.jpg\" width=\"120\" height=\"95\" \/>\n\t\t\t\t\t\t\t<\/a>\n\t\t<\/div>\n\t<\/div>\n\t\n\t\t\n \t\t\n\t<div id=\"ngg-image-964\" class=\"ngg-gallery-thumbnail-box\"  >\n\t\t<div class=\"ngg-gallery-thumbnail\" >\n\t\t\t<a href=\"https:\/\/gyoparosfurdo-oroshaza.hu\/wp-content\/gallery\/hetvege\/foter_ejszaka.jpg\" title=\"Orosh\u00e1za meg\u00fajult f\u0151tere \u00e9jszaka\" class=\"thickbox\" rel=\"set_44\" >\n\t\t\t\t\t\t\t\t<img title=\"Orosh\u00e1za meg\u00fajult f\u0151tere \u00e9jszaka\" alt=\"Orosh\u00e1za meg\u00fajult f\u0151tere \u00e9jszaka\" src=\"https:\/\/gyoparosfurdo-oroshaza.hu\/wp-content\/gallery\/hetvege\/thumbs\/thumbs_foter_ejszaka.jpg\" width=\"120\" height=\"95\" \/>\n\t\t\t\t\t\t\t<\/a>\n\t\t<\/div>\n\t<\/div>\n\t\n\t\t\n \t\t\n\t<div id=\"ngg-image-354\" class=\"ngg-gallery-thumbnail-box\"  >\n\t\t<div class=\"ngg-gallery-thumbnail\" >\n\t\t\t<a href=\"https:\/\/gyoparosfurdo-oroshaza.hu\/wp-content\/gallery\/hetvege\/hetvege_03.jpg\" title=\"A v\u00e1rosi piac az \u0151stermel\u0151k terepe\" class=\"thickbox\" rel=\"set_44\" >\n\t\t\t\t\t\t\t\t<img title=\"A v\u00e1rosi piac az \u0151stermel\u0151k terepe\" alt=\"A v\u00e1rosi piac az \u0151stermel\u0151k terepe\" src=\"https:\/\/gyoparosfurdo-oroshaza.hu\/wp-content\/gallery\/hetvege\/thumbs\/thumbs_hetvege_03.jpg\" width=\"120\" height=\"95\" \/>\n\t\t\t\t\t\t\t<\/a>\n\t\t<\/div>\n\t<\/div>\n\t\n\t\t\n \t\t\n\t<div id=\"ngg-image-962\" class=\"ngg-gallery-thumbnail-box\"  >\n\t\t<div class=\"ngg-gallery-thumbnail\" >\n\t\t\t<a href=\"https:\/\/gyoparosfurdo-oroshaza.hu\/wp-content\/gallery\/hetvege\/elmenyfurdo_levegobol.jpg\" title=\"Gyop\u00e1rosf\u00fcrd\u0151 a leveg\u0151b\u0151l\" class=\"thickbox\" rel=\"set_44\" >\n\t\t\t\t\t\t\t\t<img title=\"Gyop\u00e1rosf\u00fcrd\u0151 a leveg\u0151b\u0151l\" alt=\"Gyop\u00e1rosf\u00fcrd\u0151 a leveg\u0151b\u0151l\" src=\"https:\/\/gyoparosfurdo-oroshaza.hu\/wp-content\/gallery\/hetvege\/thumbs\/thumbs_elmenyfurdo_levegobol.jpg\" width=\"120\" height=\"95\" \/>\n\t\t\t\t\t\t\t<\/a>\n\t\t<\/div>\n\t<\/div>\n\t\n\t\t\n \t\t\n\t<div id=\"ngg-image-963\" class=\"ngg-gallery-thumbnail-box\"  >\n\t\t<div class=\"ngg-gallery-thumbnail\" >\n\t\t\t<a href=\"https:\/\/gyoparosfurdo-oroshaza.hu\/wp-content\/gallery\/hetvege\/elmenyfurdo_napsutes.jpg\" title=\"\u00c9lm\u00e9nyf\u00fcrd\u0151 naplement\u00e9vel\" class=\"thickbox\" rel=\"set_44\" >\n\t\t\t\t\t\t\t\t<img title=\"\u00c9lm\u00e9nyf\u00fcrd\u0151 naplement\u00e9vel\" alt=\"\u00c9lm\u00e9nyf\u00fcrd\u0151 naplement\u00e9vel\" src=\"https:\/\/gyoparosfurdo-oroshaza.hu\/wp-content\/gallery\/hetvege\/thumbs\/thumbs_elmenyfurdo_napsutes.jpg\" width=\"120\" height=\"95\" \/>\n\t\t\t\t\t\t\t<\/a>\n\t\t<\/div>\n\t<\/div>\n\t\n\t\t\n \t\t\n\t<div id=\"ngg-image-355\" class=\"ngg-gallery-thumbnail-box\"  >\n\t\t<div class=\"ngg-gallery-thumbnail\" >\n\t\t\t<a href=\"https:\/\/gyoparosfurdo-oroshaza.hu\/wp-content\/gallery\/hetvege\/hetvege_04.jpg\" title=\"A z\u00e1rt \u00e9lm\u00e9nyf\u00fcrd\u0151 rossz id\u0151ben is biztos c\u00e9l\" class=\"thickbox\" rel=\"set_44\" >\n\t\t\t\t\t\t\t\t<img title=\"A z\u00e1rt \u00e9lm\u00e9nyf\u00fcrd\u0151 rossz id\u0151ben is biztos c\u00e9l\" alt=\"A z\u00e1rt \u00e9lm\u00e9nyf\u00fcrd\u0151 rossz id\u0151ben is biztos c\u00e9l\" src=\"https:\/\/gyoparosfurdo-oroshaza.hu\/wp-content\/gallery\/hetvege\/thumbs\/thumbs_hetvege_04.jpg\" width=\"120\" height=\"95\" \/>\n\t\t\t\t\t\t\t<\/a>\n\t\t<\/div>\n\t<\/div>\n\t\n\t\t\n \t\t\n\t<div id=\"ngg-image-965\" class=\"ngg-gallery-thumbnail-box\"  >\n\t\t<div class=\"ngg-gallery-thumbnail\" >\n\t\t\t<a href=\"https:\/\/gyoparosfurdo-oroshaza.hu\/wp-content\/gallery\/hetvege\/gyoparosfurdo-gyogyfurdo.jpg\" title=\"A gyop\u00e1rosi gy\u00f3gyf\u00fcrd\u0151 \" class=\"thickbox\" rel=\"set_44\" >\n\t\t\t\t\t\t\t\t<img title=\"A gyop\u00e1rosi gy\u00f3gyf\u00fcrd\u0151 \" alt=\"A gyop\u00e1rosi gy\u00f3gyf\u00fcrd\u0151 \" src=\"https:\/\/gyoparosfurdo-oroshaza.hu\/wp-content\/gallery\/hetvege\/thumbs\/thumbs_gyoparosfurdo-gyogyfurdo.jpg\" width=\"120\" height=\"95\" \/>\n\t\t\t\t\t\t\t<\/a>\n\t\t<\/div>\n\t<\/div>\n\t\n\t\t\n \t\t\n\t<div id=\"ngg-image-966\" class=\"ngg-gallery-thumbnail-box\"  >\n\t\t<div class=\"ngg-gallery-thumbnail\" >\n\t\t\t<a href=\"https:\/\/gyoparosfurdo-oroshaza.hu\/wp-content\/gallery\/hetvege\/gyoparosfurdo-szauna-2.jpg\" title=\"Szaunapark\" class=\"thickbox\" rel=\"set_44\" >\n\t\t\t\t\t\t\t\t<img title=\"Szaunapark\" alt=\"Szaunapark\" src=\"https:\/\/gyoparosfurdo-oroshaza.hu\/wp-content\/gallery\/hetvege\/thumbs\/thumbs_gyoparosfurdo-szauna-2.jpg\" width=\"120\" height=\"95\" \/>\n\t\t\t\t\t\t\t<\/a>\n\t\t<\/div>\n\t<\/div>\n\t\n\t\t\n \t\t\n\t<div id=\"ngg-image-356\" class=\"ngg-gallery-thumbnail-box\"  >\n\t\t<div class=\"ngg-gallery-thumbnail\" >\n\t\t\t<a href=\"https:\/\/gyoparosfurdo-oroshaza.hu\/wp-content\/gallery\/hetvege\/hetvege_05.jpg\" title=\"Az \u00e9lm\u00e9nyf\u00fcrd\u0151 cs\u00faszd\u00e1i senkit nem hagynak hidegen\" class=\"thickbox\" rel=\"set_44\" >\n\t\t\t\t\t\t\t\t<img title=\"Az \u00e9lm\u00e9nyf\u00fcrd\u0151 cs\u00faszd\u00e1i senkit nem hagynak hidegen\" alt=\"Az \u00e9lm\u00e9nyf\u00fcrd\u0151 cs\u00faszd\u00e1i senkit nem hagynak hidegen\" src=\"https:\/\/gyoparosfurdo-oroshaza.hu\/wp-content\/gallery\/hetvege\/thumbs\/thumbs_hetvege_05.jpg\" width=\"120\" height=\"95\" \/>\n\t\t\t\t\t\t\t<\/a>\n\t\t<\/div>\n\t<\/div>\n\t\n\t\t\n \t\t\n\t<div id=\"ngg-image-357\" class=\"ngg-gallery-thumbnail-box\"  >\n\t\t<div class=\"ngg-gallery-thumbnail\" >\n\t\t\t<a href=\"https:\/\/gyoparosfurdo-oroshaza.hu\/wp-content\/gallery\/hetvege\/hetvege_06.jpg\" title=\"A z\u00f6ld Parkf\u00fcrd\u0151ben 50 m\u00e9teres, hideg viz\u0171 sportmedence v\u00e1r\" class=\"thickbox\" rel=\"set_44\" >\n\t\t\t\t\t\t\t\t<img title=\"A z\u00f6ld Parkf\u00fcrd\u0151ben 50 m\u00e9teres, hideg viz\u0171 sportmedence v\u00e1r\" alt=\"A z\u00f6ld Parkf\u00fcrd\u0151ben 50 m\u00e9teres, hideg viz\u0171 sportmedence v\u00e1r\" src=\"https:\/\/gyoparosfurdo-oroshaza.hu\/wp-content\/gallery\/hetvege\/thumbs\/thumbs_hetvege_06.jpg\" width=\"120\" height=\"95\" \/>\n\t\t\t\t\t\t\t<\/a>\n\t\t<\/div>\n\t<\/div>\n\t\n\t\t\n \t\t\n\t<div id=\"ngg-image-359\" class=\"ngg-gallery-thumbnail-box\"  >\n\t\t<div class=\"ngg-gallery-thumbnail\" >\n\t\t\t<a href=\"https:\/\/gyoparosfurdo-oroshaza.hu\/wp-content\/gallery\/hetvege\/hetvege_08.jpg\" title=\"Parkf\u00fcrd\u0151: k\u00e9nyelmesen a szabad \u00e9g alatt\" class=\"thickbox\" rel=\"set_44\" >\n\t\t\t\t\t\t\t\t<img title=\"Parkf\u00fcrd\u0151: k\u00e9nyelmesen a szabad \u00e9g alatt\" alt=\"Parkf\u00fcrd\u0151: k\u00e9nyelmesen a szabad \u00e9g alatt\" src=\"https:\/\/gyoparosfurdo-oroshaza.hu\/wp-content\/gallery\/hetvege\/thumbs\/thumbs_hetvege_08.jpg\" width=\"120\" height=\"95\" \/>\n\t\t\t\t\t\t\t<\/a>\n\t\t<\/div>\n\t<\/div>\n\t\n\t\t\n \t\t\n\t<div id=\"ngg-image-360\" class=\"ngg-gallery-thumbnail-box\"  >\n\t\t<div class=\"ngg-gallery-thumbnail\" >\n\t\t\t<a href=\"https:\/\/gyoparosfurdo-oroshaza.hu\/wp-content\/gallery\/hetvege\/hetvege_09.jpg\" title=\"Fut\u00e1s a t\u00f3 k\u00f6r\u00fcl: fens\u00e9ges panor\u00e1ma fogad\" class=\"thickbox\" rel=\"set_44\" >\n\t\t\t\t\t\t\t\t<img title=\"Fut\u00e1s a t\u00f3 k\u00f6r\u00fcl: fens\u00e9ges panor\u00e1ma fogad\" alt=\"Fut\u00e1s a t\u00f3 k\u00f6r\u00fcl: fens\u00e9ges panor\u00e1ma fogad\" src=\"https:\/\/gyoparosfurdo-oroshaza.hu\/wp-content\/gallery\/hetvege\/thumbs\/thumbs_hetvege_09.jpg\" width=\"120\" height=\"95\" \/>\n\t\t\t\t\t\t\t<\/a>\n\t\t<\/div>\n\t<\/div>\n\t\n\t\t\n \t\t\n\t<div id=\"ngg-image-361\" class=\"ngg-gallery-thumbnail-box\"  >\n\t\t<div class=\"ngg-gallery-thumbnail\" >\n\t\t\t<a href=\"https:\/\/gyoparosfurdo-oroshaza.hu\/wp-content\/gallery\/hetvege\/hetvege_10.jpg\" title=\"A gyop\u00e1rosi f\u00fcrd\u0151t \u00f3ri\u00e1si park \u00f6leli k\u00f6rbe\" class=\"thickbox\" rel=\"set_44\" >\n\t\t\t\t\t\t\t\t<img title=\"A gyop\u00e1rosi f\u00fcrd\u0151t \u00f3ri\u00e1si park \u00f6leli k\u00f6rbe\" alt=\"A gyop\u00e1rosi f\u00fcrd\u0151t \u00f3ri\u00e1si park \u00f6leli k\u00f6rbe\" src=\"https:\/\/gyoparosfurdo-oroshaza.hu\/wp-content\/gallery\/hetvege\/thumbs\/thumbs_hetvege_10.jpg\" width=\"120\" height=\"95\" \/>\n\t\t\t\t\t\t\t<\/a>\n\t\t<\/div>\n\t<\/div>\n\t\n\t\t\n \t\t\n\t<div id=\"ngg-image-362\" class=\"ngg-gallery-thumbnail-box\"  >\n\t\t<div class=\"ngg-gallery-thumbnail\" >\n\t\t\t<a href=\"https:\/\/gyoparosfurdo-oroshaza.hu\/wp-content\/gallery\/hetvege\/hetvege_11.jpg\" title=\"A kardosk\u00fati Feh\u00e9rt\u00f3 fens\u00e9ge l\u00e1tv\u00e1nya\" class=\"thickbox\" rel=\"set_44\" >\n\t\t\t\t\t\t\t\t<img title=\"A kardosk\u00fati Feh\u00e9rt\u00f3 fens\u00e9ge l\u00e1tv\u00e1nya\" alt=\"A kardosk\u00fati Feh\u00e9rt\u00f3 fens\u00e9ge l\u00e1tv\u00e1nya\" src=\"https:\/\/gyoparosfurdo-oroshaza.hu\/wp-content\/gallery\/hetvege\/thumbs\/thumbs_hetvege_11.jpg\" width=\"120\" height=\"95\" \/>\n\t\t\t\t\t\t\t<\/a>\n\t\t<\/div>\n\t<\/div>\n\t\n\t\t\n \t\t\n\t<div id=\"ngg-image-363\" class=\"ngg-gallery-thumbnail-box\"  >\n\t\t<div class=\"ngg-gallery-thumbnail\" >\n\t\t\t<a href=\"https:\/\/gyoparosfurdo-oroshaza.hu\/wp-content\/gallery\/hetvege\/hetvege_12.jpg\" title=\"Az alf\u00f6ld v\u00e9gtelenje Feh\u00e9rt\u00f3n\" class=\"thickbox\" rel=\"set_44\" >\n\t\t\t\t\t\t\t\t<img title=\"Az alf\u00f6ld v\u00e9gtelenje Feh\u00e9rt\u00f3n\" alt=\"Az alf\u00f6ld v\u00e9gtelenje Feh\u00e9rt\u00f3n\" src=\"https:\/\/gyoparosfurdo-oroshaza.hu\/wp-content\/gallery\/hetvege\/thumbs\/thumbs_hetvege_12.jpg\" width=\"120\" height=\"95\" \/>\n\t\t\t\t\t\t\t<\/a>\n\t\t<\/div>\n\t<\/div>\n\t\n\t\t\n \t \t\n\t<!-- Pagination -->\n \t<div class='ngg-clear'><\/div>\n \t\n<\/div>\n\n\n<\/div>\n","protected":false},"excerpt":{"rendered":"<p>Eine Wochenende, um Zeit aktiv und passiv zu verbringen Sprechen wir mal gar \u00fcber eine Wochenende mit aktiver oder passiver Entspannung und Erholung, w\u00e4hlen Sie den Ort in Gyop\u00e1rosf\u00fcrd\u0151-Bad, wir garantieren Ihnen, Sie werden sich sicher nicht entt\u00e4uschen. Die Garantie, &hellip; <a href=\"https:\/\/gyoparosfurdo-oroshaza.hu\/de\/programme\/fuer-wochenende\">Folytat\u00e1s <span class=\"meta-nav\">&rarr;<\/span><\/a><\/p>\n","protected":false},"author":6,"featured_media":0,"parent":26025,"menu_order":0,"comment_status":"closed","ping_status":"closed","template":"","meta":[],"_links":{"self":[{"href":"https:\/\/gyoparosfurdo-oroshaza.hu\/de\/wp-json\/wp\/v2\/pages\/26067"}],"collection":[{"href":"https:\/\/gyoparosfurdo-oroshaza.hu\/de\/wp-json\/wp\/v2\/pages"}],"about":[{"href":"https:\/\/gyoparosfurdo-oroshaza.hu\/de\/wp-json\/wp\/v2\/types\/page"}],"author":[{"embeddable":true,"href":"https:\/\/gyoparosfurdo-oroshaza.hu\/de\/wp-json\/wp\/v2\/users\/6"}],"replies":[{"embeddable":true,"href":"https:\/\/gyoparosfurdo-oroshaza.hu\/de\/wp-json\/wp\/v2\/comments?post=26067"}],"version-history":[{"count":0,"href":"https:\/\/gyoparosfurdo-oroshaza.hu\/de\/wp-json\/wp\/v2\/pages\/26067\/revisions"}],"up":[{"embeddable":true,"href":"https:\/\/gyoparosfurdo-oroshaza.hu\/de\/wp-json\/wp\/v2\/pages\/26025"}],"wp:attachment":[{"href":"https:\/\/gyoparosfurdo-oroshaza.hu\/de\/wp-json\/wp\/v2\/media?parent=26067"}],"curies":[{"name":"wp","href":"https:\/\/api.w.org\/{rel}","templated":true}]}}