{"id":26063,"date":"2012-04-13T12:12:05","date_gmt":"2012-04-13T10:12:05","guid":{"rendered":"https:\/\/gyoparosfurdo-oroshaza.hu\/fuer-photographer"},"modified":"2012-04-13T12:12:05","modified_gmt":"2012-04-13T11:12:05","slug":"fuer-photographer","status":"publish","type":"page","link":"https:\/\/gyoparosfurdo-oroshaza.hu\/de\/programme\/fuer-photographer","title":{"rendered":"F\u00fcr Photographer"},"content":{"rendered":"<div class=\"topten_grid_container topten_page\"><div class=\"topten_grid_item\"><span class=\"h3\">Top Programme<\/span><a href=\"\/de\/programme\/fuer-kulturfans\" class=\"topten_fuer-kulturfans first\">F\u00fcr Kulturfans &raquo;<\/a><a href=\"\/de\/programme\/1-woche\" class=\"topten_1-woche\">Auf eine Woche &raquo;<\/a><a href=\"\/de\/programme\/fuer-angeln\" class=\"topten_fuer-angeln first\">F\u00fcr Angeln &raquo;<\/a><a href=\"\/de\/programme\/fuer-photographer\" class=\"topten_fuer-photographer active\">F\u00fcr Photographer &raquo;<\/a><a href=\"\/de\/programme\/fuer-sportfans\" class=\"topten_fuer-sportfans first\">F\u00fcr Sportfans &raquo;<\/a><a href=\"\/de\/programme\/fuer-familien\" class=\"topten_fuer-familien\">F\u00fcr Familien &raquo;<\/a><a href=\"\/de\/programme\/im-sommer\" class=\"topten_im-sommer first\">Im Sommer &raquo;<\/a><a href=\"\/de\/programme\/1-tag\" class=\"topten_1-tag\">Auf ein Tag &raquo;<\/a><a href=\"\/de\/programme\/fuer-fahrraeder\" class=\"topten_fuer-fahrraeder first\">F\u00fcr Fahrr\u00e4der &raquo;<\/a><a href=\"\/de\/programme\/fuer-wochenende\" class=\"topten_fuer-wochenende\">Wochenende &raquo;<\/a><a href=\"\/de\/programme\/im-winter\" class=\"topten_im-winter first\">Im Winter &raquo;<\/a><a href=\"\/de\/programme\/fuer-jugend\" class=\"topten_fuer-jugend\">F\u00fcr Jugend &raquo;<\/a><a href=\"\/de\/programme\/fuer-paare\" class=\"topten_fuer-paare first\">F\u00fcr Paare &raquo;<\/a><a href=\"\/de\/programme\/mit-dem-auto\" class=\"topten_mit-dem-auto\">Mit dem Auto &raquo;<\/a><\/div><a href=\"https:\/\/gyoparosfurdo-oroshaza.hu\/de\/programok\/a-puszta-telen\" title=\"Der Pussta im Winter\" class=\"topten_grid_item\"><span class=\"number\">1<\/span><img width=\"290\" height=\"230\" src=\"https:\/\/gyoparosfurdo-oroshaza.hu\/wp-content\/uploads\/2012\/04\/A_puszta_telen.jpg\" class=\"lazyload wp-post-image\" alt=\"\" loading=\"lazy\" \/><span class=\"title\">Der Pussta im Winter<\/span><span class=\"text\">Der Pussta aus der Tiefebene zieht viele Besucher nicht nur in den sommerlichen Monaten mit der Hitze \u00f6fters \u00fcber 34-36C\u00b0, sondern auch im Winter an.<\/span><\/a><a href=\"https:\/\/gyoparosfurdo-oroshaza.hu\/de\/programok\/panorama-kilato\" title=\"Panoramaturm\" class=\"topten_grid_item\"><span class=\"number\">2<\/span><img width=\"290\" height=\"230\" src=\"https:\/\/gyoparosfurdo-oroshaza.hu\/wp-content\/uploads\/2012\/04\/Panorama_kilato.jpg\" class=\"lazyload wp-post-image\" alt=\"\" loading=\"lazy\" \/><span class=\"title\">Panoramaturm<\/span><span class=\"text\">Der Panoramaturm ist ein der besonderen Sehensw\u00fcrdigkeiten von orosh\u00e1za bzw. Gyop\u00e1ros-Bad.<\/span><\/a><a href=\"https:\/\/gyoparosfurdo-oroshaza.hu\/de\/programok\/tortenelmi-emlekpark\" title=\"Historischer Memorialpark\" class=\"topten_grid_item\"><span class=\"number\">3<\/span><img width=\"290\" height=\"230\" src=\"https:\/\/gyoparosfurdo-oroshaza.hu\/wp-content\/uploads\/2012\/04\/Tortenelmi_Emlekpark.jpg\" class=\"lazyload wp-post-image\" alt=\"\" loading=\"lazy\" \/><span class=\"title\">Historischer Memorialpark<\/span><span class=\"text\">Obwohl eher hat der Skulpturpark in orosh\u00e1za ernsten gesellschaftichen Debatte, wurde der Park f\u00fcr heute schon ein sehr deutlicher Teil des Stadtlebens.<\/span><\/a><a href=\"https:\/\/gyoparosfurdo-oroshaza.hu\/de\/programok\/oroshazi-szobortura\" title=\"Statuentor\" class=\"topten_grid_item\"><span class=\"number\">4<\/span><img width=\"290\" height=\"230\" src=\"https:\/\/gyoparosfurdo-oroshaza.hu\/wp-content\/uploads\/2012\/04\/Oroshazi_szobortura.jpg\" class=\"lazyload wp-post-image\" alt=\"\" loading=\"lazy\" \/><span class=\"title\">Statuentor<\/span><span class=\"text\">Fangen wir mal unser Statuentour auf dem Vilmos Gy\u0151ri Platz.<\/span><\/a><a href=\"https:\/\/gyoparosfurdo-oroshaza.hu\/de\/programok\/kardoskuti-feherto\" title=\"Weisser-See in Kardosk\u00fat\" class=\"topten_grid_item\"><span class=\"number\">5<\/span><img width=\"290\" height=\"230\" src=\"https:\/\/gyoparosfurdo-oroshaza.hu\/wp-content\/uploads\/2012\/04\/24_Kardoskuti_feher_to.jpg\" class=\"lazyload wp-post-image\" alt=\"\" loading=\"lazy\" \/><span class=\"title\">Weisser-See in Kardosk\u00fat<\/span><span class=\"text\">Der Feh\u00e9rt\u00f3(Weisser-See) in Kardosk\u00fat ist auch ein unausl\u00e4sslicher Reiseziel f\u00fcr den, der den Urlaub in Orosh\u00e1za oder in der Umgebung verbringt.<\/span><\/a><div class=\"clear\"><\/div><\/div>\n<div class=\"W560\">\n<span class=\"h3\">F\u00fcr Photographer: Verewigen Sie f\u00fcr sich Orosh\u00e1za und ihre Gegend!<\/span><\/p>\n<h2>Es gibt verschiedene Photographer: derjenige, der sich von der Natur begeistert ist, es gibt welche, die gerne die Werte der gebauten gegend verewigen und esgibt andere, die sich nur f\u00fcr Land und Leute interessieren, d.h. sie interessieren sich meistens f\u00fcr Soziofotographirung interssiert.<\/h2>\n<p>Nun, wenn Sie ihre ganze Fotoapparatausr\u00fcstung nach Orosh\u00e1za sich mitbringen k\u00f6nnen, habne wir gute Tipps zu jeder drei Hauptregionen.<\/p>\n<p>Die Natursch\u00e4tze der Tiefebene sind nicht n\u00f6tig, um vorzustellen, da wir uns auch auf dieser Seite mit denen besch\u00e4ftigen werden. Die Hauptsache ist, das die hier befindliche Flora und Fauna eine ausgezeichnetes Fotothema unabh\u00e4ngig von Jahnreszeiten und Tageszeit, anbietet und das ist kein Zufall, dass der beste Naturphotogrpher, M\u00e1t\u00e9 Bence hier, nicht ganz100 km weit von Orosh\u00e1za, auf der S\u00fcd-Tiefebene. Lassen Sie uns Ihnen einige Tipps laut Vorschlag von den Profis : vor allem lohnt es sich die Umgebung der Seewelt und der See in Gyop\u00e1ros, zu photographieren, so wie auch  das Naturschutzgebiet der Orte Szabadk\u00edgy\u00f3s, D\u00e9vav\u00e1nya, Szarvas, Kardosk\u00fat, die zu dem K\u00f6r\u00f6s-Maros Nationalpark geh\u00f6ren, ist ein wundersch\u00f6nes Photothema und die ganze Gegend bietet jedem ein abgetrennte eigene aufregende Welt an.<\/p>\n<p>In <a href=\"\/de\/programok\/szarvas\" title=\"Szarvas\">Szarvas<\/a> m\u00fcssen wir nicht vergessen, das  Arboretum aufzusuchen. Wenn Sie sich f\u00fcr die Wasserwelt der K\u00f6r\u00f6s Fl\u00fcsse interessieren, gibt es sich hier wirklich vieles, um unser Objektiv zu aktivieren, da  der Schwarze-K\u00f6r\u00f6s,Weisse-K\u00f6r\u00f6s und  der Zwei,-bzw.Dreileitungfl\u00fcsse der K\u00f6r\u00f6s sind ausgew\u00f6hnlich aufregender Anblick, nicht zu sprechend \u00fcber die hier befindlichen Flora und Fauna. Die Welt des Orts S\u00e1rr\u00e9t in der Nord-B\u00e9k\u00e9s Komitat, die Gegend der \u201cTrocken-Quelle\u201d, heisst in ungarisch Sz\u00e1raz-\u00e9r in der S\u00fcd-B\u00e9k\u00e9s Komitat und die Parkstadt von Mez\u0151hegyes k\u00f6nnen dem Photographer einen sehr aufgeregenden Reiseziel angeboten werden.<\/p>\n<p>Die Komitat ist ausgew\u00f6hnlich reich an Baudenkm\u00e4hlen: in Orosh\u00e1za werden die Photografierens\u00fcchtigen durch Kirchen, auf \u00f6ffentlichen Platz stehenden Bauwerke angezogen, aber wenn  man M\u00f6glichkeit hat, um sich zu bewegen, dann kann ma sich nach <a href=\"\/de\/programok\/gyula\" title=\"Gyula\">Gyula<\/a> und Szarvas begeben, das ist deshalb kein Zufall, dass das Letztere als Athene der K\u00f6r\u00f6s-Gegend heisst. In Gyula befinden sich es die ehemaligen Geb\u00e4ude und der Schloss der B\u00fcrgerstadt, ein unauslanssendes Erlebnis sind die Denkmalh\u00e4user von D\u00fcrer,-und Ferenc Erkel und gleichzeitg ist es so in der Stadt Szarvas, wo die bis heute in gutem Zustand stehenden und gepflegten Denkm\u00e4hle der  Erbschaft von Tessedik auch ein herrliches Erlebnis ist. Ausser diesem bieten wir dem Photographierungs\u00fcchtigen die traditionsbewahrenden Nationalit\u00e4tengeb\u00e4ude und ihre Versammlungen in <a href=\"\/de\/programok\/totkomlos\" title=\"T\u00f3tkoml\u00f3s\">T\u00f3tkoml\u00f3s<\/a>, <a href=\"\/de\/programok\/bekescsaba\" title=\"B\u00e9k\u00e9scsaba\">B\u00e9k\u00e9scsaba<\/a>, Elek, Battonya und M\u00e9hker\u00e9k.<\/p>\n<p>Und am Ende f\u00fcr Soziophotographer, damit er spazerie  <a href=\"\/de\/programok\/seta-oroshaza-belvarosaban\" title=\"in der Stadt\">in der Stadt<\/a>, damit er beobachte die Leute, sitze in dem Park ab, gehe in ein Warenhaus, sitze in eine Kaffeterie oder in eine Konditorei ein oder eben in eine kleine Kneipe, und er kann erfahren und sehen, was f\u00fcr hervorragende menschliche Schicksalen sich vor seinen Augen herausgestalten, beobachte uns, und wenn er ein gutes Thema angreifen kann, kann er dieses f\u00fcr sich verewigen, was f\u00fcr Leute in Orosh\u00e1za wir sind&#8230;<\/p>\n<h3>Bildgalerie<\/h3>\n\n<div class=\"ngg-galleryoverview\" id=\"ngg-gallery-19-26063\">\n\n\n\t\n\t<!-- Thumbnails -->\n\t\t\n\t<div id=\"ngg-image-73\" class=\"ngg-gallery-thumbnail-box\"  >\n\t\t<div class=\"ngg-gallery-thumbnail\" >\n\t\t\t<a href=\"https:\/\/gyoparosfurdo-oroshaza.hu\/wp-content\/gallery\/foto\/foto_01.jpg\" title=\"A Gyop\u00e1rosi t\u00f3 k\u00f6rny\u00e9ke kiv\u00e1l\u00f3 terep a term\u00e9szetfot\u00f3z\u00e1shoz\" class=\"thickbox\" rel=\"set_19\" >\n\t\t\t\t\t\t\t\t<img title=\"Fot\u00f3z\u00e1s: v\u00edz \u00e9s term\u00e9szet\" alt=\"Fot\u00f3z\u00e1s: v\u00edz \u00e9s term\u00e9szet\" src=\"https:\/\/gyoparosfurdo-oroshaza.hu\/wp-content\/gallery\/foto\/thumbs\/thumbs_foto_01.jpg\" width=\"120\" height=\"95\" \/>\n\t\t\t\t\t\t\t<\/a>\n\t\t<\/div>\n\t<\/div>\n\t\n\t\t\n \t\t\n\t<div id=\"ngg-image-74\" class=\"ngg-gallery-thumbnail-box\"  >\n\t\t<div class=\"ngg-gallery-thumbnail\" >\n\t\t\t<a href=\"https:\/\/gyoparosfurdo-oroshaza.hu\/wp-content\/gallery\/foto\/foto_02.jpg\" title=\"A Gyop\u00e1rosi t\u00f3 k\u00f6rny\u00e9ke kiv\u00e1l\u00f3 terep a term\u00e9szetfot\u00f3z\u00e1shoz\" class=\"thickbox\" rel=\"set_19\" >\n\t\t\t\t\t\t\t\t<img title=\"Fot\u00f3z\u00e1s: Gyop\u00e1rosi t\u00f3 n\u00e1ddal\" alt=\"Fot\u00f3z\u00e1s: Gyop\u00e1rosi t\u00f3 n\u00e1ddal\" src=\"https:\/\/gyoparosfurdo-oroshaza.hu\/wp-content\/gallery\/foto\/thumbs\/thumbs_foto_02.jpg\" width=\"120\" height=\"95\" \/>\n\t\t\t\t\t\t\t<\/a>\n\t\t<\/div>\n\t<\/div>\n\t\n\t\t\n \t\t\n\t<div id=\"ngg-image-75\" class=\"ngg-gallery-thumbnail-box\"  >\n\t\t<div class=\"ngg-gallery-thumbnail\" >\n\t\t\t<a href=\"https:\/\/gyoparosfurdo-oroshaza.hu\/wp-content\/gallery\/foto\/foto_03.jpg\" title=\"A Gyop\u00e1rosi t\u00f3 k\u00f6rny\u00e9ke kiv\u00e1l\u00f3 terep a term\u00e9szetfot\u00f3z\u00e1shoz\" class=\"thickbox\" rel=\"set_19\" >\n\t\t\t\t\t\t\t\t<img title=\"Fot\u00f3z\u00e1s: Gyop\u00e1rosi t\u00f3 n\u00e1ddal\" alt=\"Fot\u00f3z\u00e1s: Gyop\u00e1rosi t\u00f3 n\u00e1ddal\" src=\"https:\/\/gyoparosfurdo-oroshaza.hu\/wp-content\/gallery\/foto\/thumbs\/thumbs_foto_03.jpg\" width=\"120\" height=\"95\" \/>\n\t\t\t\t\t\t\t<\/a>\n\t\t<\/div>\n\t<\/div>\n\t\n\t\t\n \t\t\n\t<div id=\"ngg-image-76\" class=\"ngg-gallery-thumbnail-box\"  >\n\t\t<div class=\"ngg-gallery-thumbnail\" >\n\t\t\t<a href=\"https:\/\/gyoparosfurdo-oroshaza.hu\/wp-content\/gallery\/foto\/foto_04.jpg\" title=\"A Gyop\u00e1rosi t\u00f3 k\u00f6rny\u00e9ke kiv\u00e1l\u00f3 terep a term\u00e9szetfot\u00f3z\u00e1shoz\" class=\"thickbox\" rel=\"set_19\" >\n\t\t\t\t\t\t\t\t<img title=\"Fot\u00f3z\u00e1s: n\u00e1d makr\u00f3fot\u00f3\" alt=\"Fot\u00f3z\u00e1s: n\u00e1d makr\u00f3fot\u00f3\" src=\"https:\/\/gyoparosfurdo-oroshaza.hu\/wp-content\/gallery\/foto\/thumbs\/thumbs_foto_04.jpg\" width=\"120\" height=\"95\" \/>\n\t\t\t\t\t\t\t<\/a>\n\t\t<\/div>\n\t<\/div>\n\t\n\t\t\n \t\t\n\t<div id=\"ngg-image-77\" class=\"ngg-gallery-thumbnail-box\"  >\n\t\t<div class=\"ngg-gallery-thumbnail\" >\n\t\t\t<a href=\"https:\/\/gyoparosfurdo-oroshaza.hu\/wp-content\/gallery\/foto\/foto_05.jpg\" title=\"A Gyop\u00e1rosi t\u00f3 k\u00f6rny\u00e9ke kiv\u00e1l\u00f3 terep a term\u00e9szetfot\u00f3z\u00e1shoz\" class=\"thickbox\" rel=\"set_19\" >\n\t\t\t\t\t\t\t\t<img title=\"Fot\u00f3z\u00e1s: n\u00e1d b\u00e9kany\u00e1llal\" alt=\"Fot\u00f3z\u00e1s: n\u00e1d b\u00e9kany\u00e1llal\" src=\"https:\/\/gyoparosfurdo-oroshaza.hu\/wp-content\/gallery\/foto\/thumbs\/thumbs_foto_05.jpg\" width=\"120\" height=\"95\" \/>\n\t\t\t\t\t\t\t<\/a>\n\t\t<\/div>\n\t<\/div>\n\t\n\t\t\n \t\t\n\t<div id=\"ngg-image-78\" class=\"ngg-gallery-thumbnail-box\"  >\n\t\t<div class=\"ngg-gallery-thumbnail\" >\n\t\t\t<a href=\"https:\/\/gyoparosfurdo-oroshaza.hu\/wp-content\/gallery\/foto\/foto_06.jpg\" title=\"A strandon is sok \u00e9rdekes fot\u00f3t\u00e9ma fogad\" class=\"thickbox\" rel=\"set_19\" >\n\t\t\t\t\t\t\t\t<img title=\"Fot\u00f3z\u00e1s: v\u00edzibiciklik\" alt=\"Fot\u00f3z\u00e1s: v\u00edzibiciklik\" src=\"https:\/\/gyoparosfurdo-oroshaza.hu\/wp-content\/gallery\/foto\/thumbs\/thumbs_foto_06.jpg\" width=\"120\" height=\"95\" \/>\n\t\t\t\t\t\t\t<\/a>\n\t\t<\/div>\n\t<\/div>\n\t\n\t\t\n \t\t\n\t<div id=\"ngg-image-79\" class=\"ngg-gallery-thumbnail-box\"  >\n\t\t<div class=\"ngg-gallery-thumbnail\" >\n\t\t\t<a href=\"https:\/\/gyoparosfurdo-oroshaza.hu\/wp-content\/gallery\/foto\/foto_07.jpg\" title=\"A strandon is sok \u00e9rdekes fot\u00f3t\u00e9ma fogad\" class=\"thickbox\" rel=\"set_19\" >\n\t\t\t\t\t\t\t\t<img title=\"Fot\u00f3z\u00e1s: gyermekek a v\u00edzben\" alt=\"Fot\u00f3z\u00e1s: gyermekek a v\u00edzben\" src=\"https:\/\/gyoparosfurdo-oroshaza.hu\/wp-content\/gallery\/foto\/thumbs\/thumbs_foto_07.jpg\" width=\"120\" height=\"95\" \/>\n\t\t\t\t\t\t\t<\/a>\n\t\t<\/div>\n\t<\/div>\n\t\n\t\t\n \t\t\n\t<div id=\"ngg-image-80\" class=\"ngg-gallery-thumbnail-box\"  >\n\t\t<div class=\"ngg-gallery-thumbnail\" >\n\t\t\t<a href=\"https:\/\/gyoparosfurdo-oroshaza.hu\/wp-content\/gallery\/foto\/foto_08.jpg\" title=\"A belv\u00e1ros sem \u00e9rdektelen fot\u00f3s szempontb\u00f3l\" class=\"thickbox\" rel=\"set_19\" >\n\t\t\t\t\t\t\t\t<img title=\"Fot\u00f3z\u00e1s: templom sziv\u00e1rv\u00e1nnyal\" alt=\"Fot\u00f3z\u00e1s: templom sziv\u00e1rv\u00e1nnyal\" src=\"https:\/\/gyoparosfurdo-oroshaza.hu\/wp-content\/gallery\/foto\/thumbs\/thumbs_foto_08.jpg\" width=\"120\" height=\"95\" \/>\n\t\t\t\t\t\t\t<\/a>\n\t\t<\/div>\n\t<\/div>\n\t\n\t\t\n \t\t\n\t<div id=\"ngg-image-81\" class=\"ngg-gallery-thumbnail-box\"  >\n\t\t<div class=\"ngg-gallery-thumbnail\" >\n\t\t\t<a href=\"https:\/\/gyoparosfurdo-oroshaza.hu\/wp-content\/gallery\/foto\/foto_09.jpg\" title=\"A v\u00e1rost elhagyva is \u00e9rdekes fot\u00f3t\u00e9m\u00e1kra lelhet\u00fcnk\" class=\"thickbox\" rel=\"set_19\" >\n\t\t\t\t\t\t\t\t<img title=\"Fot\u00f3z\u00e1s: tanyasi macska\" alt=\"Fot\u00f3z\u00e1s: tanyasi macska\" src=\"https:\/\/gyoparosfurdo-oroshaza.hu\/wp-content\/gallery\/foto\/thumbs\/thumbs_foto_09.jpg\" width=\"120\" height=\"95\" \/>\n\t\t\t\t\t\t\t<\/a>\n\t\t<\/div>\n\t<\/div>\n\t\n\t\t\n \t\t\n\t<div id=\"ngg-image-82\" class=\"ngg-gallery-thumbnail-box\"  >\n\t\t<div class=\"ngg-gallery-thumbnail\" >\n\t\t\t<a href=\"https:\/\/gyoparosfurdo-oroshaza.hu\/wp-content\/gallery\/foto\/foto_10.jpg\" title=\"A v\u00e1rost elhagyva is \u00e9rdekes fot\u00f3t\u00e9m\u00e1kra lelhet\u00fcnk\" class=\"thickbox\" rel=\"set_19\" >\n\t\t\t\t\t\t\t\t<img title=\"Fot\u00f3z\u00e1s: a m\u00falt eml\u00e9kei Nagyb\u00e1nhegyesen\" alt=\"Fot\u00f3z\u00e1s: a m\u00falt eml\u00e9kei Nagyb\u00e1nhegyesen\" src=\"https:\/\/gyoparosfurdo-oroshaza.hu\/wp-content\/gallery\/foto\/thumbs\/thumbs_foto_10.jpg\" width=\"120\" height=\"95\" \/>\n\t\t\t\t\t\t\t<\/a>\n\t\t<\/div>\n\t<\/div>\n\t\n\t\t\n \t\t\n\t<div id=\"ngg-image-83\" class=\"ngg-gallery-thumbnail-box\"  >\n\t\t<div class=\"ngg-gallery-thumbnail\" >\n\t\t\t<a href=\"https:\/\/gyoparosfurdo-oroshaza.hu\/wp-content\/gallery\/foto\/foto_11.jpg\" title=\"A v\u00e1rost elhagyva is \u00e9rdekes fot\u00f3t\u00e9m\u00e1kra lelhet\u00fcnk\" class=\"thickbox\" rel=\"set_19\" >\n\t\t\t\t\t\t\t\t<img title=\"Fot\u00f3z\u00e1s: az orosh\u00e1zi tanyavil\u00e1g\" alt=\"Fot\u00f3z\u00e1s: az orosh\u00e1zi tanyavil\u00e1g\" src=\"https:\/\/gyoparosfurdo-oroshaza.hu\/wp-content\/gallery\/foto\/thumbs\/thumbs_foto_11.jpg\" width=\"120\" height=\"95\" \/>\n\t\t\t\t\t\t\t<\/a>\n\t\t<\/div>\n\t<\/div>\n\t\n\t\t\n \t\t\n\t<div id=\"ngg-image-84\" class=\"ngg-gallery-thumbnail-box\"  >\n\t\t<div class=\"ngg-gallery-thumbnail\" >\n\t\t\t<a href=\"https:\/\/gyoparosfurdo-oroshaza.hu\/wp-content\/gallery\/foto\/foto_12.jpg\" title=\"T\u00e9len se hagyjuk otthon kamer\u00e1nkat\" class=\"thickbox\" rel=\"set_19\" >\n\t\t\t\t\t\t\t\t<img title=\"Fot\u00f3z\u00e1s: a puszta t\u00e9len\" alt=\"Fot\u00f3z\u00e1s: a puszta t\u00e9len\" src=\"https:\/\/gyoparosfurdo-oroshaza.hu\/wp-content\/gallery\/foto\/thumbs\/thumbs_foto_12.jpg\" width=\"120\" height=\"95\" \/>\n\t\t\t\t\t\t\t<\/a>\n\t\t<\/div>\n\t<\/div>\n\t\n\t\t\n \t \t\n\t<!-- Pagination -->\n \t<div class='ngg-clear'><\/div>\n \t\n<\/div>\n\n<\/div>\n","protected":false},"excerpt":{"rendered":"<p>F\u00fcr Photographer: Verewigen Sie f\u00fcr sich Orosh\u00e1za und ihre Gegend! Es gibt verschiedene Photographer: derjenige, der sich von der Natur begeistert ist, es gibt welche, die gerne die Werte der gebauten gegend verewigen und esgibt andere, die sich nur f\u00fcr &hellip; <a href=\"https:\/\/gyoparosfurdo-oroshaza.hu\/de\/programme\/fuer-photographer\">Folytat\u00e1s <span class=\"meta-nav\">&rarr;<\/span><\/a><\/p>\n","protected":false},"author":6,"featured_media":0,"parent":26025,"menu_order":0,"comment_status":"closed","ping_status":"closed","template":"","meta":[],"_links":{"self":[{"href":"https:\/\/gyoparosfurdo-oroshaza.hu\/de\/wp-json\/wp\/v2\/pages\/26063"}],"collection":[{"href":"https:\/\/gyoparosfurdo-oroshaza.hu\/de\/wp-json\/wp\/v2\/pages"}],"about":[{"href":"https:\/\/gyoparosfurdo-oroshaza.hu\/de\/wp-json\/wp\/v2\/types\/page"}],"author":[{"embeddable":true,"href":"https:\/\/gyoparosfurdo-oroshaza.hu\/de\/wp-json\/wp\/v2\/users\/6"}],"replies":[{"embeddable":true,"href":"https:\/\/gyoparosfurdo-oroshaza.hu\/de\/wp-json\/wp\/v2\/comments?post=26063"}],"version-history":[{"count":0,"href":"https:\/\/gyoparosfurdo-oroshaza.hu\/de\/wp-json\/wp\/v2\/pages\/26063\/revisions"}],"up":[{"embeddable":true,"href":"https:\/\/gyoparosfurdo-oroshaza.hu\/de\/wp-json\/wp\/v2\/pages\/26025"}],"wp:attachment":[{"href":"https:\/\/gyoparosfurdo-oroshaza.hu\/de\/wp-json\/wp\/v2\/media?parent=26063"}],"curies":[{"name":"wp","href":"https:\/\/api.w.org\/{rel}","templated":true}]}}