{"id":26029,"date":"2012-04-13T11:26:17","date_gmt":"2012-04-13T09:26:17","guid":{"rendered":"https:\/\/gyoparosfurdo-oroshaza.hu\/1-tag"},"modified":"2012-04-13T11:26:17","modified_gmt":"2012-04-13T10:26:17","slug":"1-tag","status":"publish","type":"page","link":"https:\/\/gyoparosfurdo-oroshaza.hu\/de\/programme\/1-tag","title":{"rendered":"1 Tag"},"content":{"rendered":"<div class=\"topten_grid_container topten_page\"><div class=\"topten_grid_item\"><span class=\"h3\">Top Programme<\/span><a href=\"\/de\/programme\/mit-dem-auto\" class=\"topten_mit-dem-auto first\">Mit dem Auto &raquo;<\/a><a href=\"\/de\/programme\/fuer-kulturfans\" class=\"topten_fuer-kulturfans\">F\u00fcr Kulturfans &raquo;<\/a><a href=\"\/de\/programme\/1-woche\" class=\"topten_1-woche first\">Auf eine Woche &raquo;<\/a><a href=\"\/de\/programme\/fuer-angeln\" class=\"topten_fuer-angeln\">F\u00fcr Angeln &raquo;<\/a><a href=\"\/de\/programme\/fuer-photographer\" class=\"topten_fuer-photographer first\">F\u00fcr Photographer &raquo;<\/a><a href=\"\/de\/programme\/fuer-sportfans\" class=\"topten_fuer-sportfans\">F\u00fcr Sportfans &raquo;<\/a><a href=\"\/de\/programme\/fuer-familien\" class=\"topten_fuer-familien first\">F\u00fcr Familien &raquo;<\/a><a href=\"\/de\/programme\/im-sommer\" class=\"topten_im-sommer\">Im Sommer &raquo;<\/a><a href=\"\/de\/programme\/1-tag\" class=\"topten_1-tag first active\">Auf ein Tag &raquo;<\/a><a href=\"\/de\/programme\/fuer-fahrraeder\" class=\"topten_fuer-fahrraeder\">F\u00fcr Fahrr\u00e4der &raquo;<\/a><a href=\"\/de\/programme\/fuer-wochenende\" class=\"topten_fuer-wochenende first\">Wochenende &raquo;<\/a><a href=\"\/de\/programme\/im-winter\" class=\"topten_im-winter\">Im Winter &raquo;<\/a><a href=\"\/de\/programme\/fuer-jugend\" class=\"topten_fuer-jugend first\">F\u00fcr Jugend &raquo;<\/a><a href=\"\/de\/programme\/fuer-paare\" class=\"topten_fuer-paare\">F\u00fcr Paare &raquo;<\/a><\/div><a href=\"https:\/\/gyoparosfurdo-oroshaza.hu\/de\/programok\/elmenyfurdozes-gyoparoson\" title=\"Wellnessbad in Gyop\u00e1rosf\u00fcrd\u0151\" class=\"topten_grid_item\"><span class=\"number\">1<\/span><img width=\"290\" height=\"230\" src=\"https:\/\/gyoparosfurdo-oroshaza.hu\/wp-content\/uploads\/2012\/04\/elmenyfurdo_kiemelt.jpg\" class=\"lazyload wp-post-image\" alt=\"\" loading=\"lazy\" \/><span class=\"title\">Wellnessbad in Gyop\u00e1rosf\u00fcrd\u0151<\/span><span class=\"text\">Im 6000 m\u00b2, 4-Sterne Badkomplexum in Gyop\u00e1ros ist das Bad wirklich ein grossartiges Erlebnnis.<\/span><\/a><a href=\"https:\/\/gyoparosfurdo-oroshaza.hu\/de\/programok\/strandolas-gyoparosfurdon\" title=\"Baden in Gyop\u00e1rosf\u00fcrd\u0151\" class=\"topten_grid_item\"><span class=\"number\">2<\/span><img width=\"290\" height=\"230\" src=\"https:\/\/gyoparosfurdo-oroshaza.hu\/wp-content\/uploads\/2012\/04\/Strandol\u00e1s_gyoparosfurdon.jpg\" class=\"lazyload wp-post-image\" alt=\"\" loading=\"lazy\" \/><span class=\"title\">Baden in Gyop\u00e1rosf\u00fcrd\u0151<\/span><span class=\"text\">Das Gyop\u00e1ros Badkomlexum ist als \u201eder Mekka\u201d von Strandbadens\u00fcchtigen bekannt.<\/span><\/a><a href=\"https:\/\/gyoparosfurdo-oroshaza.hu\/de\/programok\/ejszakai-furdozes\" title=\"N\u00e4chtliches Badevergn\u00fcgen\" class=\"topten_grid_item\"><span class=\"number\">3<\/span><img width=\"290\" height=\"230\" src=\"https:\/\/gyoparosfurdo-oroshaza.hu\/wp-content\/uploads\/2012\/04\/4_Ejszakai_furdozes.jpg\" class=\"lazyload wp-post-image\" alt=\"\" loading=\"lazy\" \/><span class=\"title\">N\u00e4chtliches Badevergn\u00fcgen<\/span><span class=\"text\">Wenn es irgendwelches Anreizendes gibt, dann spricht man \u00fcber ein Nachtbaden.<\/span><\/a><a href=\"https:\/\/gyoparosfurdo-oroshaza.hu\/de\/programok\/seta-oroshaza-belvarosaban\" title=\"Spaziergang im Zentrum von Orosh\u00e1za\" class=\"topten_grid_item\"><span class=\"number\">4<\/span><img width=\"290\" height=\"230\" src=\"https:\/\/gyoparosfurdo-oroshaza.hu\/wp-content\/uploads\/2012\/04\/belvarosi_seta_kiemelt.jpg\" class=\"lazyload wp-post-image\" alt=\"\" loading=\"lazy\" \/><span class=\"title\">Spaziergang im Zentrum von Orosh\u00e1za<\/span><span class=\"text\">Ein Stadt k\u00f6nnen wir so kennenlernen, wenn wir einen Spaziergang im Zentrum der Stadt machen.<\/span><\/a><a href=\"https:\/\/gyoparosfurdo-oroshaza.hu\/de\/programok\/piaclatogatas-oroshazan\" title=\"Marktbesuch\" class=\"topten_grid_item\"><span class=\"number\">5<\/span><img width=\"290\" height=\"230\" src=\"https:\/\/gyoparosfurdo-oroshaza.hu\/wp-content\/uploads\/2012\/04\/Piac.jpg\" class=\"lazyload wp-post-image\" alt=\"\" loading=\"lazy\" \/><span class=\"title\">Marktbesuch<\/span><span class=\"text\">Modernen grossen Marketplatz aus!<\/span><\/a><div class=\"clear\"><\/div><\/div>\n<div class=\"W560\">\n<span class=\"h3\">Blitzbesuch im Gyop\u00e1ros<\/span><\/p>\n<h2>8-10 Stunden beteuten nicht zu viel Zeit, auf Grund genommen, schlafen wir, oder, im besten Fall, arbeiten wir im allgemeinen 8 Stunden.<\/h2>\n<p>Wenn wir aber 8 Stunden versuchen wirklich n\u00fctzlich zu verbringen, es kann ganz Vieles hereinreichen, wie z.B.: Programme in Gyop\u00e1rosbad.<\/p>\n<p>Fangen wir mal mit einer sehr gem\u00fctlichen <a href=\"\/de\/programok\/seta-oroshaza-belvarosaban\" title=\"Stadtpromenade\">Stadtpromenade<\/a>, als Startpunkt empfehlen wir die Strasse  Kossuth, die  sehr gem\u00fctliche, heitere Stimmunghat und das ist die Zentrale f\u00fcr angenehme Promenaden. Nicht weit vonher befindet es sich die traditionelle  <a href=\"\/de\/programok\/piaclatogatas-oroshazan\" title=\"Marktplatz\">provinzielle Marktplatz<\/a> und Markthalle, wo Uragrarproduzenten ihre garantiert zuverlaessige Produkte verkaufen. Es lohnt sich, einen Spaziergang nach R\u00e1k\u00f3czi-Weg, bzw. in die Th\u00e9k Endre-Strasse zu machen, hier  befindet sich <a href=\"\/de\/programok\/varosi-keptar\" title=\"die Bildergalerie der Stadt\">die Bildergalerie der Stadt<\/a> mit ihren zeitweiligen, hervorragenden Ausstellungen. Es ist das einzige Denkmalgebaude der Stadt, die evangelische Kirche zu besichtigen. In dem Stadtzentrum steht es alles zur Verf\u00fcgung, damit man seine Geschaefte nachgehen kann: Einkaufen, Shopping, Bank,-und Versicherungsangelegenheiten.<\/p>\n<p>Wenn wir damit ferig sind, kann der Ort <a href=\"https:\/\/gyoparosfurdo-oroshaza.hu\/de\/gyoparosfurdo\" title=\"Gyop\u00e1rosbad\">Gyop\u00e1rosbad<\/a> an die Reihe kommen,  Daher dauert die Fahrt 5-10 Minuten mit dem Auto  aber es gibt auch Autobus,-und Bahnlinien zu dem Ort. Biszum Eingang des Bades f\u00fchrt ein Radweg f\u00fcr Radfahrer.<\/p>\n<p>Ab jetzt kann die wohlverdiente Planscherei kommen, abhaengig von der Jahreszeit, draussen oder drinnen und nat\u00fcrlich, kann man <a href=\"https:\/\/gyoparosfurdo-oroshaza.hu\/de\/gyoparosfurdo\/saunapark\" title=\"saunen\">saunen<\/a> und therapeutische Dienstleistungen in Ansrpuch nehmen.Wenn wir nicht wohl aufmerksam sind, ist die zu unserer Verf\u00fcgung gestellte Zeit schnell vorbei, obzwar haetten wir noch etwas zu knabbern. Auch  dazu stehen es nat\u00fcrlich ausgezeichnete M\u00f6glichkeiten so wohl in Gyop\u00e1rosbad, als auch in der Stadt zur Verf\u00fcgung..<\/p>\n<p>So viel Zeit waere es auch dazu gen\u00fcgend, damit der Besucher einen pers\u00f6nlichen Eindruck f\u00fcr daraufflogende <a href=\"https:\/\/gyoparosfurdo-oroshaza.hu\/de\/programme\/fuer-wochenende\" title=\"lange Wochennende\">lange Wochennende<\/a> oder f\u00fcr Urlaubsplan hat: doch, lohnt es sich, einige Tage oder gar laenger Zeit hier zu verbringen.<\/p>\n<h3>Bildgalerie<\/h3>\n\n<div class=\"ngg-galleryoverview\" id=\"ngg-gallery-43-26029\">\n\n\n\t\n\t<!-- Thumbnails -->\n\t\t\n\t<div id=\"ngg-image-961\" class=\"ngg-gallery-thumbnail-box\"  >\n\t\t<div class=\"ngg-gallery-thumbnail\" >\n\t\t\t<a href=\"https:\/\/gyoparosfurdo-oroshaza.hu\/wp-content\/gallery\/1nap\/oroshaza-foter-2.jpg\" title=\"Orosh\u00e1za meg\u00fajult f\u0151tere\" class=\"thickbox\" rel=\"set_43\" >\n\t\t\t\t\t\t\t\t<img title=\"Orosh\u00e1za meg\u00fajult f\u0151tere\" alt=\"Orosh\u00e1za meg\u00fajult f\u0151tere\" src=\"https:\/\/gyoparosfurdo-oroshaza.hu\/wp-content\/gallery\/1nap\/thumbs\/thumbs_oroshaza-foter-2.jpg\" width=\"120\" height=\"95\" \/>\n\t\t\t\t\t\t\t<\/a>\n\t\t<\/div>\n\t<\/div>\n\t\n\t\t\n \t\t\n\t<div id=\"ngg-image-960\" class=\"ngg-gallery-thumbnail-box\"  >\n\t\t<div class=\"ngg-gallery-thumbnail\" >\n\t\t\t<a href=\"https:\/\/gyoparosfurdo-oroshaza.hu\/wp-content\/gallery\/1nap\/oroshaza-foter-gyerekek.jpg\" title=\"Orosh\u00e1za meg\u00fajult f\u0151tere\" class=\"thickbox\" rel=\"set_43\" >\n\t\t\t\t\t\t\t\t<img title=\"Orosh\u00e1za meg\u00fajult f\u0151tere\" alt=\"Orosh\u00e1za meg\u00fajult f\u0151tere\" src=\"https:\/\/gyoparosfurdo-oroshaza.hu\/wp-content\/gallery\/1nap\/thumbs\/thumbs_oroshaza-foter-gyerekek.jpg\" width=\"120\" height=\"95\" \/>\n\t\t\t\t\t\t\t<\/a>\n\t\t<\/div>\n\t<\/div>\n\t\n\t\t\n \t\t\n\t<div id=\"ngg-image-347\" class=\"ngg-gallery-thumbnail-box\"  >\n\t\t<div class=\"ngg-gallery-thumbnail\" >\n\t\t\t<a href=\"https:\/\/gyoparosfurdo-oroshaza.hu\/wp-content\/gallery\/1nap\/1nap_4.jpg\" title=\"A v\u00e1rosi piaci az \u0151stermel\u0151k mekk\u00e1ja\" class=\"thickbox\" rel=\"set_43\" >\n\t\t\t\t\t\t\t\t<img title=\"A v\u00e1rosi piaci az \u0151stermel\u0151k mekk\u00e1ja\" alt=\"A v\u00e1rosi piaci az \u0151stermel\u0151k mekk\u00e1ja\" src=\"https:\/\/gyoparosfurdo-oroshaza.hu\/wp-content\/gallery\/1nap\/thumbs\/thumbs_1nap_4.jpg\" width=\"120\" height=\"95\" \/>\n\t\t\t\t\t\t\t<\/a>\n\t\t<\/div>\n\t<\/div>\n\t\n\t\t\n \t\t\n\t<div id=\"ngg-image-958\" class=\"ngg-gallery-thumbnail-box\"  >\n\t\t<div class=\"ngg-gallery-thumbnail\" >\n\t\t\t<a href=\"https:\/\/gyoparosfurdo-oroshaza.hu\/wp-content\/gallery\/1nap\/elmenyfurdo_napsutes.jpg\" title=\"\u00c9lm\u00e9nyf\u00fcrd\u0151 Gyop\u00e1roson\" class=\"thickbox\" rel=\"set_43\" >\n\t\t\t\t\t\t\t\t<img title=\"\u00c9lm\u00e9nyf\u00fcrd\u0151 Gyop\u00e1roson\" alt=\"\u00c9lm\u00e9nyf\u00fcrd\u0151 Gyop\u00e1roson\" src=\"https:\/\/gyoparosfurdo-oroshaza.hu\/wp-content\/gallery\/1nap\/thumbs\/thumbs_elmenyfurdo_napsutes.jpg\" width=\"120\" height=\"95\" \/>\n\t\t\t\t\t\t\t<\/a>\n\t\t<\/div>\n\t<\/div>\n\t\n\t\t\n \t\t\n\t<div id=\"ngg-image-348\" class=\"ngg-gallery-thumbnail-box\"  >\n\t\t<div class=\"ngg-gallery-thumbnail\" >\n\t\t\t<a href=\"https:\/\/gyoparosfurdo-oroshaza.hu\/wp-content\/gallery\/1nap\/1nap_5.jpg\" title=\"A gyop\u00e1rosi \u00e9lm\u00e9nyf\u00fcrd\u0151 id\u0151j\u00e1r\u00e1st\u00f3l f\u00fcggetlen\u00fcl j\u00f3 sz\u00f3rakoz\u00e1s\" class=\"thickbox\" rel=\"set_43\" >\n\t\t\t\t\t\t\t\t<img title=\"A gyop\u00e1rosi \u00e9lm\u00e9nyf\u00fcrd\u0151 id\u0151j\u00e1r\u00e1st\u00f3l f\u00fcggetlen\u00fcl j\u00f3 sz\u00f3rakoz\u00e1s\" alt=\"A gyop\u00e1rosi \u00e9lm\u00e9nyf\u00fcrd\u0151 id\u0151j\u00e1r\u00e1st\u00f3l f\u00fcggetlen\u00fcl j\u00f3 sz\u00f3rakoz\u00e1s\" src=\"https:\/\/gyoparosfurdo-oroshaza.hu\/wp-content\/gallery\/1nap\/thumbs\/thumbs_1nap_5.jpg\" width=\"120\" height=\"95\" \/>\n\t\t\t\t\t\t\t<\/a>\n\t\t<\/div>\n\t<\/div>\n\t\n\t\t\n \t\t\n\t<div id=\"ngg-image-349\" class=\"ngg-gallery-thumbnail-box\"  >\n\t\t<div class=\"ngg-gallery-thumbnail\" >\n\t\t\t<a href=\"https:\/\/gyoparosfurdo-oroshaza.hu\/wp-content\/gallery\/1nap\/1nap_6.jpg\" title=\"A z\u00f6ld Parkf\u00fcrd\u0151ben 50 m\u00e9teres, hideg v\u00edz\u0171 versenymedenc\u00e9t tal\u00e1lunk\" class=\"thickbox\" rel=\"set_43\" >\n\t\t\t\t\t\t\t\t<img title=\"A z\u00f6ld Parkf\u00fcrd\u0151ben 50 m\u00e9teres versenymedenc\u00e9t tal\u00e1lunk\" alt=\"A z\u00f6ld Parkf\u00fcrd\u0151ben 50 m\u00e9teres versenymedenc\u00e9t tal\u00e1lunk\" src=\"https:\/\/gyoparosfurdo-oroshaza.hu\/wp-content\/gallery\/1nap\/thumbs\/thumbs_1nap_6.jpg\" width=\"120\" height=\"95\" \/>\n\t\t\t\t\t\t\t<\/a>\n\t\t<\/div>\n\t<\/div>\n\t\n\t\t\n \t\t\n\t<div id=\"ngg-image-350\" class=\"ngg-gallery-thumbnail-box\"  >\n\t\t<div class=\"ngg-gallery-thumbnail\" >\n\t\t\t<a href=\"https:\/\/gyoparosfurdo-oroshaza.hu\/wp-content\/gallery\/1nap\/1nap_7.jpg\" title=\"J\u00f3 sz\u00f3rakoz\u00e1st ny\u00fajt a Parkf\u00fcrd\u0151 \u00e9lm\u00e9nymedenc\u00e9je\" class=\"thickbox\" rel=\"set_43\" >\n\t\t\t\t\t\t\t\t<img title=\"J\u00f3 sz\u00f3rakoz\u00e1st ny\u00fajt a Parkf\u00fcrd\u0151 \u00e9lm\u00e9nymedenc\u00e9je\" alt=\"J\u00f3 sz\u00f3rakoz\u00e1st ny\u00fajt a Parkf\u00fcrd\u0151 \u00e9lm\u00e9nymedenc\u00e9je\" src=\"https:\/\/gyoparosfurdo-oroshaza.hu\/wp-content\/gallery\/1nap\/thumbs\/thumbs_1nap_7.jpg\" width=\"120\" height=\"95\" \/>\n\t\t\t\t\t\t\t<\/a>\n\t\t<\/div>\n\t<\/div>\n\t\n\t\t\n \t\t\n\t<div id=\"ngg-image-351\" class=\"ngg-gallery-thumbnail-box\"  >\n\t\t<div class=\"ngg-gallery-thumbnail\" >\n\t\t\t<a href=\"https:\/\/gyoparosfurdo-oroshaza.hu\/wp-content\/gallery\/1nap\/1nap_8.jpg\" title=\"Napnyugta Gyop\u00e1roson - kezd\u0151dhet az \u00e9jszakai f\u00fcrd\u0151z\u00e9s!\" class=\"thickbox\" rel=\"set_43\" >\n\t\t\t\t\t\t\t\t<img title=\"Napnyugta Gyop\u00e1roson - kezd\u0151dhet az \u00e9jszakai f\u00fcrd\u0151z\u00e9s!\" alt=\"Napnyugta Gyop\u00e1roson - kezd\u0151dhet az \u00e9jszakai f\u00fcrd\u0151z\u00e9s!\" src=\"https:\/\/gyoparosfurdo-oroshaza.hu\/wp-content\/gallery\/1nap\/thumbs\/thumbs_1nap_8.jpg\" width=\"120\" height=\"95\" \/>\n\t\t\t\t\t\t\t<\/a>\n\t\t<\/div>\n\t<\/div>\n\t\n\t\t\n \t \t\n\t<!-- Pagination -->\n \t<div class='ngg-clear'><\/div>\n \t\n<\/div>\n\n<\/div>\n","protected":false},"excerpt":{"rendered":"<p>Blitzbesuch im Gyop\u00e1ros 8-10 Stunden beteuten nicht zu viel Zeit, auf Grund genommen, schlafen wir, oder, im besten Fall, arbeiten wir im allgemeinen 8 Stunden. Wenn wir aber 8 Stunden versuchen wirklich n\u00fctzlich zu verbringen, es kann ganz Vieles hereinreichen, &hellip; <a href=\"https:\/\/gyoparosfurdo-oroshaza.hu\/de\/programme\/1-tag\">Folytat\u00e1s <span class=\"meta-nav\">&rarr;<\/span><\/a><\/p>\n","protected":false},"author":6,"featured_media":0,"parent":26025,"menu_order":0,"comment_status":"closed","ping_status":"closed","template":"","meta":[],"_links":{"self":[{"href":"https:\/\/gyoparosfurdo-oroshaza.hu\/de\/wp-json\/wp\/v2\/pages\/26029"}],"collection":[{"href":"https:\/\/gyoparosfurdo-oroshaza.hu\/de\/wp-json\/wp\/v2\/pages"}],"about":[{"href":"https:\/\/gyoparosfurdo-oroshaza.hu\/de\/wp-json\/wp\/v2\/types\/page"}],"author":[{"embeddable":true,"href":"https:\/\/gyoparosfurdo-oroshaza.hu\/de\/wp-json\/wp\/v2\/users\/6"}],"replies":[{"embeddable":true,"href":"https:\/\/gyoparosfurdo-oroshaza.hu\/de\/wp-json\/wp\/v2\/comments?post=26029"}],"version-history":[{"count":0,"href":"https:\/\/gyoparosfurdo-oroshaza.hu\/de\/wp-json\/wp\/v2\/pages\/26029\/revisions"}],"up":[{"embeddable":true,"href":"https:\/\/gyoparosfurdo-oroshaza.hu\/de\/wp-json\/wp\/v2\/pages\/26025"}],"wp:attachment":[{"href":"https:\/\/gyoparosfurdo-oroshaza.hu\/de\/wp-json\/wp\/v2\/media?parent=26029"}],"curies":[{"name":"wp","href":"https:\/\/api.w.org\/{rel}","templated":true}]}}