{"id":26015,"date":"2012-04-13T10:53:11","date_gmt":"2012-04-13T08:53:11","guid":{"rendered":"https:\/\/gyoparosfurdo-oroshaza.hu\/allg-informationen"},"modified":"2012-04-13T10:53:11","modified_gmt":"2012-04-13T09:53:11","slug":"allg-informationen","status":"publish","type":"page","link":"https:\/\/gyoparosfurdo-oroshaza.hu\/de\/oroshaza\/allg-informationen","title":{"rendered":"Allg. Informationen"},"content":{"rendered":"<h2>Alles ist am gleichen Ort, was \u00fcber Orosh\u00e1za zu wissen .<\/h2>\n<h3>Wo jede Information zusammenl\u00e4uft<\/h3>\n<p><img loading=\"lazy\" src=\"\/wp-content\/uploads\/2012\/04\/tourinform_oroshaza.jpg\" alt=\"Tourinform Orosh\u00e1za\" title=\"Tourinform Orosh\u00e1za\" width=\"190\" height=\"161\" class=\"alignleft\" \/>Das Tourinfo der Stadt Orosh\u00e1za befindet sich in Gyop\u00e1rosf\u00fcrd\u0151, Fasor Str. 2\/a, fast direkt in der Nachbarschaft des Badeingangs. ErreichbareTelefon nr.: +36-68-414-422 und unter der gleichen Nummer sind die Mitarbeiter des B\u00fcros zu erreichen.(zur gleichen Nummer sind auch fax-dokumente zu schicken, wenn es f\u00fcrjemanden noch m\u00f6glich ist), oder es gibt die folgenden email.Anschrift:  <a href=\"mailto:oroshaza@tourinform.hu\">oroshaza@tourinform.hu<\/a><br \/>\nAnsprachperson: Frau Bokor Erika<\/p>\n<p>Das Tourinfo der Stadt Orosh\u00e1za stellt den G\u00e4sten in Ungarn so wie von Ausland vollst\u00e4ndige Information und Hilfe zur Verf\u00fcgung, und gibt  immer aktuale, neue Infos an. Es werden neben Infos nicht nur  \u00fcber Orosh\u00e1za, sondern  Daten, Angaben und sonstige Infos \u00fcber die folgenden Orte: Csan\u00e1dap\u00e1ca, Csorv\u00e1s, G\u00e1doros, Gerend\u00e1s, Kardosk\u00fat, Nagysz\u00e9n\u00e1s, Pusztaf\u00f6ldv\u00e1r zusammengelegt, aber nat\u00fcrlich, durch Datenbasen von anderen Partnerb\u00fcros hat das Orosh\u00e1za-Tourinfo auch die Angebote der vollen Dienstleistungen  Ungarns in der Registration.<\/p>\n<h3>Einwohnerszahl<\/h3>\n<p>30. 000 Einwohner<\/p>\n<h3>Hinreise<\/h3>\n<p>Von Budapest 180 km   \u2013  an der  \u00f6ffentlichen Verkehrstrasse<\/p>\n<p>Die Stadt liegt am Hauptweg 47 zwischen Szeged und Debrecen, und es wird von den deutlichem Transitverkehr  durch den Ost-Westlichen modernen Umweg befreit. Mit der Bahn  kann man den Ort sogar auch von mehrer Richtung erreichen, da es werden sich 4 verschiedene Bahnlinien bei Orosh\u00e1za gekreutzt.<\/p>\n<h3>Parkierung<\/h3>\n<p>Orosh\u00e1za geh\u00f6rt den selten St\u00e4tdten, wo es gar kein Parkierungsgeb\u00fchr zu entheben ist. Trotzdem ist der Verkehr ausgegleichen, es gibt keine Parkierungsanomalien.<\/p>\n<p><img loading=\"lazy\" src=\"\/wp-content\/uploads\/2012\/04\/gyoparos_parkolas.jpg\" alt=\"Ingyen parkol\u00e1s Gyop\u00e1roson\" title=\"Ingyen parkol\u00e1s Gyop\u00e1roson\" width=\"190\" height=\"170\" class=\"alignleft\" \/> Die Lage ist in Gyop\u00e1rosf\u00fcrd\u0151 aber ganz anderes, wo man ganz in der N\u00e4he des Bades f\u00fcr  Parkierung bezahlen muss. Aber diejenige, den ein wenige hunderten meter Spazierung keine Sorge macht, k\u00f6nnen sie ihre Autos \u00fcber den Bahngleisen kostenlos abstellen und da parkieren. Es ist wahr, dass die Autos in diesem Parkplatz nicht ganz vor Augen sind, aber laut Erfahrung und Information von vergangenen Jahren sind die Gebrauchswerte, Kostbarkeiten in Sischerheit, da es keine Straft\u00e4te, Autoaufsprengungen, Aufbrechungen auch in diesem Parkplatz gar nicht typisch sind. Die \u00f6rtlichen Unterk\u00fcnfte ausnahmslos gew\u00e4hrleisten ihen G\u00e4sten \u00fcberwachtenden Parkplatz.<\/p>\n<h3>Taxi<\/h3>\n<p>In  Orosh\u00e1za gibt es mehr Taxifahrgesellschaften und  Privatunternehmen, die ihre Dienstleistungen anbieten. Die Rufnummern von Taxisttand : +36 (68) 412-000.<\/p>\n<p>Die Fahrkosten sind, trotz auch den biszu Sternen gestiegenen Betriefstoffen, f\u00fcr akzeptabel zu sagen, da in der Haupstadt sind ja die Fahrkosten im allgemainen 220-240 Huf\/km, dagegen sind diese in Orosh\u00e1za insgesammt 160-180 Huf\/km in Vorsaison von 2012.<\/p>\n<h3>SOS<\/h3>\n<p>Besser ein Schrecken, als Schrecken ohne Ende, sagt das bekannte Sprichwort, obwohl denkst man vor dem Urlaub an kein Schlimmes, das mit einem passieren w\u00fcrde, es schadet nichts, sich vor unerwartenden Wenden vorzubereiten.<\/p>\n<p>Nun, sollte es mit uns irgend Schlimmes passieren, sind wir in der Stadt Orosh\u00e1za in Sicherheit.<\/p>\n<p>Im Fall, dass Unfall, Unwohlsein vorkommt, kann man  binnen K\u00fcrze von der in dem Stadtcentrum befindlichen Rettungstation Notrufswagen rufen, der den Patient an das \u00f6rtliches Karankenhaus zuliefert, wo der Fachpersonal mit wohlausgebildeten \u0102rtzten, ausger\u00fcstet mit modernen medizinischen Ger\u00e4ten, die entsprechende Verpflegung zur Verf\u00fcgung stellt.. Wenn die Bescherde viel ernster ist, steht der um 30 km liegende Heliport in Szentes zur Verf\u00fcgung, und von dieser Station kommt das medizinische Rettungsheli an, und im Notfalls wird der Patient damit entweder nach Szeged oder in die Hauptstadt angeliefert.<\/p>\n<p>Wenn wir f\u00fcr Opfer einer Straftat werden, k\u00f6nnen wir uns an die Polizeidirektion in Orosh\u00e1za anwenden, welche ein  besser Index als das Landesindex aufweist, \u00e4hnlich an anderen Polizeidirektionen. \u00dcbrigens, haben die \u00f6rtliche Polizeistationen sich auf die Fremdverkehrsaisone, da es schon von Fr\u00fchjahr  ein ernste poliozeiliche Anwesenheit und \u00dcberwachung  zu  erfahren ist.<br \/>\nSei es gar ein Umfall so wie Schaden an unseren Kostbarkeiten und Werten genommen, ist unsere eigene Versicherunganstalt ben\u00f6tigend. Nun, in Orosh\u00e1za stehen uns alle deutlicheren Versicherungsanstalte zur Verf\u00fcgung.<\/p>\n<p> In dieserweise kann die Erledigung der Angelegenheit sofort abwickelt werden. Nat\u00fcrlich vertrauen darauf, dass sowas  Probleme nicht vortauchen, aber wie es in Pr\u00e4abmel hingewiesen wurde, im Fall unerwartender Wenden wird keiner allein gelassen, der sich in unserer Stadt erholt und entspannt.<\/p>\n<h3>Einkauf- handelsketten<\/h3>\n<ul>\n<li>Tesco<\/li>\n<li>Lidl<\/li>\n<li>\u00c9l\u00e9sker<\/li>\n<li>JYSK<\/li>\n<\/ul>\n<h3>Bankautomate:<\/h3>\n<ul>\n<li>OTP,<\/li>\n<li>K&amp;H<\/li>\n<li>Cib<\/li>\n<li>Erste<\/li>\n<li>Takar\u00e9kbank<\/li>\n<li>Budapest Bank<\/li>\n<li>MKB<\/li>\n<\/ul>\n<h3>Geldanstalten \/ banke<\/h3>\n<h4>CIB Bank Rt.<\/h4>\n<p>Er\u00f6fnungszeit<br \/>\nMontag, Dienstag, Donnerstag: 8.30-12.30, 13-16<br \/>\nMittwoch: 8.30-12.30, 13-17<br \/>\nFreitag: 8.30-14.30<br \/>\nAddresse: \t5900 Orosh\u00e1za, Sz\u00e9chenyi Platz 1.<br \/>\nTel.: \t68\/510-240<br \/>\nFax: \t68\/510-249<\/p>\n<h4>ERSTE Bank Hungary Rt.<\/h4>\n<p>Er\u00f6ffnungszeit<br \/>\nMontag: 8-17 Uhr<br \/>\nDienstag-Donnerstag: 8-16 Uhr<br \/>\nFreitag: 8-15 Uhr<br \/>\nErreichbarkeit<br \/>\nAddresse: \t5900 Orosh\u00e1za, Kossuth Str. 2.<br \/>\nTel.: \t68\/413-225<br \/>\nFax: \t68\/512-050<\/p>\n<h4>FONTANA Credit Sparbank<\/h4>\n<p>Er\u00f6ffnungszeit<br \/>\nMontag, Dienstag, Donnerstag: 7:30-15:30 Uhr<br \/>\nMittwoch 7:30-17:30 Uhr<br \/>\nFreitag: 7:30-12:40   Uht<br \/>\nErreichbarkeit<br \/>\nAddresse: \t5900 Orosh\u00e1za Kossuth Str.16.<br \/>\nTel.: \t68\/510-490<br \/>\nFax: \t68\/510-491<\/p>\n<h4>G\u00e1doros &#038; Vid\u00e9ke Landessparkasse<\/h4>\n<p>Er\u00f6ffnungszeit<br \/>\nMontag-Donnerstag: 7.30-15.30 Uhr<br \/>\nFreitag: 7.30-13 Uhr<br \/>\nErreichbarkeit<br \/>\nAddresse: \t5900 Orosh\u00e1za, Th\u00f6k\u00f6ly Str. 15.<br \/>\nTel.: \t68\/512-340<br \/>\nFax: \t68\/512-341<\/p>\n<h4>Handels &#038; Creditbank AG<\/h4>\n<p>Er\u00f6ffnungszeit:<br \/>\nMontag: 8-17 Uhr<br \/>\nDienstag-Donnerstag: 8-16 Uhr<br \/>\nFreitag: 8-15 Uhr<br \/>\nAddresse: \t5900 Orosh\u00e1za, R\u00e1k\u00f3czi Str. 5.<br \/>\nTel.: \t68\/512-300<\/p>\n<h4>MKB Bank AG<\/h4>\n<p>Er\u00f6ffnungszeit<br \/>\nMontag-Donnerstag: 8-15.30 Uhr<br \/>\nFreitag: 8-15 Uhr<br \/>\nErreichbarkeit<br \/>\nAddresse: \t5900 Orosh\u00e1za, K\u00f6nd Str. 38.<br \/>\nTel.: \t68\/512-430<br \/>\nFax: \t68\/512-439<\/p>\n<h4>Landessparkasse &#038; Handelsbank AG.<\/h4>\n<p>Er\u00f6ffnungszeit<br \/>\nMontag: 7.45-17 Uhr<br \/>\nDienstag-Freitag: 7.45-16 Uhr<br \/>\nAddresse: \t5900 Orosh\u00e1za, Kossuth Str. 18-20.<br \/>\nTel.: \t68\/412-444<br \/>\nFax: \t68\/411-015<\/p>\n<h4>Raiffeisen Bank AG.<\/h4>\n<p>Er\u00f6ffnungszeit<br \/>\nMontag: 8-17 Uhr<br \/>\nDienstag-Donnerstag: 8-16.30 Uhr<br \/>\nFreitag: 8-16 Uhr<br \/>\nErreichbarkeit<br \/>\nAddresse: \t5900 Orosh\u00e1za, K\u00f6nd Str. 33.<br \/>\nTel.: \t68\/512-280, 06\/40-48-48-48<br \/>\nFax: \t68\/512-281<\/p>\n<div class=\"kapcsolodo_tartalom\"><h3>\u00c4hnliche Inhalte<\/h3><ul class=\"custom_menu\"><li class=\"page_item page-item-26310\"><a title=\"Lokalprodukte\" href=\"https:\/\/gyoparosfurdo-oroshaza.hu\/de\/oroshaza\/lokalprodukte\">Lokalprodukte<\/a><\/li><li class=\"page_item page-item-26176\"><a title=\"Meine Orosh\u00e1za\" href=\"https:\/\/gyoparosfurdo-oroshaza.hu\/de\/oroshaza\/meine-oroshaza\">Meine Orosh\u00e1za<\/a><\/li><li class=\"page_item page-item-26295\"><a title=\"Andr\u00e1s G\u00e1sp\u00e1r Schauspieler\" href=\"https:\/\/gyoparosfurdo-oroshaza.hu\/de\/oroshaza\/meine-oroshaza\/andras-gaspar-schauspieler\">Andr\u00e1s G\u00e1sp\u00e1r Schauspieler<\/a><\/li><li class=\"page_item page-item-26320\"><a title=\"Zsolt Litauszki\" href=\"https:\/\/gyoparosfurdo-oroshaza.hu\/de\/oroshaza\/meine-oroshaza\/zsolt-litauszki\">Zsolt Litauszki<\/a><\/li><\/ul><ul class=\"custom_menu\"><li class=\"page_item page-item-25999\"><a title=\"Orosh\u00e1za Gastronomie\" href=\"https:\/\/gyoparosfurdo-oroshaza.hu\/de\/oroshaza\/oroshaza-gastronomie\">Orosh\u00e1za Gastronomie<\/a><\/li><li class=\"page_item page-item-26213\"><a title=\"Restaurants\" href=\"https:\/\/gyoparosfurdo-oroshaza.hu\/de\/oroshaza\/restaurants\">Restaurants<\/a><\/li><li class=\"page_item page-item-26133\"><a title=\"Sturmland\" href=\"https:\/\/gyoparosfurdo-oroshaza.hu\/de\/oroshaza\/sturmland\">Sturmland<\/a><\/li><li class=\"page_item page-item-26305\"><a title=\"TDM\" href=\"https:\/\/gyoparosfurdo-oroshaza.hu\/de\/oroshaza\/tdm\">TDM<\/a><\/li><\/ul><ul class=\"custom_menu\"><li class=\"page_item page-item-26129\"><a title=\"Tiefland\" href=\"https:\/\/gyoparosfurdo-oroshaza.hu\/de\/oroshaza\/tiefland\">Tiefland<\/a><\/li><li class=\"page_item page-item-26146\"><a title=\"Unser Nachbar: Arad\" href=\"https:\/\/gyoparosfurdo-oroshaza.hu\/de\/oroshaza\/unser-nachbar-arad\">Unser Nachbar: Arad<\/a><\/li><\/ul><br class=\"clear\" \/><\/div>\n<div class=\"topten_slider_title\"><span class=\"h3\">Top Programme<\/span><a href=\"https:\/\/gyoparosfurdo-oroshaza.hu\/de\/programme\" title=\"Alle Programme anzeigen \u00bb\">Alle Programme anzeigen \u00bb<\/a><\/div><div class=\"topten_container topten_slider\" id=\"topten_slider\"><ul class=\"topten_inner\"><li class=\"topten_item\" data-id=\"tsi_1\"><a href=\"\/de\/programme\/1-tag\" title=\"Auf ein Tag\" class=\"topten_link\" style=\"background: url(\/wp-content\/uploads\/2012\/05\/1-napra-top-programok-gyoparosfurdon.jpg) top left no-repeat;\"><span class=\"title\">Auf ein Tag<\/span><\/a><a href=\"\/de\/programme\/fuer-fahrraeder\" title=\"F\u00fcr Fahrr\u00e4der\" class=\"topten_link\" style=\"background: url(\/wp-content\/uploads\/2012\/05\/kerekparosoknak-top-programok-gyoparosfurdon.jpg) top left no-repeat;\"><span class=\"title\">F\u00fcr Fahrr\u00e4der<\/span><\/a><a href=\"\/de\/programme\/fuer-wochenende\" title=\"Wochenende\" class=\"topten_link\" style=\"background: url(\/wp-content\/uploads\/2012\/05\/hetvegere-top-programok-gyoparosfurdon.jpg) top left no-repeat;\"><span class=\"title\">Wochenende<\/span><\/a><a href=\"\/de\/programme\/im-winter\" title=\"Im Winter\" class=\"topten_link\" style=\"background: url(\/wp-content\/uploads\/2012\/05\/telen-top-programok-gyoparosfurdon.jpg) top left no-repeat;\"><span class=\"title\">Im Winter<\/span><\/a><a href=\"\/de\/programme\/fuer-jugend\" title=\"F\u00fcr Jugend\" class=\"topten_link\" style=\"background: url(\/wp-content\/uploads\/2012\/05\/fiataloknak-top-programok-gyoparosfurdon.jpg) top left no-repeat;\"><span class=\"title\">F\u00fcr Jugend<\/span><\/a><a href=\"\/de\/programme\/fuer-paare\" title=\"F\u00fcr Paare\" class=\"topten_link\" style=\"background: url(\/wp-content\/uploads\/2012\/05\/paroknak-top-programok-gyoparosfurdon.jpg) top left no-repeat;\"><span class=\"title\">F\u00fcr Paare<\/span><\/a><\/li><li class=\"topten_item\" data-id=\"tsi_2\"><a href=\"\/de\/programme\/mit-dem-auto\" title=\"Mit dem Auto\" class=\"topten_link\" style=\"background: url(\/wp-content\/uploads\/2012\/05\/autoval-top-programok-gyoparosfurdon.jpg) top left no-repeat;\"><span class=\"title\">Mit dem Auto<\/span><\/a><a href=\"\/de\/programme\/fuer-kulturfans\" title=\"F\u00fcr Kulturfans\" class=\"topten_link\" style=\"background: url(\/wp-content\/uploads\/2012\/05\/kulturabaratoknak-top-programok-gyoparosfurdon.jpg) top left no-repeat;\"><span class=\"title\">F\u00fcr Kulturfans<\/span><\/a><a href=\"\/de\/programme\/1-woche\" title=\"Auf eine Woche\" class=\"topten_link\" style=\"background: url(\/wp-content\/uploads\/2012\/05\/1-hetre-top-programok-gyoparosfurdon.jpg) top left no-repeat;\"><span class=\"title\">Auf eine Woche<\/span><\/a><a href=\"\/de\/programme\/fuer-angeln\" title=\"F\u00fcr Angeln\" class=\"topten_link\" style=\"background: url(\/wp-content\/uploads\/2012\/05\/horgaszoknak-top-programok-gyoparosfurdon.jpg) top left no-repeat;\"><span class=\"title\">F\u00fcr Angeln<\/span><\/a><a href=\"\/de\/programme\/fuer-photographer\" title=\"F\u00fcr Photographer\" class=\"topten_link\" style=\"background: url(\/wp-content\/uploads\/2012\/05\/fotosoknak-top-programok-gyoparosfurdon.jpg) top left no-repeat;\"><span class=\"title\">F\u00fcr Photographer<\/span><\/a><a href=\"\/de\/programme\/fuer-sportfans\" title=\"F\u00fcr Sportfans\" class=\"topten_link\" style=\"background: url(\/wp-content\/uploads\/2012\/05\/sportbaratoknak-top-programok-gyoparosfurdon.jpg) top left no-repeat;\"><span class=\"title\">F\u00fcr Sportfans<\/span><\/a><\/li><li class=\"topten_item\" data-id=\"tsi_3\"><a href=\"\/de\/programme\/fuer-familien\" title=\"F\u00fcr Familien\" class=\"topten_link\" style=\"background: url(\/wp-content\/uploads\/2012\/05\/csaladosoknak-top-programok-gyoparosfurdon.jpg) top left no-repeat;\"><span class=\"title\">F\u00fcr Familien<\/span><\/a><a href=\"\/de\/programme\/im-sommer\" title=\"Im Sommer\" class=\"topten_link\" style=\"background: url(\/wp-content\/uploads\/2012\/05\/nyaron-top-programok-gyoparosfurdon.jpg) top left no-repeat;\"><span class=\"title\">Im Sommer<\/span><\/a><\/ul><div class=\"lapozobox\"><span id=\"lprev\"><\/span><span id=\"lnext\"><\/span><span id=\"ts_1\" class=\"active\"><\/span><span id=\"ts_2\" ><\/span><span id=\"ts_3\" ><\/span><\/div><\/div>\n","protected":false},"excerpt":{"rendered":"<p>Alles ist am gleichen Ort, was \u00fcber Orosh\u00e1za zu wissen . Wo jede Information zusammenl\u00e4uft Das Tourinfo der Stadt Orosh\u00e1za befindet sich in Gyop\u00e1rosf\u00fcrd\u0151, Fasor Str. 2\/a, fast direkt in der Nachbarschaft des Badeingangs. ErreichbareTelefon nr.: +36-68-414-422 und unter der &hellip; <a href=\"https:\/\/gyoparosfurdo-oroshaza.hu\/de\/oroshaza\/allg-informationen\">Folytat\u00e1s <span class=\"meta-nav\">&rarr;<\/span><\/a><\/p>\n","protected":false},"author":6,"featured_media":0,"parent":25955,"menu_order":0,"comment_status":"closed","ping_status":"closed","template":"","meta":[],"_links":{"self":[{"href":"https:\/\/gyoparosfurdo-oroshaza.hu\/de\/wp-json\/wp\/v2\/pages\/26015"}],"collection":[{"href":"https:\/\/gyoparosfurdo-oroshaza.hu\/de\/wp-json\/wp\/v2\/pages"}],"about":[{"href":"https:\/\/gyoparosfurdo-oroshaza.hu\/de\/wp-json\/wp\/v2\/types\/page"}],"author":[{"embeddable":true,"href":"https:\/\/gyoparosfurdo-oroshaza.hu\/de\/wp-json\/wp\/v2\/users\/6"}],"replies":[{"embeddable":true,"href":"https:\/\/gyoparosfurdo-oroshaza.hu\/de\/wp-json\/wp\/v2\/comments?post=26015"}],"version-history":[{"count":0,"href":"https:\/\/gyoparosfurdo-oroshaza.hu\/de\/wp-json\/wp\/v2\/pages\/26015\/revisions"}],"up":[{"embeddable":true,"href":"https:\/\/gyoparosfurdo-oroshaza.hu\/de\/wp-json\/wp\/v2\/pages\/25955"}],"wp:attachment":[{"href":"https:\/\/gyoparosfurdo-oroshaza.hu\/de\/wp-json\/wp\/v2\/media?parent=26015"}],"curies":[{"name":"wp","href":"https:\/\/api.w.org\/{rel}","templated":true}]}}