{"id":25999,"date":"2012-04-13T10:40:30","date_gmt":"2012-04-13T08:40:30","guid":{"rendered":"https:\/\/gyoparosfurdo-oroshaza.hu\/oroshaza-gastronomie"},"modified":"2012-04-13T10:40:30","modified_gmt":"2012-04-13T09:40:30","slug":"oroshaza-gastronomie","status":"publish","type":"page","link":"https:\/\/gyoparosfurdo-oroshaza.hu\/de\/oroshaza\/oroshaza-gastronomie","title":{"rendered":"Orosh\u00e1za Gastronomie"},"content":{"rendered":"<h2>Gastroausflug:  Banane, Brot und Keimfladen a la Orosh\u00e1za.<\/h2>\n<p><img loading=\"lazy\" src=\"\/wp-content\/uploads\/2012\/04\/ill_gasztro_kislany.jpg\" alt=\"\" title=\"Kisl\u00e1ny orosh\u00e1zi keny\u00e9rrel\" width=\"190\" height=\"305\" class=\"alignleft\" \/>In Orosh\u00e1za ist die unter Jahrhunderten entstandenen Vielf\u00e4ltigkeit  nicht nur in der Kultur, Wirtschaft, sondern auch in der Gastronomie auffindbar, da die traditionelle Bauerkultur darauf  eine riesengrosse Einwirkung gemacht hat. In dieser Stadt ist die  aus verschiedem Landesteil \u201cvermischte\u201d Geschmackwelt und nat\u00fcrlich ist auch die Einwirkung der herumliegenden slowakischen Bewohnern warnehmbar, weil  das kein Zufall ist, dass in grossen Wettbewerben wird es ja die bestgemundeten Csaba-W\u00fcrste  von Bewohnern in Orosh\u00e1za zubereitet.<\/p>\n<p>Die typisch \u00f6rtliche Spezialit\u00e4t ist <b>das Brot a la Orosh\u00e1za<\/b>. Bedankend der landwirtschaftlicher Kultur, diesemnach entstadener M\u00fchlenindustrie so wie bedankend schon l\u00e4ngst vor Jahrhunderten entstandener bekannten Backgewerbe.In Weiterem ist die wohlbekannten Backwaren die Banane a la Orosh\u00e1za, die Form dieser Backwaren erinnert einem an den exotischen Obst, aber im Grunde genommen wird diese mit Eiern angereichertem Butterteig zubereiten und es geht um mit handformiertem an eine biszu die H\u00e4lfte abgesch\u00e4hlten Banane erinnerten Nachtisch oder Dessert.<\/p>\n<p>Der andere Hauptelement der gastronomischen Kultur in Orosh\u00e1za ist das Gefl\u00fcgel, sowohl wegen seiner Zucht als auch wegen seiner Bearbeitungstraditionen. Das In Europa bekannte Betrieb Merian in der Stadt ist weltweit ber\u00fchmt, unteranderem, von seinen verschieden G\u00e4nselebersorten.<\/p>\n<p><img loading=\"lazy\" src=\"\/wp-content\/uploads\/2012\/04\/ill_gasztro_csiramale1.jpg\" alt=\"Orosh\u00e1zi cs\u00edram\u00e1l\u00e9\" title=\"Orosh\u00e1zi cs\u00edram\u00e1l\u00e9\" width=\"190\" height=\"175\" class=\"alignleft\" \/>Einer von den meistbekannten Gerichten in Orosh\u00e1za, <b>die Holzplatte a la Orosh\u00e1za<\/b> merkw\u00fcrdigerweise inenth\u00e4lt, sonder wird es dieser Gericht aus Rindfleisch gemacht. jedoch nicht diesen Grundstoff. Dieser ist ausgew\u00f6hnlich  reicher Eintopfgericht, voll mit Ragout, dieses lohnt sich wirklich, zu probieren. <\/p>\n<p>Die weitere \u00f6rtliche Spezalit\u00e4t ist der so gennanter <b>Keimfladen<\/b>, der vermutlich das \u00e4lteste Dessert des Ortes ist. Nach dem Entkeimen des Weizens werden die Weizenkorne gemahlt, es wird Mehl in kleiner Menge dazugegeben und dannach werden diese traditionell in einem Ofen oder im Herd gebackt. W\u00e4hrend Entkeimen, die im Korn befindliche St\u00e4rke wird duch Enzimen in Zucker umgewandelt, in dieserweise bekommt dieses ausgew\u00f6hnlich gesundes Gericht einen sehr wohlgemundeten s\u00fcssen Geschmack, voll mit Maisfladensubstanz, reich an N\u00e4hrstoffen. Die Keimfladen ist ein typische osterische  S\u00fcssigkeit, die man  <a href=\"\/de\/programok\/piaclatogatas-oroshazan\" title=\"im Markt in Orosh\u00e1za\">im Markt in Orosh\u00e1za<\/a> kaufen kann.<\/p>\n<p>Wenn Sie sich nach weiteren gastronomische  Spezialit\u00e4ten erkundigen, lohnt es sich, sich in lokalgastroblog der Stadt \u201c die schmeckhafte Orosh\u00e1za\u201d :(<a href=\"http:\/\/izesoroshaza.blogspot.com\/\" title=\"\u00cdzes Orosh\u00e1za\" target=\"_blank\" rel=\"noopener noreferrer\" rel=\"noopener\">izesoroshaza.blogspot.com<\/a>) vertiefern, dessen Redaktuer, Herr K\u00e1rolyi F\u00fcl\u00f6p B\u00e9la ist, der  nicht nur mit den Grundstoffen, sondern auch mit der ungarischer Sprache meisterhaft umgeht betrachtend darauf, dass es um einen Schriftsteller geht und es wurden schon zahlreichen gastronomischen B\u00fccher und Schriften in diesem Thema  von seinen H\u00e4nden geboren.<\/p>\n<h3>Bildgalerie: das Brot a la Orosh\u00e1za und Keimfladen<\/h3>\n\n<div class=\"ngg-galleryoverview\" id=\"ngg-gallery-7-25999\">\n\n\n\t\n\t<!-- Thumbnails -->\n\t\t\n\t<div id=\"ngg-image-17\" class=\"ngg-gallery-thumbnail-box\"  >\n\t\t<div class=\"ngg-gallery-thumbnail\" >\n\t\t\t<a href=\"https:\/\/gyoparosfurdo-oroshaza.hu\/wp-content\/gallery\/gasztro\/gasztro_1.jpg\" title=\"Orosh\u00e1zi keny\u00e9r\" class=\"thickbox\" rel=\"set_7\" >\n\t\t\t\t\t\t\t\t<img title=\"Orosh\u00e1zi keny\u00e9r\" alt=\"Orosh\u00e1zi keny\u00e9r\" src=\"https:\/\/gyoparosfurdo-oroshaza.hu\/wp-content\/gallery\/gasztro\/thumbs\/thumbs_gasztro_1.jpg\" width=\"120\" height=\"95\" \/>\n\t\t\t\t\t\t\t<\/a>\n\t\t<\/div>\n\t<\/div>\n\t\n\t\t\n \t\t\n\t<div id=\"ngg-image-18\" class=\"ngg-gallery-thumbnail-box\"  >\n\t\t<div class=\"ngg-gallery-thumbnail\" >\n\t\t\t<a href=\"https:\/\/gyoparosfurdo-oroshaza.hu\/wp-content\/gallery\/gasztro\/gasztro_2.jpg\" title=\"Gyop\u00e1rosi rendezv\u00e9nyre k\u00e9sz\u00fclt, 25 m\u00e9ter hossz\u00fa orosh\u00e1zi keny\u00e9r\" class=\"thickbox\" rel=\"set_7\" >\n\t\t\t\t\t\t\t\t<img title=\"Cs\u00facstart\u00f3 25 m\u00e9teres keny\u00e9r\" alt=\"Cs\u00facstart\u00f3 25 m\u00e9teres keny\u00e9r\" src=\"https:\/\/gyoparosfurdo-oroshaza.hu\/wp-content\/gallery\/gasztro\/thumbs\/thumbs_gasztro_2.jpg\" width=\"120\" height=\"95\" \/>\n\t\t\t\t\t\t\t<\/a>\n\t\t<\/div>\n\t<\/div>\n\t\n\t\t\n \t\t\n\t<div id=\"ngg-image-19\" class=\"ngg-gallery-thumbnail-box\"  >\n\t\t<div class=\"ngg-gallery-thumbnail\" >\n\t\t\t<a href=\"https:\/\/gyoparosfurdo-oroshaza.hu\/wp-content\/gallery\/gasztro\/gasztro_3.jpg\" title=\"Orosh\u00e1zi cs\u00edram\u00e1l\u00e9 t\u00e1ny\u00e9rban\" class=\"thickbox\" rel=\"set_7\" >\n\t\t\t\t\t\t\t\t<img title=\"Orosh\u00e1zi cs\u00edram\u00e1l\u00e9\" alt=\"Orosh\u00e1zi cs\u00edram\u00e1l\u00e9\" src=\"https:\/\/gyoparosfurdo-oroshaza.hu\/wp-content\/gallery\/gasztro\/thumbs\/thumbs_gasztro_3.jpg\" width=\"120\" height=\"95\" \/>\n\t\t\t\t\t\t\t<\/a>\n\t\t<\/div>\n\t<\/div>\n\t\n\t\t\n \t\t\n\t<div id=\"ngg-image-20\" class=\"ngg-gallery-thumbnail-box\"  >\n\t\t<div class=\"ngg-gallery-thumbnail\" >\n\t\t\t<a href=\"https:\/\/gyoparosfurdo-oroshaza.hu\/wp-content\/gallery\/gasztro\/gasztro_4.jpg\" title=\"Az orosh\u00e1zi cs\u00edram\u00e1l\u00e9 tavasszal az orosh\u00e1zi piacon is megv\u00e1s\u00e1rolhat\u00f3\" class=\"thickbox\" rel=\"set_7\" >\n\t\t\t\t\t\t\t\t<img title=\"Orosh\u00e1zi cs\u00edram\u00e1l\u00e9 a piacon\" alt=\"Orosh\u00e1zi cs\u00edram\u00e1l\u00e9 a piacon\" src=\"https:\/\/gyoparosfurdo-oroshaza.hu\/wp-content\/gallery\/gasztro\/thumbs\/thumbs_gasztro_4.jpg\" width=\"120\" height=\"95\" \/>\n\t\t\t\t\t\t\t<\/a>\n\t\t<\/div>\n\t<\/div>\n\t\n\t\t\n \t \t\n\t<!-- Pagination -->\n \t<div class='ngg-clear'><\/div>\n \t\n<\/div>\n\n\n<div class=\"kapcsolodo_tartalom\"><h3>\u00c4hnliche Inhalte<\/h3><ul class=\"custom_menu\"><li class=\"page_item page-item-26015\"><a title=\"Allg. Informationen\" href=\"https:\/\/gyoparosfurdo-oroshaza.hu\/de\/oroshaza\/allg-informationen\">Allg. Informationen<\/a><\/li><li class=\"page_item page-item-26310\"><a title=\"Lokalprodukte\" href=\"https:\/\/gyoparosfurdo-oroshaza.hu\/de\/oroshaza\/lokalprodukte\">Lokalprodukte<\/a><\/li><li class=\"page_item page-item-26176\"><a title=\"Meine Orosh\u00e1za\" href=\"https:\/\/gyoparosfurdo-oroshaza.hu\/de\/oroshaza\/meine-oroshaza\">Meine Orosh\u00e1za<\/a><\/li><li class=\"page_item page-item-26295\"><a title=\"Andr\u00e1s G\u00e1sp\u00e1r Schauspieler\" href=\"https:\/\/gyoparosfurdo-oroshaza.hu\/de\/oroshaza\/meine-oroshaza\/andras-gaspar-schauspieler\">Andr\u00e1s G\u00e1sp\u00e1r Schauspieler<\/a><\/li><\/ul><ul class=\"custom_menu\"><li class=\"page_item page-item-26320\"><a title=\"Zsolt Litauszki\" href=\"https:\/\/gyoparosfurdo-oroshaza.hu\/de\/oroshaza\/meine-oroshaza\/zsolt-litauszki\">Zsolt Litauszki<\/a><\/li><li class=\"page_item page-item-26213\"><a title=\"Restaurants\" href=\"https:\/\/gyoparosfurdo-oroshaza.hu\/de\/oroshaza\/restaurants\">Restaurants<\/a><\/li><li class=\"page_item page-item-26133\"><a title=\"Sturmland\" href=\"https:\/\/gyoparosfurdo-oroshaza.hu\/de\/oroshaza\/sturmland\">Sturmland<\/a><\/li><li class=\"page_item page-item-26305\"><a title=\"TDM\" href=\"https:\/\/gyoparosfurdo-oroshaza.hu\/de\/oroshaza\/tdm\">TDM<\/a><\/li><\/ul><ul class=\"custom_menu\"><li class=\"page_item page-item-26129\"><a title=\"Tiefland\" href=\"https:\/\/gyoparosfurdo-oroshaza.hu\/de\/oroshaza\/tiefland\">Tiefland<\/a><\/li><li class=\"page_item page-item-26146\"><a title=\"Unser Nachbar: Arad\" href=\"https:\/\/gyoparosfurdo-oroshaza.hu\/de\/oroshaza\/unser-nachbar-arad\">Unser Nachbar: Arad<\/a><\/li><\/ul><br class=\"clear\" \/><\/div>\n<div class=\"topten_slider_title\"><span class=\"h3\">Top Programme<\/span><a href=\"https:\/\/gyoparosfurdo-oroshaza.hu\/de\/programme\" title=\"Alle Programme anzeigen \u00bb\">Alle Programme anzeigen \u00bb<\/a><\/div><div class=\"topten_container topten_slider\" id=\"topten_slider\"><ul class=\"topten_inner\"><li class=\"topten_item\" data-id=\"tsi_1\"><a href=\"\/de\/programme\/mit-dem-auto\" title=\"Mit dem Auto\" class=\"topten_link\" style=\"background: url(\/wp-content\/uploads\/2012\/05\/autoval-top-programok-gyoparosfurdon.jpg) top left no-repeat;\"><span class=\"title\">Mit dem Auto<\/span><\/a><a href=\"\/de\/programme\/fuer-kulturfans\" title=\"F\u00fcr Kulturfans\" class=\"topten_link\" style=\"background: url(\/wp-content\/uploads\/2012\/05\/kulturabaratoknak-top-programok-gyoparosfurdon.jpg) top left no-repeat;\"><span class=\"title\">F\u00fcr Kulturfans<\/span><\/a><a href=\"\/de\/programme\/1-woche\" title=\"Auf eine Woche\" class=\"topten_link\" style=\"background: url(\/wp-content\/uploads\/2012\/05\/1-hetre-top-programok-gyoparosfurdon.jpg) top left no-repeat;\"><span class=\"title\">Auf eine Woche<\/span><\/a><a href=\"\/de\/programme\/fuer-angeln\" title=\"F\u00fcr Angeln\" class=\"topten_link\" style=\"background: url(\/wp-content\/uploads\/2012\/05\/horgaszoknak-top-programok-gyoparosfurdon.jpg) top left no-repeat;\"><span class=\"title\">F\u00fcr Angeln<\/span><\/a><a href=\"\/de\/programme\/fuer-photographer\" title=\"F\u00fcr Photographer\" class=\"topten_link\" style=\"background: url(\/wp-content\/uploads\/2012\/05\/fotosoknak-top-programok-gyoparosfurdon.jpg) top left no-repeat;\"><span class=\"title\">F\u00fcr Photographer<\/span><\/a><a href=\"\/de\/programme\/fuer-sportfans\" title=\"F\u00fcr Sportfans\" class=\"topten_link\" style=\"background: url(\/wp-content\/uploads\/2012\/05\/sportbaratoknak-top-programok-gyoparosfurdon.jpg) top left no-repeat;\"><span class=\"title\">F\u00fcr Sportfans<\/span><\/a><\/li><li class=\"topten_item\" data-id=\"tsi_2\"><a href=\"\/de\/programme\/fuer-familien\" title=\"F\u00fcr Familien\" class=\"topten_link\" style=\"background: url(\/wp-content\/uploads\/2012\/05\/csaladosoknak-top-programok-gyoparosfurdon.jpg) top left no-repeat;\"><span class=\"title\">F\u00fcr Familien<\/span><\/a><a href=\"\/de\/programme\/im-sommer\" title=\"Im Sommer\" class=\"topten_link\" style=\"background: url(\/wp-content\/uploads\/2012\/05\/nyaron-top-programok-gyoparosfurdon.jpg) top left no-repeat;\"><span class=\"title\">Im Sommer<\/span><\/a><a href=\"\/de\/programme\/1-tag\" title=\"Auf ein Tag\" class=\"topten_link\" style=\"background: url(\/wp-content\/uploads\/2012\/05\/1-napra-top-programok-gyoparosfurdon.jpg) top left no-repeat;\"><span class=\"title\">Auf ein Tag<\/span><\/a><a href=\"\/de\/programme\/fuer-fahrraeder\" title=\"F\u00fcr Fahrr\u00e4der\" class=\"topten_link\" style=\"background: url(\/wp-content\/uploads\/2012\/05\/kerekparosoknak-top-programok-gyoparosfurdon.jpg) top left no-repeat;\"><span class=\"title\">F\u00fcr Fahrr\u00e4der<\/span><\/a><a href=\"\/de\/programme\/fuer-wochenende\" title=\"Wochenende\" class=\"topten_link\" style=\"background: url(\/wp-content\/uploads\/2012\/05\/hetvegere-top-programok-gyoparosfurdon.jpg) top left no-repeat;\"><span class=\"title\">Wochenende<\/span><\/a><a href=\"\/de\/programme\/im-winter\" title=\"Im Winter\" class=\"topten_link\" style=\"background: url(\/wp-content\/uploads\/2012\/05\/telen-top-programok-gyoparosfurdon.jpg) top left no-repeat;\"><span class=\"title\">Im Winter<\/span><\/a><\/li><li class=\"topten_item\" data-id=\"tsi_3\"><a href=\"\/de\/programme\/fuer-jugend\" title=\"F\u00fcr Jugend\" class=\"topten_link\" style=\"background: url(\/wp-content\/uploads\/2012\/05\/fiataloknak-top-programok-gyoparosfurdon.jpg) top left no-repeat;\"><span class=\"title\">F\u00fcr Jugend<\/span><\/a><a href=\"\/de\/programme\/fuer-paare\" title=\"F\u00fcr Paare\" class=\"topten_link\" style=\"background: url(\/wp-content\/uploads\/2012\/05\/paroknak-top-programok-gyoparosfurdon.jpg) top left no-repeat;\"><span class=\"title\">F\u00fcr Paare<\/span><\/a><\/ul><div class=\"lapozobox\"><span id=\"lprev\"><\/span><span id=\"lnext\"><\/span><span id=\"ts_1\" class=\"active\"><\/span><span id=\"ts_2\" ><\/span><span id=\"ts_3\" ><\/span><\/div><\/div>\n","protected":false},"excerpt":{"rendered":"<p>Gastroausflug: Banane, Brot und Keimfladen a la Orosh\u00e1za. In Orosh\u00e1za ist die unter Jahrhunderten entstandenen Vielf\u00e4ltigkeit nicht nur in der Kultur, Wirtschaft, sondern auch in der Gastronomie auffindbar, da die traditionelle Bauerkultur darauf eine riesengrosse Einwirkung gemacht hat. In dieser &hellip; <a href=\"https:\/\/gyoparosfurdo-oroshaza.hu\/de\/oroshaza\/oroshaza-gastronomie\">Folytat\u00e1s <span class=\"meta-nav\">&rarr;<\/span><\/a><\/p>\n","protected":false},"author":6,"featured_media":0,"parent":25955,"menu_order":0,"comment_status":"closed","ping_status":"closed","template":"","meta":[],"_links":{"self":[{"href":"https:\/\/gyoparosfurdo-oroshaza.hu\/de\/wp-json\/wp\/v2\/pages\/25999"}],"collection":[{"href":"https:\/\/gyoparosfurdo-oroshaza.hu\/de\/wp-json\/wp\/v2\/pages"}],"about":[{"href":"https:\/\/gyoparosfurdo-oroshaza.hu\/de\/wp-json\/wp\/v2\/types\/page"}],"author":[{"embeddable":true,"href":"https:\/\/gyoparosfurdo-oroshaza.hu\/de\/wp-json\/wp\/v2\/users\/6"}],"replies":[{"embeddable":true,"href":"https:\/\/gyoparosfurdo-oroshaza.hu\/de\/wp-json\/wp\/v2\/comments?post=25999"}],"version-history":[{"count":0,"href":"https:\/\/gyoparosfurdo-oroshaza.hu\/de\/wp-json\/wp\/v2\/pages\/25999\/revisions"}],"up":[{"embeddable":true,"href":"https:\/\/gyoparosfurdo-oroshaza.hu\/de\/wp-json\/wp\/v2\/pages\/25955"}],"wp:attachment":[{"href":"https:\/\/gyoparosfurdo-oroshaza.hu\/de\/wp-json\/wp\/v2\/media?parent=25999"}],"curies":[{"name":"wp","href":"https:\/\/api.w.org\/{rel}","templated":true}]}}