{"id":25972,"date":"2012-04-13T10:23:28","date_gmt":"2012-04-13T08:23:28","guid":{"rendered":"https:\/\/gyoparosfurdo-oroshaza.hu\/unsere-preise"},"modified":"2026-04-15T12:27:48","modified_gmt":"2026-04-15T10:27:48","slug":"unsere-preise","status":"publish","type":"page","link":"https:\/\/gyoparosfurdo-oroshaza.hu\/de\/gyoparosfurdo\/unsere-preise","title":{"rendered":"Unsere Preise"},"content":{"rendered":"<style>h4.tablazatheader {padding: 18px !important; border-radius: 12px 12px 0 0; background-color: #387b93; text-align: center; color: #ffffff !important; margin-top: 20px; margin-bottom: -15px; font-weight: 700; font-size: 20px !important; line-height: 24px !important;}<\/style>\n<p>Die Preise sind g\u00fcltig ab dem 13. April 2026!<\/p>\n<h4 class=\"tablazatheader\">Erlebnisbad (beinhaltet die Eintrittskarte f\u00fcr das Park- und Heilbad sowie die Nutzung der Salzgrotte und des Fitnessraums)<\/h4>\n<table>\n<tbody>\n<tr>\n<td>Tageskarte Erlebnisbad f\u00fcr Erwachsene ab 14 Jahren<\/td>\n<td>5.000 Ft\/Pers.<\/td>\n<\/tr>\n<tr>\n<td>Tageskarte Erlebnisbad f\u00fcr Erwachsene ab 14 Jahren nach 16:00 Uhr<\/td>\n<td>4.000 Ft\/Pers.<\/td>\n<\/tr>\n<tr>\n<td>Tageskarte Erlebnisbad f\u00fcr Erwachsene ab 14 Jahren mit Orosh\u00e1za-Rabatt<\/td>\n<td>3.000 Ft\/Pers.<\/td>\n<\/tr>\n<tr>\n<td>Tageskarte Erlebnisbad f\u00fcr Erwachsene ab 14 Jahren mit Orosh\u00e1za-Rabatt nach 16:00 Uhr<\/td>\n<td>2.400 Ft\/Pers.<\/td>\n<\/tr>\n<tr>\n<td>Tageskarte Erlebnisbad f\u00fcr Erwachsene ab 14 Jahren mit Regional-Rabatt<\/td>\n<td>3.500 Ft\/Pers.<\/td>\n<\/tr>\n<tr>\n<td>Tageskarte Erlebnisbad f\u00fcr Erwachsene ab 14 Jahren mit Regional-Rabatt nach 16:00 Uhr<\/td>\n<td>2.800 Ft\/Pers.<\/td>\n<\/tr>\n<tr>\n<td>Tageskarte Erlebnisbad f\u00fcr Rentner\/Studenten* ab 14 Jahren<\/td>\n<td>4.000 Ft\/Pers.<\/td>\n<\/tr>\n<tr>\n<td>Tageskarte Erlebnisbad f\u00fcr Rentner\/Studenten* ab 14 Jahren nach 16:00 Uhr<\/td>\n<td>3.200 Ft\/Pers.<\/td>\n<\/tr>\n<tr>\n<td>Tageskarte Erlebnisbad f\u00fcr Rentner\/Studenten* ab 14 Jahren mit Orosh\u00e1za-Rabatt<\/td>\n<td>2.400 Ft\/Pers.<\/td>\n<\/tr>\n<tr>\n<td>Tageskarte Erlebnisbad f\u00fcr Rentner\/Studenten* ab 14 Jahren mit Orosh\u00e1za-Rabatt nach 16:00 Uhr<\/td>\n<td>1.900 Ft\/Pers.<\/td>\n<\/tr>\n<tr>\n<td>Tageskarte Erlebnisbad f\u00fcr Rentner\/Studenten* ab 14 Jahren mit Regional-Rabatt<\/td>\n<td>2.800 Ft\/Pers.<\/td>\n<\/tr>\n<tr>\n<td>Tageskarte Erlebnisbad f\u00fcr Rentner\/Studenten* ab 14 Jahren mit Regional-Rabatt nach 16:00 Uhr<\/td>\n<td>2.200 Ft\/Pers.<\/td>\n<\/tr>\n<tr>\n<td>Tageskarte Erlebnisbad f\u00fcr Kinder (6-14 Jahre)<\/td>\n<td>1.500 Ft\/Pers.<\/td>\n<\/tr>\n<tr>\n<td>Tageskarte Erlebnisbad f\u00fcr Kinder (6-14 Jahre) nach 16:00 Uhr<\/td>\n<td>1.200 Ft\/Pers.<\/td>\n<\/tr>\n<tr>\n<td>Tageskarte Erlebnisbad f\u00fcr Kinder (6-14 Jahre) mit Orosh\u00e1za-Rabatt<\/td>\n<td>900 Ft\/Pers.<\/td>\n<\/tr>\n<tr>\n<td>Tageskarte Erlebnisbad f\u00fcr Kinder (6-14 Jahre) mit Orosh\u00e1za-Rabatt nach 16:00 Uhr<\/td>\n<td>700 Ft\/Pers.<\/td>\n<\/tr>\n<tr>\n<td>Tageskarte Erlebnisbad f\u00fcr Kinder (6-14 Jahre) mit Regional-Rabatt<\/td>\n<td>1.050 Ft\/Pers.<\/td>\n<\/tr>\n<tr>\n<td>Tageskarte Erlebnisbad f\u00fcr Kinder (6-14 Jahre) mit Regional-Rabatt nach 16:00 Uhr<\/td>\n<td>850 Ft\/Pers.<\/td>\n<\/tr>\n<tr>\n<td>Tageskarte Erlebnisbad f\u00fcr Kinder unter 6 Jahren<\/td>\n<td>KOSTENLOS<\/td>\n<\/tr>\n<tr>\n<td>Gruppenrabatt (\u00fcber 20 Personen)<\/td>\n<td>10% Rabatt<\/td>\n<\/tr>\n<tr>\n<td>Saunatuch-Kaution<\/td>\n<td>1.000 Ft<\/td>\n<\/tr>\n<tr>\n<td>Erlebnisbad-Aufpreis f\u00fcr die Nutzung des Saunaparks<\/td>\n<td>1.500 Ft\/Pers.<\/td>\n<\/tr>\n<tr>\n<td>Ticket f\u00fcr Saunazeremonie (bei Nutzung der Sauna)<\/td>\n<td>1.000 Ft\/Zeremonie<\/td>\n<\/tr>\n<\/tbody>\n<\/table>\n<p>* Bei Vorlage eines g\u00fcltigen Studentenausweises<\/p>\n<h4 class=\"tablazatheader\">Sonstige Dienstleistungen<\/h4>\n<table>\n<tbody>\n<tr>\n<td>Orosh\u00e1za- \/ Regional-Karte (g\u00fcltig bis 31. Dez. des laufenden Jahres)<\/td>\n<td>1.000 Ft<\/td>\n<\/tr>\n<tr>\n<td>Stehsolarium (mind. 5 Min.) bei Saunanutzung<\/td>\n<td>200 Ft\/Min.<\/td>\n<\/tr>\n<tr>\n<td>Liegesolarium (mind. 5 Min.) bei Saunanutzung<\/td>\n<td>200 Ft\/Min.<\/td>\n<\/tr>\n<tr>\n<td>Handtuchverleih<\/td>\n<td>500 Ft<\/td>\n<\/tr>\n<tr>\n<td>Bademantelverleih<\/td>\n<td>500 Ft<\/td>\n<\/tr>\n<tr>\n<td>Parkgeb\u00fchr direkt vor dem Badeingang<\/td>\n<td>150 Ft\/Std.<\/td>\n<\/tr>\n<tr>\n<td>Parkgeb\u00fchr auf dem entfernteren gro\u00dfen Parkplatz<\/td>\n<td>KOSTENLOS<\/td>\n<\/tr>\n<\/tbody>\n<\/table>\n<h4 class=\"tablazatheader\">Heilbad<\/h4>\n<table>\n<tbody>\n<tr>\n<td>Tageskarte<\/td>\n<td>2.000 Ft<\/td>\n<\/tr>\n<tr>\n<td>Heilschlamm-Kompresse<\/td>\n<td>7.000 Ft<\/td>\n<\/tr>\n<tr>\n<td>Behandlungstuch<\/td>\n<td>600 Ft<\/td>\n<\/tr>\n<tr>\n<td>Schl\u00fcsselkaution<\/td>\n<td>1.000 Ft<\/td>\n<\/tr>\n<\/tbody>\n<\/table>\n<h4 class=\"tablazatheader\">Medizinische Behandlungen<\/h4>\n<table>\n<thead>\n<tr>\n<th>Preise f\u00fcr NEAK-gef\u00f6rderte Behandlungen (mit \u00dcberweisung)<\/th>\n<th>NEAK-gef\u00f6rdert<\/th>\n<th>Nicht gef\u00f6rdert<\/th>\n<\/tr>\n<\/thead>\n<tbody>\n<tr>\n<td>01 Heilwasserbecken<\/td>\n<td>500 Ft\/Sitzung<\/td>\n<td>Tageskarte<\/td>\n<\/tr>\n<tr>\n<td>02 Heilwasser-Wannenbad<\/td>\n<td>500 Ft\/Sitzung<\/td>\n<td>2.500 Ft\/Sitzung<\/td>\n<\/tr>\n<tr>\n<td>03 Schlammpackung<\/td>\n<td>500 Ft\/Sitzung<\/td>\n<td>2.500 Ft\/Sitzung<\/td>\n<\/tr>\n<tr>\n<td>04 Gewichtsbad<\/td>\n<td>500 Ft\/Sitzung<\/td>\n<td>2.500 Ft\/Sitzung<\/td>\n<\/tr>\n<tr>\n<td>05 Kohlens\u00e4urebad<\/td>\n<td>500 Ft\/Sitzung<\/td>\n<td>2.500 Ft\/Sitzung<\/td>\n<\/tr>\n<tr>\n<td>06 Medizinische Heilmassage<\/td>\n<td>500 Ft\/Sitzung<\/td>\n<td>3.000 Ft\/Sitzung<\/td>\n<\/tr>\n<tr>\n<td>07 Unterwasser-Strahlmassage<\/td>\n<td>500 Ft\/Sitzung<\/td>\n<td>2.500 Ft\/Sitzung<\/td>\n<\/tr>\n<tr>\n<td>08 Unterwasser-Gruppengymnastik<\/td>\n<td>500 Ft\/Sitzung<\/td>\n<td>2.500 Ft\/Sitzung<\/td>\n<\/tr>\n<tr>\n<td>09 Komplexe Behandlung<\/td>\n<td>2.000 Ft\/Sitzung<\/td>\n<td><\/td>\n<\/tr>\n<\/tbody>\n<\/table>\n<h4 class=\"tablazatheader\">Medizinische und gesundheitserhaltende Dienstleistungen<\/h4>\n<table>\n<tbody>\n<tr>\n<td>\u00c4rztliche Untersuchung, Kontrolle<\/td>\n<td>KOSTENLOS<\/td>\n<\/tr>\n<tr>\n<td>Einzel-Heilgymnastik (25 Min.)<\/td>\n<td>4.500 Ft\/Sitzung<\/td>\n<\/tr>\n<tr>\n<td>Einzel-Heilgymnastik (25 Min.) 5 Sitzungen<\/td>\n<td>21.000 Ft<\/td>\n<\/tr>\n<tr>\n<td>Einzel-Heilgymnastik (25 Min.) 10 Sitzungen<\/td>\n<td>41.000 Ft<\/td>\n<\/tr>\n<tr>\n<td>Einzel-Heilgymnastik (50 Min.)<\/td>\n<td>7.500 Ft\/Sitzung<\/td>\n<\/tr>\n<tr>\n<td>Einzel-Heilgymnastik (50 Min.) 5 Sitzungen<\/td>\n<td>36.000 Ft<\/td>\n<\/tr>\n<tr>\n<td>Einzel-Heilgymnastik (50 Min.) 10 Sitzungen<\/td>\n<td>70.000 Ft<\/td>\n<\/tr>\n<tr>\n<td>Einzel-Wassergymnastik (25 Min.)<\/td>\n<td>6.000 Ft\/Sitzung<\/td>\n<\/tr>\n<tr>\n<td>Statusaufnahme (25 Min.)<\/td>\n<td>4.500 Ft\/Sitzung<\/td>\n<\/tr>\n<tr>\n<td>McKenzie-Gymnastik<\/td>\n<td>8.000 Ft\/Sitzung<\/td>\n<\/tr>\n<tr>\n<td>McKenzie-Gymnastik Kontrolle<\/td>\n<td>5.000 Ft\/Sitzung<\/td>\n<\/tr>\n<tr>\n<td>Beckenbodengymnastik (Gruppe)<\/td>\n<td>3.000 Ft\/Sitzung<\/td>\n<\/tr>\n<tr>\n<td>Postnatale Rehabilitation (Gruppe)<\/td>\n<td>3.000 Ft\/Sitzung<\/td>\n<\/tr>\n<tr>\n<td>Schwangerschaftsgymnastik (Gruppe)<\/td>\n<td>3.000 Ft\/Sitzung<\/td>\n<\/tr>\n<tr>\n<td>Mutter-Kind-Gymnastik (Gruppe)<\/td>\n<td>3.000 Ft\/Sitzung<\/td>\n<\/tr>\n<tr>\n<td>Narbenbehandlung (25 Min.)<\/td>\n<td>5.000 Ft\/Sitzung<\/td>\n<\/tr>\n<tr>\n<td>Vagus-Therapie<\/td>\n<td>8.000 Ft\/Sitzung<\/td>\n<\/tr>\n<tr>\n<td>Sportrehabilitation (50 Min.)<\/td>\n<td>8.000 Ft\/Sitzung<\/td>\n<\/tr>\n<tr>\n<td>Floss-Therapie (25 Min.)<\/td>\n<td>5.000 Ft\/Sitzung<\/td>\n<\/tr>\n<tr>\n<td>Kinesiologisches Taping<\/td>\n<td>3.500 Ft\/K\u00f6rperteil<\/td>\n<\/tr>\n<tr>\n<td>Sto\u00dfwellentherapie<\/td>\n<td>7.500 Ft\/Sitzung<\/td>\n<\/tr>\n<tr>\n<td>Sto\u00dfwellentherapie 5 Sitzungen<\/td>\n<td>36.000 Ft<\/td>\n<\/tr>\n<tr>\n<td>Sto\u00dfwellentherapie 10 Sitzungen<\/td>\n<td>70.000 Ft<\/td>\n<\/tr>\n<tr>\n<td>Elektrotherapeutische Behandlungen<\/td>\n<td>1.500 Ft\/Behandlung<\/td>\n<\/tr>\n<tr>\n<td>Ultraschall (Unterwasser-US)<\/td>\n<td>1.500 Ft\/Behandlung<\/td>\n<\/tr>\n<tr>\n<td>Laserbehandlung<\/td>\n<td>6.000 Ft\/Sitzung<\/td>\n<\/tr>\n<tr>\n<td>Laserbehandlung 5 Sitzungen<\/td>\n<td>28.000 Ft<\/td>\n<\/tr>\n<tr>\n<td>Laserbehandlung 10 Sitzungen<\/td>\n<td>55.000 Ft<\/td>\n<\/tr>\n<tr>\n<td>Salzgrotte f\u00fcr Erwachsene (bei Basiseintritt)<\/td>\n<td>KOSTENLOS<\/td>\n<\/tr>\n<tr>\n<td>Salzgrotte f\u00fcr Studenten\/Rentner (bei Basiseintritt)<\/td>\n<td>KOSTENLOS<\/td>\n<\/tr>\n<\/tbody>\n<\/table>\n<h4 class=\"tablazatheader\">Wellness-Pakete<\/h4>\n<table>\n<tbody>\n<tr>\n<td>\u201eTiefebene-Outlaw&#8221; Kur<\/td>\n<td>9.000 Ft<\/td>\n<\/tr>\n<tr>\n<td>\u201eZauber von Scheherazade&#8221;<\/td>\n<td>9.000 Ft<\/td>\n<\/tr>\n<tr>\n<td>\u201eKraft von Zeus&#8221;<\/td>\n<td>9.000 Ft<\/td>\n<\/tr>\n<tr>\n<td>\u201eEwige Jugend&#8221;<\/td>\n<td>9.000 Ft<\/td>\n<\/tr>\n<tr>\n<td>\u201eMeereszauber&#8221;<\/td>\n<td>7.500 Ft<\/td>\n<\/tr>\n<tr>\n<td>\u201eZauber des Fernen Ostens&#8221;<\/td>\n<td>10.500 Ft<\/td>\n<\/tr>\n<\/tbody>\n<\/table>\n<h4 class=\"tablazatheader\">Massagen<\/h4>\n<table>\n<tbody>\n<tr>\n<td>Erfrischungsmassage (15 Min.)<\/td>\n<td>2.500 Ft\/Sitzung<\/td>\n<\/tr>\n<tr>\n<td>Erfrischungsmassage (25 Min.)<\/td>\n<td>4.000 Ft\/Sitzung<\/td>\n<\/tr>\n<tr>\n<td>Erfrischungsmassage (50 Min.)<\/td>\n<td>7.800 Ft\/Sitzung<\/td>\n<\/tr>\n<tr>\n<td>Entspannende Kopfmassage (25 Min.)<\/td>\n<td>4.500 Ft\/Sitzung<\/td>\n<\/tr>\n<tr>\n<td>Erfrischende Fu\u00dfmassage (25 Min.)<\/td>\n<td>4.500 Ft\/Sitzung<\/td>\n<\/tr>\n<tr>\n<td>Rheumamassage (25 Min.)<\/td>\n<td>4.500 Ft\/Sitzung<\/td>\n<\/tr>\n<tr>\n<td>Sportmassage (25 Min.)<\/td>\n<td>5.500 Ft\/Sitzung<\/td>\n<\/tr>\n<tr>\n<td>Beruhigende Massage (25 Min.)<\/td>\n<td>4.500 Ft\/Sitzung<\/td>\n<\/tr>\n<tr>\n<td>Beruhigende Massage (50 Min.)<\/td>\n<td>8.500 Ft\/Sitzung<\/td>\n<\/tr>\n<tr>\n<td>Lymphmassage (50 Min.)<\/td>\n<td>9.000 Ft\/Sitzung<\/td>\n<\/tr>\n<tr>\n<td>Thai-Massage (55 Min.)<\/td>\n<td>9.500 Ft\/Sitzung<\/td>\n<\/tr>\n<tr>\n<td>Hot-Stone-Massage (55 Min.)<\/td>\n<td>9.500 Ft\/Sitzung<\/td>\n<\/tr>\n<tr>\n<td>Schr\u00f6pftherapie (25 Min.)<\/td>\n<td>4.500 Ft\/Sitzung<\/td>\n<\/tr>\n<\/tbody>\n<\/table>\n<h4 class=\"tablazatheader\">Camping<\/h4>\n<table>\n<tbody>\n<tr>\n<td>Holzhaus (4 Personen) inkl. Eintrittskarte<\/td>\n<td>40.000 Ft\/Nacht<\/td>\n<\/tr>\n<tr>\n<td>Personengeb\u00fchr Erwachsene inkl. Eintrittskarte<\/td>\n<td>5.000 Ft\/Nacht<\/td>\n<\/tr>\n<tr>\n<td>Personengeb\u00fchr Studenten\/Rentner inkl. Eintrittskarte<\/td>\n<td>4.000 Ft\/Nacht<\/td>\n<\/tr>\n<tr>\n<td>Personengeb\u00fchr Kinder (unter 6 Jahren)<\/td>\n<td>KOSTENLOS<\/td>\n<\/tr>\n<tr>\n<td>Wohnwagen (inkl. Parkgeb\u00fchr)<\/td>\n<td>4.000 Ft\/Nacht<\/td>\n<\/tr>\n<tr>\n<td>Wohnmobil<\/td>\n<td>4.000 Ft\/Nacht<\/td>\n<\/tr>\n<tr>\n<td>Stromnutzung (Zelt)<\/td>\n<td>900 Ft\/Nacht<\/td>\n<\/tr>\n<tr>\n<td>Stromnutzung (Wohnwagen\/Wohnmobil)<\/td>\n<td>1.000 Ft\/Nacht<\/td>\n<\/tr>\n<tr>\n<td>Parkgeb\u00fchr (PKW)<\/td>\n<td>1.000 Ft\/Nacht<\/td>\n<\/tr>\n<tr>\n<td>Parkgeb\u00fchr (Motorrad)<\/td>\n<td>900 Ft\/Nacht<\/td>\n<\/tr>\n<tr>\n<td>Tourismusabgabe (IFA) ab 18 Jahren<\/td>\n<td>400 Ft\/Nacht\/Pers.<\/td>\n<\/tr>\n<tr>\n<td>Camping-Aufpreis f\u00fcr Saunanutzung<\/td>\n<td>1.500 Ft\/Tag<\/td>\n<\/tr>\n<\/tbody>\n<\/table>\n<p><b>Anmerkungen:<\/b><br \/>\n\u2022 Preis\u00e4nderungen vorbehalten!<br \/>\n\u2022 Unsere Preise verstehen sich in Ungarischen Forint (HUF) inklusive Mehrwertsteuer.<br \/>\n\u2022 Es kann nur jeweils eine Erm\u00e4\u00dfigung in Anspruch genommen werden; Rabatte sind nicht kombinierbar.<br \/>\n\u2022 Erm\u00e4\u00dfigungen werden gegen Vorlage einer Wohnsitzkarte gew\u00e4hrt!<\/p>\n<p>*Bei Vorlage eines g\u00fcltigen Studentenausweises<\/p>\n<p><b>Ortschaften mit Anspruch auf Regional-Rabatt:<\/b> B\u00e9k\u00e9ss\u00e1mson, Csan\u00e1dap\u00e1ca, Csorv\u00e1s, G\u00e1doros, Gerend\u00e1s, Kardosk\u00fat, Nagym\u00e1gocs, Nagysz\u00e9n\u00e1s, Pusztaf\u00f6ldv\u00e1r, T\u00f3tkoml\u00f3s<\/p>\n<p>Wir informieren das Badepublikum, dass die geltenden Rechtsvorschriften f\u00fcr den Betrieb \u00f6ffentlicher B\u00e4der, die Regierungsverordnung 510\/2023. (XI. 20.) <a href=\"https:\/\/njt.hu\/jogszabaly\/2023-510-20-22\">Regierungsverordnung<\/a>, strenge Vorschriften f\u00fcr das Baden von Kindern in Heilwasser enthalten. Gem\u00e4\u00df der Verordnung d\u00fcrfen Kinder unter 14 Jahren nicht in Heil- und Therapiebecken baden, au\u00dfer auf \u00e4rztliche Verschreibung. Der Betreiber des \u00f6ffentlichen Bades ist verpflichtet, das Bad unter Einhaltung der im Anhang 5 der Regierungsverordnung festgelegten hygiene- und gesundheitsrechtlichen Vorschriften zu betreiben.<\/p>\n<div class=\"kapcsolodo_tartalom\"><h3>Verwandte Inhalte<\/h3><ul class=\"custom_menu\"><li class=\"page_item page-item-25883\"><a title=\"Erlebnisbad\" href=\"https:\/\/gyoparosfurdo-oroshaza.hu\/de\/gyoparosfurdo\/erlebnisbad\">Erlebnisbad<\/a><\/li><li class=\"page_item page-item-25879\"><a title=\"Geschichte\" href=\"https:\/\/gyoparosfurdo-oroshaza.hu\/de\/gyoparosfurdo\/geschichte\">Geschichte<\/a><\/li><li class=\"page_item page-item-26348\"><a title=\"Gyop\u00e1rosf\u00fcrd\u0151 Panoramarundgang\" href=\"https:\/\/gyoparosfurdo-oroshaza.hu\/de\/gyoparosfurdo\/gyoparosfurdo-panoramarundgang\">Gyop\u00e1rosf\u00fcrd\u0151 Panoramarundgang<\/a><\/li><li class=\"page_item page-item-25900\"><a title=\"Heilbad\" href=\"https:\/\/gyoparosfurdo-oroshaza.hu\/de\/gyoparosfurdo\/heilbad\">Heilbad<\/a><\/li><\/ul><ul class=\"custom_menu\"><li class=\"page_item page-item-25995\"><a title=\"\u00d6ffnungszeiten\" href=\"https:\/\/gyoparosfurdo-oroshaza.hu\/de\/gyoparosfurdo\/oeffnungszeiten\">\u00d6ffnungszeiten<\/a><\/li><li class=\"page_item page-item-25889\"><a title=\"Parkbad, Strand\" href=\"https:\/\/gyoparosfurdo-oroshaza.hu\/de\/gyoparosfurdo\/parkbad-strand\">Parkbad, Strand<\/a><\/li><li class=\"page_item page-item-26491\"><a title=\"Parken\" href=\"https:\/\/gyoparosfurdo-oroshaza.hu\/de\/gyoparosfurdo\/parken\">Parken<\/a><\/li><li class=\"page_item page-item-26172\"><a title=\"Saunapark\" href=\"https:\/\/gyoparosfurdo-oroshaza.hu\/de\/gyoparosfurdo\/saunapark\">Saunapark<\/a><\/li><\/ul><ul class=\"custom_menu\"><li class=\"page_item page-item-26271\"><a title=\"Saunaseansen\" href=\"https:\/\/gyoparosfurdo-oroshaza.hu\/de\/gyoparosfurdo\/saunaseansen\">Saunaseansen<\/a><\/li><li class=\"page_item page-item-26278\"><a title=\"Spielhaus\" href=\"https:\/\/gyoparosfurdo-oroshaza.hu\/de\/gyoparosfurdo\/spielhaus\">Spielhaus<\/a><\/li><li class=\"page_item page-item-26327\"><a title=\"Videos\" href=\"https:\/\/gyoparosfurdo-oroshaza.hu\/de\/gyoparosfurdo\/videos\">Videos<\/a><\/li><li class=\"page_item page-item-26150\"><a title=\"Wellness\" href=\"https:\/\/gyoparosfurdo-oroshaza.hu\/de\/gyoparosfurdo\/wellness\">Wellness<\/a><\/li><\/ul><br class=\"clear\" \/><\/div>\n<div class=\"topten_slider_title\"><span class=\"h3\">Top Programme<\/span><a href=\"https:\/\/gyoparosfurdo-oroshaza.hu\/de\/programme\" title=\"Alle Programme anzeigen \u00bb\">Alle Programme anzeigen \u00bb<\/a><\/div><div class=\"topten_container topten_slider\" id=\"topten_slider\"><ul class=\"topten_inner\"><li class=\"topten_item\" data-id=\"tsi_1\"><a href=\"\/de\/programme\/1-tag\" title=\"Auf ein Tag\" class=\"topten_link\" style=\"background: url(\/wp-content\/uploads\/2012\/05\/1-napra-top-programok-gyoparosfurdon.jpg) top left no-repeat;\"><span class=\"title\">Auf ein Tag<\/span><\/a><a href=\"\/de\/programme\/fuer-fahrraeder\" title=\"F\u00fcr Fahrr\u00e4der\" class=\"topten_link\" style=\"background: url(\/wp-content\/uploads\/2012\/05\/kerekparosoknak-top-programok-gyoparosfurdon.jpg) top left no-repeat;\"><span class=\"title\">F\u00fcr Fahrr\u00e4der<\/span><\/a><a href=\"\/de\/programme\/fuer-wochenende\" title=\"Wochenende\" class=\"topten_link\" style=\"background: url(\/wp-content\/uploads\/2012\/05\/hetvegere-top-programok-gyoparosfurdon.jpg) top left no-repeat;\"><span class=\"title\">Wochenende<\/span><\/a><a href=\"\/de\/programme\/im-winter\" title=\"Im Winter\" class=\"topten_link\" style=\"background: url(\/wp-content\/uploads\/2012\/05\/telen-top-programok-gyoparosfurdon.jpg) top left no-repeat;\"><span class=\"title\">Im Winter<\/span><\/a><a href=\"\/de\/programme\/fuer-jugend\" title=\"F\u00fcr Jugend\" class=\"topten_link\" style=\"background: url(\/wp-content\/uploads\/2012\/05\/fiataloknak-top-programok-gyoparosfurdon.jpg) top left no-repeat;\"><span class=\"title\">F\u00fcr Jugend<\/span><\/a><a href=\"\/de\/programme\/fuer-paare\" title=\"F\u00fcr Paare\" class=\"topten_link\" style=\"background: url(\/wp-content\/uploads\/2012\/05\/paroknak-top-programok-gyoparosfurdon.jpg) top left no-repeat;\"><span class=\"title\">F\u00fcr Paare<\/span><\/a><\/li><li class=\"topten_item\" data-id=\"tsi_2\"><a href=\"\/de\/programme\/mit-dem-auto\" title=\"Mit dem Auto\" class=\"topten_link\" style=\"background: url(\/wp-content\/uploads\/2012\/05\/autoval-top-programok-gyoparosfurdon.jpg) top left no-repeat;\"><span class=\"title\">Mit dem Auto<\/span><\/a><a href=\"\/de\/programme\/fuer-kulturfans\" title=\"F\u00fcr Kulturfans\" class=\"topten_link\" style=\"background: url(\/wp-content\/uploads\/2012\/05\/kulturabaratoknak-top-programok-gyoparosfurdon.jpg) top left no-repeat;\"><span class=\"title\">F\u00fcr Kulturfans<\/span><\/a><a href=\"\/de\/programme\/1-woche\" title=\"Auf eine Woche\" class=\"topten_link\" style=\"background: url(\/wp-content\/uploads\/2012\/05\/1-hetre-top-programok-gyoparosfurdon.jpg) top left no-repeat;\"><span class=\"title\">Auf eine Woche<\/span><\/a><a href=\"\/de\/programme\/fuer-angeln\" title=\"F\u00fcr Angeln\" class=\"topten_link\" style=\"background: url(\/wp-content\/uploads\/2012\/05\/horgaszoknak-top-programok-gyoparosfurdon.jpg) top left no-repeat;\"><span class=\"title\">F\u00fcr Angeln<\/span><\/a><a href=\"\/de\/programme\/fuer-photographer\" title=\"F\u00fcr Photographer\" class=\"topten_link\" style=\"background: url(\/wp-content\/uploads\/2012\/05\/fotosoknak-top-programok-gyoparosfurdon.jpg) top left no-repeat;\"><span class=\"title\">F\u00fcr Photographer<\/span><\/a><a href=\"\/de\/programme\/fuer-sportfans\" title=\"F\u00fcr Sportfans\" class=\"topten_link\" style=\"background: url(\/wp-content\/uploads\/2012\/05\/sportbaratoknak-top-programok-gyoparosfurdon.jpg) top left no-repeat;\"><span class=\"title\">F\u00fcr Sportfans<\/span><\/a><\/li><li class=\"topten_item\" data-id=\"tsi_3\"><a href=\"\/de\/programme\/fuer-familien\" title=\"F\u00fcr Familien\" class=\"topten_link\" style=\"background: url(\/wp-content\/uploads\/2012\/05\/csaladosoknak-top-programok-gyoparosfurdon.jpg) top left no-repeat;\"><span class=\"title\">F\u00fcr Familien<\/span><\/a><a href=\"\/de\/programme\/im-sommer\" title=\"Im Sommer\" class=\"topten_link\" style=\"background: url(\/wp-content\/uploads\/2012\/05\/nyaron-top-programok-gyoparosfurdon.jpg) top left no-repeat;\"><span class=\"title\">Im Sommer<\/span><\/a><\/ul><div class=\"lapozobox\"><span id=\"lprev\"><\/span><span id=\"lnext\"><\/span><span id=\"ts_1\" class=\"active\"><\/span><span id=\"ts_2\" ><\/span><span id=\"ts_3\" ><\/span><\/div><\/div>\n","protected":false},"excerpt":{"rendered":"<p>Die Preise sind g\u00fcltig ab dem 13. April 2026! Erlebnisbad (beinhaltet die Eintrittskarte f\u00fcr das Park- und Heilbad sowie die Nutzung der Salzgrotte und des Fitnessraums) Tageskarte Erlebnisbad f\u00fcr Erwachsene ab 14 Jahren 5.000 Ft\/Pers. Tageskarte Erlebnisbad f\u00fcr Erwachsene ab &hellip; <a href=\"https:\/\/gyoparosfurdo-oroshaza.hu\/de\/gyoparosfurdo\/unsere-preise\">Folytat\u00e1s <span class=\"meta-nav\">&rarr;<\/span><\/a><\/p>\n","protected":false},"author":6,"featured_media":0,"parent":25866,"menu_order":0,"comment_status":"closed","ping_status":"closed","template":"","meta":[],"_links":{"self":[{"href":"https:\/\/gyoparosfurdo-oroshaza.hu\/de\/wp-json\/wp\/v2\/pages\/25972"}],"collection":[{"href":"https:\/\/gyoparosfurdo-oroshaza.hu\/de\/wp-json\/wp\/v2\/pages"}],"about":[{"href":"https:\/\/gyoparosfurdo-oroshaza.hu\/de\/wp-json\/wp\/v2\/types\/page"}],"author":[{"embeddable":true,"href":"https:\/\/gyoparosfurdo-oroshaza.hu\/de\/wp-json\/wp\/v2\/users\/6"}],"replies":[{"embeddable":true,"href":"https:\/\/gyoparosfurdo-oroshaza.hu\/de\/wp-json\/wp\/v2\/comments?post=25972"}],"version-history":[{"count":30,"href":"https:\/\/gyoparosfurdo-oroshaza.hu\/de\/wp-json\/wp\/v2\/pages\/25972\/revisions"}],"predecessor-version":[{"id":40445,"href":"https:\/\/gyoparosfurdo-oroshaza.hu\/de\/wp-json\/wp\/v2\/pages\/25972\/revisions\/40445"}],"up":[{"embeddable":true,"href":"https:\/\/gyoparosfurdo-oroshaza.hu\/de\/wp-json\/wp\/v2\/pages\/25866"}],"wp:attachment":[{"href":"https:\/\/gyoparosfurdo-oroshaza.hu\/de\/wp-json\/wp\/v2\/media?parent=25972"}],"curies":[{"name":"wp","href":"https:\/\/api.w.org\/{rel}","templated":true}]}}