{"id":25955,"date":"2012-04-13T10:07:37","date_gmt":"2012-04-13T08:07:37","guid":{"rendered":"https:\/\/gyoparosfurdo-oroshaza.hu\/oroshaza"},"modified":"2012-04-13T10:07:37","modified_gmt":"2012-04-13T09:07:37","slug":"oroshaza","status":"publish","type":"page","link":"https:\/\/gyoparosfurdo-oroshaza.hu\/de\/oroshaza","title":{"rendered":"Orosh\u00e1za"},"content":{"rendered":"<h2>Drei in Eins: Agrarstadt, Industriecentrum, turistische Paradise<\/h2>\n<p>Orosh\u00e1za ist vielfaltige Stadt, da die tiefl\u00e4ndische Agrarstadt, die Industriecentrum von 20.Jahrhunderts und die modern turistische Siedlung verh\u00e4ltsm\u00e4ssig gleich  gemischt werden.<\/p>\n<p><img loading=\"lazy\" src=\"\/wp-content\/uploads\/2012\/04\/oroshaza.jpg\" alt=\"Orosh\u00e1za\" title=\"Orosh\u00e1za\" width=\"579\" height=\"148\" class=\"aligncenter\" \/><\/p>\n<p>Um die Gegenwart verstehenzu k\u00f6nnen, brauch ma dazu ein kurzgefasste Geschichtskentnisse: seit zwei und ein halb Jahrhundert haben die  protestanten Siedlungen von S\u00fcdtransdanubien hier einen Fluchtort von dem zeitgen\u00f6ssigen Gutherrn bekommen, dadurch haben sie sehr wohl gelebt : Im Zeitgange hat sich ein fruchtende Agrarkultur und B\u00fcrgerschaft gestaltet . Nach dem Weltkrieg II, begr\u00fcndend auf umliegenden Erdgasschatz, ist  eine riesengrosse Industrialisation begonnen, unteranderem wurden dieserzeit das Orosh\u00e1za- Glasswerk bzw. auch weitere Schwehrindustriewerke entstanden. Dazu geh\u00f6rt der zwischenzeit in Kan\u00e4dien Eigentum geratene Rechtsvorg\u00e4nger von Linamr Hugary, die Firma Mez\u0151g\u00e9p.<\/p>\n<p>Dadurch wurde es deutlich  nicht nur das Stadtsgesicht, sondern auch ihre Zusammensetzung ge\u00e4ndert. Orosh\u00e1za wurde als Emfangsort bekannt, dieses gielt f\u00fcr nicht nur die Wirtschaft, sondern  auch f\u00fcr das \u00f6rtliche gesellschaftliche, kulturelle Leben. <\/p>\n<p>Heute sprechen wir \u00fcber eine mit v\u00f6lliger Infrastruktur ausgebauten Siedlungam Hauptweg 47. Neben ihrem Grund,-und Mittelschulungsnetz verf\u00fcgt der Ort so wie mit Hochschulausbildung, als auch mit der medizinischen Betreuung mit \u00f6rtlichem modrenen Krankenhaus und Poliklinik. Es gibt auch viele M\u00f6glichkeiten, um einzukaufen, da es die deutlichsten Kaufcentrumketten hier in der Stadt gefunden sind. Das Gleiche betrifft auch die Dienstleistungsphera, dazu geh\u00f6ren die Banken, Gastst\u00e4tte, und Sch\u00f6nheitsaloonen.<\/p>\n<p>Die Mehrheit von der  Bev\u00f6lkerung mit 30,000 Einwohner besteht aus evangelisch-refromierte Konfessionellen, aber es gibt eine deutliche Menge an Einwohner, die R\u00f6misch-Katolisch sind, so wie befinden sich es auch nicht-geschichtliche  Kirchen hier.Das meistgr\u00f6sste sozialische Problem ist auch hier aufgekommen: immer weniger Jungen bleiben hier in der Stadt, die Meisten von ihnen bewegt sich in die Hauptstadt, nach Transdanubien, oder ins Ausland, obwohl gibt es auch eine vorteilhafte Tedenz: es gibt immer mehrere, die retournieren, um der \u00f6rtlichen Bev\u00f6lkerung durch ihre Kentnisse helfen zu k\u00f6nnen.<\/p>\n<h3>Bildgalerie<\/h3>\n\n<div class=\"ngg-galleryoverview\" id=\"ngg-gallery-46-25955\">\n\n\n\t\n\t<!-- Thumbnails -->\n\t\t\n\t<div id=\"ngg-image-896\" class=\"ngg-gallery-thumbnail-box\"  >\n\t\t<div class=\"ngg-gallery-thumbnail\" >\n\t\t\t<a href=\"https:\/\/gyoparosfurdo-oroshaza.hu\/wp-content\/gallery\/oroshaza\/oroshaza_2_0.jpg\" title=\"Orosh\u00e1za a leveg\u0151b\u0151l\" class=\"thickbox\" rel=\"set_46\" >\n\t\t\t\t\t\t\t\t<img title=\"Orosh\u00e1za a leveg\u0151b\u0151l\" alt=\"Orosh\u00e1za a leveg\u0151b\u0151l\" src=\"https:\/\/gyoparosfurdo-oroshaza.hu\/wp-content\/gallery\/oroshaza\/thumbs\/thumbs_oroshaza_2_0.jpg\" width=\"120\" height=\"95\" \/>\n\t\t\t\t\t\t\t<\/a>\n\t\t<\/div>\n\t<\/div>\n\t\n\t\t\n \t\t\n\t<div id=\"ngg-image-897\" class=\"ngg-gallery-thumbnail-box\"  >\n\t\t<div class=\"ngg-gallery-thumbnail\" >\n\t\t\t<a href=\"https:\/\/gyoparosfurdo-oroshaza.hu\/wp-content\/gallery\/oroshaza\/oroshaza_3_0.jpg\" title=\"Orosh\u00e1za belv\u00e1rosa a leveg\u0151b\u0151l\" class=\"thickbox\" rel=\"set_46\" >\n\t\t\t\t\t\t\t\t<img title=\"Orosh\u00e1za belv\u00e1rosa a leveg\u0151b\u0151l\" alt=\"Orosh\u00e1za belv\u00e1rosa a leveg\u0151b\u0151l\" src=\"https:\/\/gyoparosfurdo-oroshaza.hu\/wp-content\/gallery\/oroshaza\/thumbs\/thumbs_oroshaza_3_0.jpg\" width=\"120\" height=\"95\" \/>\n\t\t\t\t\t\t\t<\/a>\n\t\t<\/div>\n\t<\/div>\n\t\n\t\t\n \t\t\n\t<div id=\"ngg-image-899\" class=\"ngg-gallery-thumbnail-box\"  >\n\t\t<div class=\"ngg-gallery-thumbnail\" >\n\t\t\t<a href=\"https:\/\/gyoparosfurdo-oroshaza.hu\/wp-content\/gallery\/oroshaza\/oroshaza_5_0.jpg\" title=\"Orosh\u00e1za f\u0151tere\" class=\"thickbox\" rel=\"set_46\" >\n\t\t\t\t\t\t\t\t<img title=\"Orosh\u00e1za f\u0151tere\" alt=\"Orosh\u00e1za f\u0151tere\" src=\"https:\/\/gyoparosfurdo-oroshaza.hu\/wp-content\/gallery\/oroshaza\/thumbs\/thumbs_oroshaza_5_0.jpg\" width=\"120\" height=\"95\" \/>\n\t\t\t\t\t\t\t<\/a>\n\t\t<\/div>\n\t<\/div>\n\t\n\t\t\n \t\t\n\t<div id=\"ngg-image-901\" class=\"ngg-gallery-thumbnail-box\"  >\n\t\t<div class=\"ngg-gallery-thumbnail\" >\n\t\t\t<a href=\"https:\/\/gyoparosfurdo-oroshaza.hu\/wp-content\/gallery\/oroshaza\/oroshaza_7_0.jpg\" title=\"Orosh\u00e1za f\u0151tere\" class=\"thickbox\" rel=\"set_46\" >\n\t\t\t\t\t\t\t\t<img title=\"Orosh\u00e1za f\u0151tere\" alt=\"Orosh\u00e1za f\u0151tere\" src=\"https:\/\/gyoparosfurdo-oroshaza.hu\/wp-content\/gallery\/oroshaza\/thumbs\/thumbs_oroshaza_7_0.jpg\" width=\"120\" height=\"95\" \/>\n\t\t\t\t\t\t\t<\/a>\n\t\t<\/div>\n\t<\/div>\n\t\n\t\t\n \t\t\n\t<div id=\"ngg-image-902\" class=\"ngg-gallery-thumbnail-box\"  >\n\t\t<div class=\"ngg-gallery-thumbnail\" >\n\t\t\t<a href=\"https:\/\/gyoparosfurdo-oroshaza.hu\/wp-content\/gallery\/oroshaza\/oroshaza_8_0.jpg\" title=\"Orosh\u00e1za f\u0151tere este\" class=\"thickbox\" rel=\"set_46\" >\n\t\t\t\t\t\t\t\t<img title=\"Orosh\u00e1za f\u0151tere este\" alt=\"Orosh\u00e1za f\u0151tere este\" src=\"https:\/\/gyoparosfurdo-oroshaza.hu\/wp-content\/gallery\/oroshaza\/thumbs\/thumbs_oroshaza_8_0.jpg\" width=\"120\" height=\"95\" \/>\n\t\t\t\t\t\t\t<\/a>\n\t\t<\/div>\n\t<\/div>\n\t\n\t\t\n \t\t\n\t<div id=\"ngg-image-904\" class=\"ngg-gallery-thumbnail-box\"  >\n\t\t<div class=\"ngg-gallery-thumbnail\" >\n\t\t\t<a href=\"https:\/\/gyoparosfurdo-oroshaza.hu\/wp-content\/gallery\/oroshaza\/foter_nagy005.jpg\" title=\"F\u0151t\u00e9r \u00e9jszaka\" class=\"thickbox\" rel=\"set_46\" >\n\t\t\t\t\t\t\t\t<img title=\"F\u0151t\u00e9r \u00e9jszaka\" alt=\"F\u0151t\u00e9r \u00e9jszaka\" src=\"https:\/\/gyoparosfurdo-oroshaza.hu\/wp-content\/gallery\/oroshaza\/thumbs\/thumbs_foter_nagy005.jpg\" width=\"120\" height=\"95\" \/>\n\t\t\t\t\t\t\t<\/a>\n\t\t<\/div>\n\t<\/div>\n\t\n\t\t\n \t\t\n\t<div id=\"ngg-image-385\" class=\"ngg-gallery-thumbnail-box\"  >\n\t\t<div class=\"ngg-gallery-thumbnail\" >\n\t\t\t<a href=\"https:\/\/gyoparosfurdo-oroshaza.hu\/wp-content\/gallery\/oroshaza\/oroshaza_6.jpg\" title=\"Orosh\u00e1za belv\u00e1rosa szombat \u00e9jjel\" class=\"thickbox\" rel=\"set_46\" >\n\t\t\t\t\t\t\t\t<img title=\"Orosh\u00e1za belv\u00e1rosa szombat \u00e9jjel\" alt=\"Orosh\u00e1za belv\u00e1rosa szombat \u00e9jjel\" src=\"https:\/\/gyoparosfurdo-oroshaza.hu\/wp-content\/gallery\/oroshaza\/thumbs\/thumbs_oroshaza_6.jpg\" width=\"120\" height=\"95\" \/>\n\t\t\t\t\t\t\t<\/a>\n\t\t<\/div>\n\t<\/div>\n\t\n\t\t\n \t\t\n\t<div id=\"ngg-image-900\" class=\"ngg-gallery-thumbnail-box\"  >\n\t\t<div class=\"ngg-gallery-thumbnail\" >\n\t\t\t<a href=\"https:\/\/gyoparosfurdo-oroshaza.hu\/wp-content\/gallery\/oroshaza\/oroshaza_6_0.jpg\" title=\"Gyop\u00e1rosf\u00fcrd\u0151 a leveg\u0151b\u0151l\" class=\"thickbox\" rel=\"set_46\" >\n\t\t\t\t\t\t\t\t<img title=\"Gyop\u00e1rosf\u00fcrd\u0151 a leveg\u0151b\u0151l\" alt=\"Gyop\u00e1rosf\u00fcrd\u0151 a leveg\u0151b\u0151l\" src=\"https:\/\/gyoparosfurdo-oroshaza.hu\/wp-content\/gallery\/oroshaza\/thumbs\/thumbs_oroshaza_6_0.jpg\" width=\"120\" height=\"95\" \/>\n\t\t\t\t\t\t\t<\/a>\n\t\t<\/div>\n\t<\/div>\n\t\n\t\t\n \t\t\n\t<div id=\"ngg-image-903\" class=\"ngg-gallery-thumbnail-box\"  >\n\t\t<div class=\"ngg-gallery-thumbnail\" >\n\t\t\t<a href=\"https:\/\/gyoparosfurdo-oroshaza.hu\/wp-content\/gallery\/oroshaza\/oroshaza_furdo.jpg\" title=\"Gyop\u00e1rosf\u00fcrd\u0151 kil\u00e1t\u00f3\" class=\"thickbox\" rel=\"set_46\" >\n\t\t\t\t\t\t\t\t<img title=\"Gyop\u00e1rosf\u00fcrd\u0151 kil\u00e1t\u00f3\" alt=\"Gyop\u00e1rosf\u00fcrd\u0151 kil\u00e1t\u00f3\" src=\"https:\/\/gyoparosfurdo-oroshaza.hu\/wp-content\/gallery\/oroshaza\/thumbs\/thumbs_oroshaza_furdo.jpg\" width=\"120\" height=\"95\" \/>\n\t\t\t\t\t\t\t<\/a>\n\t\t<\/div>\n\t<\/div>\n\t\n\t\t\n \t\t\n\t<div id=\"ngg-image-380\" class=\"ngg-gallery-thumbnail-box\"  >\n\t\t<div class=\"ngg-gallery-thumbnail\" >\n\t\t\t<a href=\"https:\/\/gyoparosfurdo-oroshaza.hu\/wp-content\/gallery\/oroshaza\/oroshaza_1.jpg\" title=\"Orosh\u00e1za belv\u00e1rosa a katolikus templommal\" class=\"thickbox\" rel=\"set_46\" >\n\t\t\t\t\t\t\t\t<img title=\"Orosh\u00e1za belv\u00e1rosa a katolikus templommal\" alt=\"Orosh\u00e1za belv\u00e1rosa a katolikus templommal\" src=\"https:\/\/gyoparosfurdo-oroshaza.hu\/wp-content\/gallery\/oroshaza\/thumbs\/thumbs_oroshaza_1.jpg\" width=\"120\" height=\"95\" \/>\n\t\t\t\t\t\t\t<\/a>\n\t\t<\/div>\n\t<\/div>\n\t\n\t\t\n \t\t\n\t<div id=\"ngg-image-382\" class=\"ngg-gallery-thumbnail-box\"  >\n\t\t<div class=\"ngg-gallery-thumbnail\" >\n\t\t\t<a href=\"https:\/\/gyoparosfurdo-oroshaza.hu\/wp-content\/gallery\/oroshaza\/oroshaza_3.jpg\" title=\"Az orosh\u00e1zi f\u0151utca\" class=\"thickbox\" rel=\"set_46\" >\n\t\t\t\t\t\t\t\t<img title=\"Az orosh\u00e1zi f\u0151utca\" alt=\"Az orosh\u00e1zi f\u0151utca\" src=\"https:\/\/gyoparosfurdo-oroshaza.hu\/wp-content\/gallery\/oroshaza\/thumbs\/thumbs_oroshaza_3.jpg\" width=\"120\" height=\"95\" \/>\n\t\t\t\t\t\t\t<\/a>\n\t\t<\/div>\n\t<\/div>\n\t\n\t\t\n \t\t\n\t<div id=\"ngg-image-384\" class=\"ngg-gallery-thumbnail-box\"  >\n\t\t<div class=\"ngg-gallery-thumbnail\" >\n\t\t\t<a href=\"https:\/\/gyoparosfurdo-oroshaza.hu\/wp-content\/gallery\/oroshaza\/oroshaza_5.jpg\" title=\"Az Eml\u00e9kpark a belv\u00e1rosban, a Gimn\u00e1zium el\u0151tt\" class=\"thickbox\" rel=\"set_46\" >\n\t\t\t\t\t\t\t\t<img title=\"Az Eml\u00e9kpark a belv\u00e1rosban, a Gimn\u00e1zium el\u0151tt\" alt=\"Az Eml\u00e9kpark a belv\u00e1rosban, a Gimn\u00e1zium el\u0151tt\" src=\"https:\/\/gyoparosfurdo-oroshaza.hu\/wp-content\/gallery\/oroshaza\/thumbs\/thumbs_oroshaza_5.jpg\" width=\"120\" height=\"95\" \/>\n\t\t\t\t\t\t\t<\/a>\n\t\t<\/div>\n\t<\/div>\n\t\n\t\t\n \t \t\n\t<!-- Pagination -->\n \t<div class='ngg-clear'><\/div>\n \t\n<\/div>\n\n\n<div class=\"kapcsolodo_tartalom\"><h3>\u00c4hnliche Inhalte<\/h3><ul class=\"custom_menu\"><li class=\"page_item page-item-26015\"><a title=\"Allg. Informationen\" href=\"https:\/\/gyoparosfurdo-oroshaza.hu\/de\/oroshaza\/allg-informationen\">Allg. Informationen<\/a><\/li><li class=\"page_item page-item-26310\"><a title=\"Lokalprodukte\" href=\"https:\/\/gyoparosfurdo-oroshaza.hu\/de\/oroshaza\/lokalprodukte\">Lokalprodukte<\/a><\/li><li class=\"page_item page-item-26176\"><a title=\"Meine Orosh\u00e1za\" href=\"https:\/\/gyoparosfurdo-oroshaza.hu\/de\/oroshaza\/meine-oroshaza\">Meine Orosh\u00e1za<\/a><\/li><li class=\"page_item page-item-26295\"><a title=\"Andr\u00e1s G\u00e1sp\u00e1r Schauspieler\" href=\"https:\/\/gyoparosfurdo-oroshaza.hu\/de\/oroshaza\/meine-oroshaza\/andras-gaspar-schauspieler\">Andr\u00e1s G\u00e1sp\u00e1r Schauspieler<\/a><\/li><\/ul><ul class=\"custom_menu\"><li class=\"page_item page-item-26320\"><a title=\"Zsolt Litauszki\" href=\"https:\/\/gyoparosfurdo-oroshaza.hu\/de\/oroshaza\/meine-oroshaza\/zsolt-litauszki\">Zsolt Litauszki<\/a><\/li><li class=\"page_item page-item-25999\"><a title=\"Orosh\u00e1za Gastronomie\" href=\"https:\/\/gyoparosfurdo-oroshaza.hu\/de\/oroshaza\/oroshaza-gastronomie\">Orosh\u00e1za Gastronomie<\/a><\/li><li class=\"page_item page-item-26213\"><a title=\"Restaurants\" href=\"https:\/\/gyoparosfurdo-oroshaza.hu\/de\/oroshaza\/restaurants\">Restaurants<\/a><\/li><li class=\"page_item page-item-26133\"><a title=\"Sturmland\" href=\"https:\/\/gyoparosfurdo-oroshaza.hu\/de\/oroshaza\/sturmland\">Sturmland<\/a><\/li><\/ul><ul class=\"custom_menu\"><li class=\"page_item page-item-26305\"><a title=\"TDM\" href=\"https:\/\/gyoparosfurdo-oroshaza.hu\/de\/oroshaza\/tdm\">TDM<\/a><\/li><li class=\"page_item page-item-26129\"><a title=\"Tiefland\" href=\"https:\/\/gyoparosfurdo-oroshaza.hu\/de\/oroshaza\/tiefland\">Tiefland<\/a><\/li><li class=\"page_item page-item-26146\"><a title=\"Unser Nachbar: Arad\" href=\"https:\/\/gyoparosfurdo-oroshaza.hu\/de\/oroshaza\/unser-nachbar-arad\">Unser Nachbar: Arad<\/a><\/li><\/ul><br class=\"clear\" \/><\/div>\n<div class=\"topten_slider_title\"><span class=\"h3\">Top Programme<\/span><a href=\"https:\/\/gyoparosfurdo-oroshaza.hu\/de\/programme\" title=\"Alle Programme anzeigen \u00bb\">Alle Programme anzeigen \u00bb<\/a><\/div><div class=\"topten_container topten_slider\" id=\"topten_slider\"><ul class=\"topten_inner\"><li class=\"topten_item\" data-id=\"tsi_1\"><a href=\"\/de\/programme\/mit-dem-auto\" title=\"Mit dem Auto\" class=\"topten_link\" style=\"background: url(\/wp-content\/uploads\/2012\/05\/autoval-top-programok-gyoparosfurdon.jpg) top left no-repeat;\"><span class=\"title\">Mit dem Auto<\/span><\/a><a href=\"\/de\/programme\/fuer-kulturfans\" title=\"F\u00fcr Kulturfans\" class=\"topten_link\" style=\"background: url(\/wp-content\/uploads\/2012\/05\/kulturabaratoknak-top-programok-gyoparosfurdon.jpg) top left no-repeat;\"><span class=\"title\">F\u00fcr Kulturfans<\/span><\/a><a href=\"\/de\/programme\/1-woche\" title=\"Auf eine Woche\" class=\"topten_link\" style=\"background: url(\/wp-content\/uploads\/2012\/05\/1-hetre-top-programok-gyoparosfurdon.jpg) top left no-repeat;\"><span class=\"title\">Auf eine Woche<\/span><\/a><a href=\"\/de\/programme\/fuer-angeln\" title=\"F\u00fcr Angeln\" class=\"topten_link\" style=\"background: url(\/wp-content\/uploads\/2012\/05\/horgaszoknak-top-programok-gyoparosfurdon.jpg) top left no-repeat;\"><span class=\"title\">F\u00fcr Angeln<\/span><\/a><a href=\"\/de\/programme\/fuer-photographer\" title=\"F\u00fcr Photographer\" class=\"topten_link\" style=\"background: url(\/wp-content\/uploads\/2012\/05\/fotosoknak-top-programok-gyoparosfurdon.jpg) top left no-repeat;\"><span class=\"title\">F\u00fcr Photographer<\/span><\/a><a href=\"\/de\/programme\/fuer-sportfans\" title=\"F\u00fcr Sportfans\" class=\"topten_link\" style=\"background: url(\/wp-content\/uploads\/2012\/05\/sportbaratoknak-top-programok-gyoparosfurdon.jpg) top left no-repeat;\"><span class=\"title\">F\u00fcr Sportfans<\/span><\/a><\/li><li class=\"topten_item\" data-id=\"tsi_2\"><a href=\"\/de\/programme\/fuer-familien\" title=\"F\u00fcr Familien\" class=\"topten_link\" style=\"background: url(\/wp-content\/uploads\/2012\/05\/csaladosoknak-top-programok-gyoparosfurdon.jpg) top left no-repeat;\"><span class=\"title\">F\u00fcr Familien<\/span><\/a><a href=\"\/de\/programme\/im-sommer\" title=\"Im Sommer\" class=\"topten_link\" style=\"background: url(\/wp-content\/uploads\/2012\/05\/nyaron-top-programok-gyoparosfurdon.jpg) top left no-repeat;\"><span class=\"title\">Im Sommer<\/span><\/a><a href=\"\/de\/programme\/1-tag\" title=\"Auf ein Tag\" class=\"topten_link\" style=\"background: url(\/wp-content\/uploads\/2012\/05\/1-napra-top-programok-gyoparosfurdon.jpg) top left no-repeat;\"><span class=\"title\">Auf ein Tag<\/span><\/a><a href=\"\/de\/programme\/fuer-fahrraeder\" title=\"F\u00fcr Fahrr\u00e4der\" class=\"topten_link\" style=\"background: url(\/wp-content\/uploads\/2012\/05\/kerekparosoknak-top-programok-gyoparosfurdon.jpg) top left no-repeat;\"><span class=\"title\">F\u00fcr Fahrr\u00e4der<\/span><\/a><a href=\"\/de\/programme\/fuer-wochenende\" title=\"Wochenende\" class=\"topten_link\" style=\"background: url(\/wp-content\/uploads\/2012\/05\/hetvegere-top-programok-gyoparosfurdon.jpg) top left no-repeat;\"><span class=\"title\">Wochenende<\/span><\/a><a href=\"\/de\/programme\/im-winter\" title=\"Im Winter\" class=\"topten_link\" style=\"background: url(\/wp-content\/uploads\/2012\/05\/telen-top-programok-gyoparosfurdon.jpg) top left no-repeat;\"><span class=\"title\">Im Winter<\/span><\/a><\/li><li class=\"topten_item\" data-id=\"tsi_3\"><a href=\"\/de\/programme\/fuer-jugend\" title=\"F\u00fcr Jugend\" class=\"topten_link\" style=\"background: url(\/wp-content\/uploads\/2012\/05\/fiataloknak-top-programok-gyoparosfurdon.jpg) top left no-repeat;\"><span class=\"title\">F\u00fcr Jugend<\/span><\/a><a href=\"\/de\/programme\/fuer-paare\" title=\"F\u00fcr Paare\" class=\"topten_link\" style=\"background: url(\/wp-content\/uploads\/2012\/05\/paroknak-top-programok-gyoparosfurdon.jpg) top left no-repeat;\"><span class=\"title\">F\u00fcr Paare<\/span><\/a><\/ul><div class=\"lapozobox\"><span id=\"lprev\"><\/span><span id=\"lnext\"><\/span><span id=\"ts_1\" class=\"active\"><\/span><span id=\"ts_2\" ><\/span><span id=\"ts_3\" ><\/span><\/div><\/div>\n","protected":false},"excerpt":{"rendered":"<p>Drei in Eins: Agrarstadt, Industriecentrum, turistische Paradise Orosh\u00e1za ist vielfaltige Stadt, da die tiefl\u00e4ndische Agrarstadt, die Industriecentrum von 20.Jahrhunderts und die modern turistische Siedlung verh\u00e4ltsm\u00e4ssig gleich gemischt werden. Um die Gegenwart verstehenzu k\u00f6nnen, brauch ma dazu ein kurzgefasste Geschichtskentnisse: seit &hellip; <a href=\"https:\/\/gyoparosfurdo-oroshaza.hu\/de\/oroshaza\">Folytat\u00e1s <span class=\"meta-nav\">&rarr;<\/span><\/a><\/p>\n","protected":false},"author":6,"featured_media":0,"parent":0,"menu_order":2,"comment_status":"closed","ping_status":"closed","template":"","meta":[],"_links":{"self":[{"href":"https:\/\/gyoparosfurdo-oroshaza.hu\/de\/wp-json\/wp\/v2\/pages\/25955"}],"collection":[{"href":"https:\/\/gyoparosfurdo-oroshaza.hu\/de\/wp-json\/wp\/v2\/pages"}],"about":[{"href":"https:\/\/gyoparosfurdo-oroshaza.hu\/de\/wp-json\/wp\/v2\/types\/page"}],"author":[{"embeddable":true,"href":"https:\/\/gyoparosfurdo-oroshaza.hu\/de\/wp-json\/wp\/v2\/users\/6"}],"replies":[{"embeddable":true,"href":"https:\/\/gyoparosfurdo-oroshaza.hu\/de\/wp-json\/wp\/v2\/comments?post=25955"}],"version-history":[{"count":0,"href":"https:\/\/gyoparosfurdo-oroshaza.hu\/de\/wp-json\/wp\/v2\/pages\/25955\/revisions"}],"wp:attachment":[{"href":"https:\/\/gyoparosfurdo-oroshaza.hu\/de\/wp-json\/wp\/v2\/media?parent=25955"}],"curies":[{"name":"wp","href":"https:\/\/api.w.org\/{rel}","templated":true}]}}