{"id":25944,"date":"2012-04-13T10:00:19","date_gmt":"2012-04-13T08:00:19","guid":{"rendered":"https:\/\/gyoparosfurdo-oroshaza.hu\/privatunterkunft"},"modified":"2012-04-13T10:00:19","modified_gmt":"2012-04-13T09:00:19","slug":"privatunterkunft","status":"publish","type":"page","link":"https:\/\/gyoparosfurdo-oroshaza.hu\/de\/unterkuenfte\/privatunterkunft","title":{"rendered":"Privatunterkunft"},"content":{"rendered":"<h2>Bewertung kosteng\u00fcnstige L\u00f6sung bietet erhebliche Familie Unterkunft Privat &#8211; Orosh\u00e1za Gyop\u00e1rosf\u00fcrd\u0151 ideale L\u00f6sung f\u00fcr alle, die eine angenehme, h\u00e4usliche Urlaub.<\/h2>\n","protected":false},"excerpt":{"rendered":"<p>Bewertung kosteng\u00fcnstige L\u00f6sung bietet erhebliche Familie Unterkunft Privat &#8211; Orosh\u00e1za Gyop\u00e1rosf\u00fcrd\u0151 ideale L\u00f6sung f\u00fcr alle, die eine angenehme, h\u00e4usliche Urlaub.<\/p>\n","protected":false},"author":6,"featured_media":0,"parent":25904,"menu_order":0,"comment_status":"closed","ping_status":"closed","template":"t-lista-terkep-page.php","meta":[],"_links":{"self":[{"href":"https:\/\/gyoparosfurdo-oroshaza.hu\/de\/wp-json\/wp\/v2\/pages\/25944"}],"collection":[{"href":"https:\/\/gyoparosfurdo-oroshaza.hu\/de\/wp-json\/wp\/v2\/pages"}],"about":[{"href":"https:\/\/gyoparosfurdo-oroshaza.hu\/de\/wp-json\/wp\/v2\/types\/page"}],"author":[{"embeddable":true,"href":"https:\/\/gyoparosfurdo-oroshaza.hu\/de\/wp-json\/wp\/v2\/users\/6"}],"replies":[{"embeddable":true,"href":"https:\/\/gyoparosfurdo-oroshaza.hu\/de\/wp-json\/wp\/v2\/comments?post=25944"}],"version-history":[{"count":0,"href":"https:\/\/gyoparosfurdo-oroshaza.hu\/de\/wp-json\/wp\/v2\/pages\/25944\/revisions"}],"up":[{"embeddable":true,"href":"https:\/\/gyoparosfurdo-oroshaza.hu\/de\/wp-json\/wp\/v2\/pages\/25904"}],"wp:attachment":[{"href":"https:\/\/gyoparosfurdo-oroshaza.hu\/de\/wp-json\/wp\/v2\/media?parent=25944"}],"curies":[{"name":"wp","href":"https:\/\/api.w.org\/{rel}","templated":true}]}}