{"id":25883,"date":"2012-04-13T09:46:04","date_gmt":"2012-04-13T07:46:04","guid":{"rendered":"https:\/\/gyoparosfurdo-oroshaza.hu\/erlebnisbad"},"modified":"2025-09-02T09:53:42","modified_gmt":"2025-09-02T07:53:42","slug":"erlebnisbad","status":"publish","type":"page","link":"https:\/\/gyoparosfurdo-oroshaza.hu\/de\/gyoparosfurdo\/erlebnisbad","title":{"rendered":"Erlebnisbad"},"content":{"rendered":"<h2>Wir haben auf Herbst-Winter-\u00d6ffnungszeiten umgestellt, daher sind ab dem 15. September nur das Thermal-Au\u00dfenbecken, das Thermal-Innenbecken und die Saunakabine im Erdgeschoss ge\u00f6ffnet. Das Erlebnisbad und der Saunapark sind GESCHLOSSEN. <a href=\"https:\/\/gyoparosfurdo-oroshaza.hu\/de\/nachrichten\/herbstoeffnungszeiten-und-informationen-2025\">Weitere Informationen<\/a>.<\/h2>\n\n<p>Zahlreiche Vergn\u00fcgungsm\u00f6glichkeiten auf mehr als 6,000 m2 , Dutzende an Wassererlebnisse begr\u00fcssen die G\u00e4ste, die  aktiv Abspannung oder wirklich lustige Programme f\u00fcr Familien oder Freundeskreis erwarten.<\/p>\n<p>Das Wellnessbad in Gyop\u00e1ros bietet selbsvergessen herrliche, angenehme M\u00f6glichkeit, unabh\u00e4ngig von Jahresalter, Geschlecht, physicalischem Zustand, sogar unabh\u00e4ngig auch von Schwimmenkenntnissen es seien ausf\u00fchrliche k\u00f6rperteilbewegende Attraktionen oder es seien eben in Regeneration und Entspannung helfenden,  schmerzhaften muskelstreichenden oder vielleichtigen h\u00e4rter massierenden Erlebnisse.<\/p>\n<p><img loading=\"lazy\" class=\"aligncenter\" title=\"Erlebnisbad\" src=\"\/wp-content\/uploads\/2012\/04\/elmenyfurdo.jpg\" alt=\"Erlebnisbad\" width=\"585\" height=\"315\"><\/p>\n<p>Das Komplexum ist <b>jedes Tag des Jahres er\u00f6ffnet<\/b> und bewillkommt die Badeg\u00e4ste mit 3 Freib\u00e4dern und 4 Hallenb\u00e4dern- <b>am Wochenende bis 24:00 Uhr<\/b>. Die Rutschens\u00fcchtigen werden durch zwei von Stockstufen ablaufenden, spiralkurvigen am Ende \u00fcber einem Freibad und Hallenbad auslaufenden <b>Riesenrutschen<\/b> verw\u00f6hnt. Ausserdem, gibt es Nackenduschmassage, Wasserigel, Pilz, Liegemassage, zahlreiche Strudlein, Hervorbrechungen, Geysers in der stimmungsvollen Hallen mit Holzbalken und Panoramafenstern, die ausgezeichnet zu entspannen helfen, und diese Erlebnisse werden durch sogenannten in Abtrifftgang entstandenen Freistr\u00f6mung, die unsere k\u00f6rperliche Schranke freimachen, bekr\u00f6nt.<\/p>\n<table>\n<tbody>\n<tr style=\"vertical-align: top;\">\n<td style=\"vertical-align: top;\"><a href=\"\/de\/gyoparosfurdo\/panorama\"><img loading=\"lazy\" src=\"\/wp-content\/uploads\/2012\/04\/icon-360-mid.png\" width=\"63\" height=\"60\"><\/a><\/td>\n<td style=\"vertical-align: top; border: none;\"><a href=\"\/de\/gyoparosfurdo\/panorama\" style=\"font-size: 16px; font-weight: bold;\">Gyop\u00e1rosf\u00fcrd\u0151 Panorama<\/a><br \/>\nEntdecken Sie Gyop\u00e1rosf\u00fcrd\u0151 durch unseren 360\u00b0 Panoramarundgang!<\/td>\n<\/tr>\n<\/tbody>\n<\/table>\n<h3>Bildgalerie: Erlebnisbad in Gyoparosf\u00fcrd\u0151<\/h3>\n\n<div class=\"ngg-galleryoverview\" id=\"ngg-gallery-2-25883\">\n\n\n\t\n\t<!-- Thumbnails -->\n\t\t\n\t<div id=\"ngg-image-1720\" class=\"ngg-gallery-thumbnail-box\"  >\n\t\t<div class=\"ngg-gallery-thumbnail\" >\n\t\t\t<a href=\"https:\/\/gyoparosfurdo-oroshaza.hu\/wp-content\/gallery\/elmenyfurdo\/gyoparosfurdo_elmenyfurdo_08.jpg\" title=\"Gyop\u00e1rosf\u00fcrd\u0151 \/ \u00c9lm\u00e9nyf\u00fcrd\u0151\" class=\"thickbox\" rel=\"set_2\" >\n\t\t\t\t\t\t\t\t<img title=\"Gyop\u00e1rosf\u00fcrd\u0151 \/ \u00c9lm\u00e9nyf\u00fcrd\u0151\" alt=\"Gyop\u00e1rosf\u00fcrd\u0151 \/ \u00c9lm\u00e9nyf\u00fcrd\u0151\" src=\"https:\/\/gyoparosfurdo-oroshaza.hu\/wp-content\/gallery\/elmenyfurdo\/thumbs\/thumbs_gyoparosfurdo_elmenyfurdo_08.jpg\" width=\"120\" height=\"95\" \/>\n\t\t\t\t\t\t\t<\/a>\n\t\t<\/div>\n\t<\/div>\n\t\n\t\t\n \t\t\n\t<div id=\"ngg-image-1730\" class=\"ngg-gallery-thumbnail-box\"  >\n\t\t<div class=\"ngg-gallery-thumbnail\" >\n\t\t\t<a href=\"https:\/\/gyoparosfurdo-oroshaza.hu\/wp-content\/gallery\/elmenyfurdo\/gyoparosfurdo_elmenyfurdo_14_0.jpg\" title=\"Gyop\u00e1rosf\u00fcrd\u0151 \/ \u00c9lm\u00e9nyf\u00fcrd\u0151\" class=\"thickbox\" rel=\"set_2\" >\n\t\t\t\t\t\t\t\t<img title=\"Gyop\u00e1rosf\u00fcrd\u0151 \/ \u00c9lm\u00e9nyf\u00fcrd\u0151\" alt=\"Gyop\u00e1rosf\u00fcrd\u0151 \/ \u00c9lm\u00e9nyf\u00fcrd\u0151\" src=\"https:\/\/gyoparosfurdo-oroshaza.hu\/wp-content\/gallery\/elmenyfurdo\/thumbs\/thumbs_gyoparosfurdo_elmenyfurdo_14_0.jpg\" width=\"120\" height=\"95\" \/>\n\t\t\t\t\t\t\t<\/a>\n\t\t<\/div>\n\t<\/div>\n\t\n\t\t\n \t\t\n\t<div id=\"ngg-image-1714\" class=\"ngg-gallery-thumbnail-box\"  >\n\t\t<div class=\"ngg-gallery-thumbnail\" >\n\t\t\t<a href=\"https:\/\/gyoparosfurdo-oroshaza.hu\/wp-content\/gallery\/elmenyfurdo\/gyoparosfurdo_elmenyfurdo_02.jpg\" title=\"Gyop\u00e1rosf\u00fcrd\u0151 \/ \u00c9lm\u00e9nyf\u00fcrd\u0151\" class=\"thickbox\" rel=\"set_2\" >\n\t\t\t\t\t\t\t\t<img title=\"Gyop\u00e1rosf\u00fcrd\u0151 \/ \u00c9lm\u00e9nyf\u00fcrd\u0151\" alt=\"Gyop\u00e1rosf\u00fcrd\u0151 \/ \u00c9lm\u00e9nyf\u00fcrd\u0151\" src=\"https:\/\/gyoparosfurdo-oroshaza.hu\/wp-content\/gallery\/elmenyfurdo\/thumbs\/thumbs_gyoparosfurdo_elmenyfurdo_02.jpg\" width=\"120\" height=\"95\" \/>\n\t\t\t\t\t\t\t<\/a>\n\t\t<\/div>\n\t<\/div>\n\t\n\t\t\n \t\t\n\t<div id=\"ngg-image-1713\" class=\"ngg-gallery-thumbnail-box\"  >\n\t\t<div class=\"ngg-gallery-thumbnail\" >\n\t\t\t<a href=\"https:\/\/gyoparosfurdo-oroshaza.hu\/wp-content\/gallery\/elmenyfurdo\/gyoparosfurdo_elmenyfurdo_01.jpg\" title=\"Gyop\u00e1rosf\u00fcrd\u0151 \/ \u00c9lm\u00e9nyf\u00fcrd\u0151\" class=\"thickbox\" rel=\"set_2\" >\n\t\t\t\t\t\t\t\t<img title=\"Gyop\u00e1rosf\u00fcrd\u0151 \/ \u00c9lm\u00e9nyf\u00fcrd\u0151\" alt=\"Gyop\u00e1rosf\u00fcrd\u0151 \/ \u00c9lm\u00e9nyf\u00fcrd\u0151\" src=\"https:\/\/gyoparosfurdo-oroshaza.hu\/wp-content\/gallery\/elmenyfurdo\/thumbs\/thumbs_gyoparosfurdo_elmenyfurdo_01.jpg\" width=\"120\" height=\"95\" \/>\n\t\t\t\t\t\t\t<\/a>\n\t\t<\/div>\n\t<\/div>\n\t\n\t\t\n \t\t\n\t<div id=\"ngg-image-1729\" class=\"ngg-gallery-thumbnail-box\"  >\n\t\t<div class=\"ngg-gallery-thumbnail\" >\n\t\t\t<a href=\"https:\/\/gyoparosfurdo-oroshaza.hu\/wp-content\/gallery\/elmenyfurdo\/gyoparosfurdo_elmenyfurdo_17.jpg\" title=\"Gyop\u00e1rosf\u00fcrd\u0151 \/ \u00c9lm\u00e9nyf\u00fcrd\u0151\" class=\"thickbox\" rel=\"set_2\" >\n\t\t\t\t\t\t\t\t<img title=\"Gyop\u00e1rosf\u00fcrd\u0151 \/ \u00c9lm\u00e9nyf\u00fcrd\u0151\" alt=\"Gyop\u00e1rosf\u00fcrd\u0151 \/ \u00c9lm\u00e9nyf\u00fcrd\u0151\" src=\"https:\/\/gyoparosfurdo-oroshaza.hu\/wp-content\/gallery\/elmenyfurdo\/thumbs\/thumbs_gyoparosfurdo_elmenyfurdo_17.jpg\" width=\"120\" height=\"95\" \/>\n\t\t\t\t\t\t\t<\/a>\n\t\t<\/div>\n\t<\/div>\n\t\n\t\t\n \t\t\n\t<div id=\"ngg-image-1721\" class=\"ngg-gallery-thumbnail-box\"  >\n\t\t<div class=\"ngg-gallery-thumbnail\" >\n\t\t\t<a href=\"https:\/\/gyoparosfurdo-oroshaza.hu\/wp-content\/gallery\/elmenyfurdo\/gyoparosfurdo_elmenyfurdo_09.jpg\" title=\"Gyop\u00e1rosf\u00fcrd\u0151 \/ \u00c9lm\u00e9nyf\u00fcrd\u0151\" class=\"thickbox\" rel=\"set_2\" >\n\t\t\t\t\t\t\t\t<img title=\"Gyop\u00e1rosf\u00fcrd\u0151 \/ \u00c9lm\u00e9nyf\u00fcrd\u0151\" alt=\"Gyop\u00e1rosf\u00fcrd\u0151 \/ \u00c9lm\u00e9nyf\u00fcrd\u0151\" src=\"https:\/\/gyoparosfurdo-oroshaza.hu\/wp-content\/gallery\/elmenyfurdo\/thumbs\/thumbs_gyoparosfurdo_elmenyfurdo_09.jpg\" width=\"120\" height=\"95\" \/>\n\t\t\t\t\t\t\t<\/a>\n\t\t<\/div>\n\t<\/div>\n\t\n\t\t\n \t\t\n\t<div id=\"ngg-image-1725\" class=\"ngg-gallery-thumbnail-box\"  >\n\t\t<div class=\"ngg-gallery-thumbnail\" >\n\t\t\t<a href=\"https:\/\/gyoparosfurdo-oroshaza.hu\/wp-content\/gallery\/elmenyfurdo\/gyoparosfurdo_elmenyfurdo_13.jpg\" title=\"Gyop\u00e1rosf\u00fcrd\u0151 \/ \u00c9lm\u00e9nyf\u00fcrd\u0151\" class=\"thickbox\" rel=\"set_2\" >\n\t\t\t\t\t\t\t\t<img title=\"Gyop\u00e1rosf\u00fcrd\u0151 \/ \u00c9lm\u00e9nyf\u00fcrd\u0151\" alt=\"Gyop\u00e1rosf\u00fcrd\u0151 \/ \u00c9lm\u00e9nyf\u00fcrd\u0151\" src=\"https:\/\/gyoparosfurdo-oroshaza.hu\/wp-content\/gallery\/elmenyfurdo\/thumbs\/thumbs_gyoparosfurdo_elmenyfurdo_13.jpg\" width=\"120\" height=\"95\" \/>\n\t\t\t\t\t\t\t<\/a>\n\t\t<\/div>\n\t<\/div>\n\t\n\t\t\n \t\t\n\t<div id=\"ngg-image-1727\" class=\"ngg-gallery-thumbnail-box\"  >\n\t\t<div class=\"ngg-gallery-thumbnail\" >\n\t\t\t<a href=\"https:\/\/gyoparosfurdo-oroshaza.hu\/wp-content\/gallery\/elmenyfurdo\/gyoparosfurdo_elmenyfurdo_15.jpg\" title=\"Gyop\u00e1rosf\u00fcrd\u0151 \/ \u00c9lm\u00e9nyf\u00fcrd\u0151\" class=\"thickbox\" rel=\"set_2\" >\n\t\t\t\t\t\t\t\t<img title=\"Gyop\u00e1rosf\u00fcrd\u0151 \/ \u00c9lm\u00e9nyf\u00fcrd\u0151\" alt=\"Gyop\u00e1rosf\u00fcrd\u0151 \/ \u00c9lm\u00e9nyf\u00fcrd\u0151\" src=\"https:\/\/gyoparosfurdo-oroshaza.hu\/wp-content\/gallery\/elmenyfurdo\/thumbs\/thumbs_gyoparosfurdo_elmenyfurdo_15.jpg\" width=\"120\" height=\"95\" \/>\n\t\t\t\t\t\t\t<\/a>\n\t\t<\/div>\n\t<\/div>\n\t\n\t\t\n \t\t\n\t<div id=\"ngg-image-1718\" class=\"ngg-gallery-thumbnail-box\"  >\n\t\t<div class=\"ngg-gallery-thumbnail\" >\n\t\t\t<a href=\"https:\/\/gyoparosfurdo-oroshaza.hu\/wp-content\/gallery\/elmenyfurdo\/gyoparosfurdo_elmenyfurdo_06.jpg\" title=\"Gyop\u00e1rosf\u00fcrd\u0151 \/ \u00c9lm\u00e9nyf\u00fcrd\u0151\" class=\"thickbox\" rel=\"set_2\" >\n\t\t\t\t\t\t\t\t<img title=\"Gyop\u00e1rosf\u00fcrd\u0151 \/ \u00c9lm\u00e9nyf\u00fcrd\u0151\" alt=\"Gyop\u00e1rosf\u00fcrd\u0151 \/ \u00c9lm\u00e9nyf\u00fcrd\u0151\" src=\"https:\/\/gyoparosfurdo-oroshaza.hu\/wp-content\/gallery\/elmenyfurdo\/thumbs\/thumbs_gyoparosfurdo_elmenyfurdo_06.jpg\" width=\"120\" height=\"95\" \/>\n\t\t\t\t\t\t\t<\/a>\n\t\t<\/div>\n\t<\/div>\n\t\n\t\t\n \t\t\n\t<div id=\"ngg-image-1715\" class=\"ngg-gallery-thumbnail-box\"  >\n\t\t<div class=\"ngg-gallery-thumbnail\" >\n\t\t\t<a href=\"https:\/\/gyoparosfurdo-oroshaza.hu\/wp-content\/gallery\/elmenyfurdo\/gyoparosfurdo_elmenyfurdo_03.jpg\" title=\"Gyop\u00e1rosf\u00fcrd\u0151 \/ \u00c9lm\u00e9nyf\u00fcrd\u0151\" class=\"thickbox\" rel=\"set_2\" >\n\t\t\t\t\t\t\t\t<img title=\"Gyop\u00e1rosf\u00fcrd\u0151 \/ \u00c9lm\u00e9nyf\u00fcrd\u0151\" alt=\"Gyop\u00e1rosf\u00fcrd\u0151 \/ \u00c9lm\u00e9nyf\u00fcrd\u0151\" src=\"https:\/\/gyoparosfurdo-oroshaza.hu\/wp-content\/gallery\/elmenyfurdo\/thumbs\/thumbs_gyoparosfurdo_elmenyfurdo_03.jpg\" width=\"120\" height=\"95\" \/>\n\t\t\t\t\t\t\t<\/a>\n\t\t<\/div>\n\t<\/div>\n\t\n\t\t\n \t\t\n\t<div id=\"ngg-image-1728\" class=\"ngg-gallery-thumbnail-box\"  >\n\t\t<div class=\"ngg-gallery-thumbnail\" >\n\t\t\t<a href=\"https:\/\/gyoparosfurdo-oroshaza.hu\/wp-content\/gallery\/elmenyfurdo\/gyoparosfurdo_elmenyfurdo_16.jpg\" title=\"Gyop\u00e1rosf\u00fcrd\u0151 \/ \u00c9lm\u00e9nyf\u00fcrd\u0151\" class=\"thickbox\" rel=\"set_2\" >\n\t\t\t\t\t\t\t\t<img title=\"Gyop\u00e1rosf\u00fcrd\u0151 \/ \u00c9lm\u00e9nyf\u00fcrd\u0151\" alt=\"Gyop\u00e1rosf\u00fcrd\u0151 \/ \u00c9lm\u00e9nyf\u00fcrd\u0151\" src=\"https:\/\/gyoparosfurdo-oroshaza.hu\/wp-content\/gallery\/elmenyfurdo\/thumbs\/thumbs_gyoparosfurdo_elmenyfurdo_16.jpg\" width=\"120\" height=\"95\" \/>\n\t\t\t\t\t\t\t<\/a>\n\t\t<\/div>\n\t<\/div>\n\t\n\t\t\n \t\t\n\t<div id=\"ngg-image-1719\" class=\"ngg-gallery-thumbnail-box\"  >\n\t\t<div class=\"ngg-gallery-thumbnail\" >\n\t\t\t<a href=\"https:\/\/gyoparosfurdo-oroshaza.hu\/wp-content\/gallery\/elmenyfurdo\/gyoparosfurdo_elmenyfurdo_07.jpg\" title=\"Gyop\u00e1rosf\u00fcrd\u0151 \/ \u00c9lm\u00e9nyf\u00fcrd\u0151\" class=\"thickbox\" rel=\"set_2\" >\n\t\t\t\t\t\t\t\t<img title=\"Gyop\u00e1rosf\u00fcrd\u0151 \/ \u00c9lm\u00e9nyf\u00fcrd\u0151\" alt=\"Gyop\u00e1rosf\u00fcrd\u0151 \/ \u00c9lm\u00e9nyf\u00fcrd\u0151\" src=\"https:\/\/gyoparosfurdo-oroshaza.hu\/wp-content\/gallery\/elmenyfurdo\/thumbs\/thumbs_gyoparosfurdo_elmenyfurdo_07.jpg\" width=\"120\" height=\"95\" \/>\n\t\t\t\t\t\t\t<\/a>\n\t\t<\/div>\n\t<\/div>\n\t\n\t\t\n \t\t\n\t<div id=\"ngg-image-1731\" class=\"ngg-gallery-thumbnail-box\"  >\n\t\t<div class=\"ngg-gallery-thumbnail\" >\n\t\t\t<a href=\"https:\/\/gyoparosfurdo-oroshaza.hu\/wp-content\/gallery\/elmenyfurdo\/gyoparosfurdo_elmenyfurdo_10_0.jpg\" title=\"Gyop\u00e1rosf\u00fcrd\u0151 \/ \u00c9lm\u00e9nyf\u00fcrd\u0151\" class=\"thickbox\" rel=\"set_2\" >\n\t\t\t\t\t\t\t\t<img title=\"Gyop\u00e1rosf\u00fcrd\u0151 \/ \u00c9lm\u00e9nyf\u00fcrd\u0151\" alt=\"Gyop\u00e1rosf\u00fcrd\u0151 \/ \u00c9lm\u00e9nyf\u00fcrd\u0151\" src=\"https:\/\/gyoparosfurdo-oroshaza.hu\/wp-content\/gallery\/elmenyfurdo\/thumbs\/thumbs_gyoparosfurdo_elmenyfurdo_10_0.jpg\" width=\"120\" height=\"95\" \/>\n\t\t\t\t\t\t\t<\/a>\n\t\t<\/div>\n\t<\/div>\n\t\n\t\t\n \t\t\n\t<div id=\"ngg-image-1723\" class=\"ngg-gallery-thumbnail-box\"  >\n\t\t<div class=\"ngg-gallery-thumbnail\" >\n\t\t\t<a href=\"https:\/\/gyoparosfurdo-oroshaza.hu\/wp-content\/gallery\/elmenyfurdo\/gyoparosfurdo_elmenyfurdo_11.jpg\" title=\"Gyop\u00e1rosf\u00fcrd\u0151 \/ \u00c9lm\u00e9nyf\u00fcrd\u0151\" class=\"thickbox\" rel=\"set_2\" >\n\t\t\t\t\t\t\t\t<img title=\"Gyop\u00e1rosf\u00fcrd\u0151 \/ \u00c9lm\u00e9nyf\u00fcrd\u0151\" alt=\"Gyop\u00e1rosf\u00fcrd\u0151 \/ \u00c9lm\u00e9nyf\u00fcrd\u0151\" src=\"https:\/\/gyoparosfurdo-oroshaza.hu\/wp-content\/gallery\/elmenyfurdo\/thumbs\/thumbs_gyoparosfurdo_elmenyfurdo_11.jpg\" width=\"120\" height=\"95\" \/>\n\t\t\t\t\t\t\t<\/a>\n\t\t<\/div>\n\t<\/div>\n\t\n\t\t\n \t\t\n\t<div id=\"ngg-image-1716\" class=\"ngg-gallery-thumbnail-box\"  >\n\t\t<div class=\"ngg-gallery-thumbnail\" >\n\t\t\t<a href=\"https:\/\/gyoparosfurdo-oroshaza.hu\/wp-content\/gallery\/elmenyfurdo\/gyoparosfurdo_elmenyfurdo_04.jpg\" title=\"Gyop\u00e1rosf\u00fcrd\u0151 \/ \u00c9lm\u00e9nyf\u00fcrd\u0151\" class=\"thickbox\" rel=\"set_2\" >\n\t\t\t\t\t\t\t\t<img title=\"Gyop\u00e1rosf\u00fcrd\u0151 \/ \u00c9lm\u00e9nyf\u00fcrd\u0151\" alt=\"Gyop\u00e1rosf\u00fcrd\u0151 \/ \u00c9lm\u00e9nyf\u00fcrd\u0151\" src=\"https:\/\/gyoparosfurdo-oroshaza.hu\/wp-content\/gallery\/elmenyfurdo\/thumbs\/thumbs_gyoparosfurdo_elmenyfurdo_04.jpg\" width=\"120\" height=\"95\" \/>\n\t\t\t\t\t\t\t<\/a>\n\t\t<\/div>\n\t<\/div>\n\t\n\t\t\n \t\t\n\t<div id=\"ngg-image-1717\" class=\"ngg-gallery-thumbnail-box\"  >\n\t\t<div class=\"ngg-gallery-thumbnail\" >\n\t\t\t<a href=\"https:\/\/gyoparosfurdo-oroshaza.hu\/wp-content\/gallery\/elmenyfurdo\/gyoparosfurdo_elmenyfurdo_05.jpg\" title=\"Gyop\u00e1rosf\u00fcrd\u0151 \/ \u00c9lm\u00e9nyf\u00fcrd\u0151\" class=\"thickbox\" rel=\"set_2\" >\n\t\t\t\t\t\t\t\t<img title=\"Gyop\u00e1rosf\u00fcrd\u0151 \/ \u00c9lm\u00e9nyf\u00fcrd\u0151\" alt=\"Gyop\u00e1rosf\u00fcrd\u0151 \/ \u00c9lm\u00e9nyf\u00fcrd\u0151\" src=\"https:\/\/gyoparosfurdo-oroshaza.hu\/wp-content\/gallery\/elmenyfurdo\/thumbs\/thumbs_gyoparosfurdo_elmenyfurdo_05.jpg\" width=\"120\" height=\"95\" \/>\n\t\t\t\t\t\t\t<\/a>\n\t\t<\/div>\n\t<\/div>\n\t\n\t\t\n \t \t\n\t<!-- Pagination -->\n \t<div class='ngg-clear'><\/div>\n \t\n<\/div>\n\n\n<div class=\"kapcsolodo_tartalom\"><h3>\u00c4hnliche Inhalte<\/h3><ul class=\"custom_menu\"><li class=\"page_item page-item-25879\"><a title=\"Geschichte\" href=\"https:\/\/gyoparosfurdo-oroshaza.hu\/de\/gyoparosfurdo\/geschichte\">Geschichte<\/a><\/li><li class=\"page_item page-item-26348\"><a title=\"Gyop\u00e1rosf\u00fcrd\u0151 Panoramarundgang\" href=\"https:\/\/gyoparosfurdo-oroshaza.hu\/de\/gyoparosfurdo\/gyoparosfurdo-panoramarundgang\">Gyop\u00e1rosf\u00fcrd\u0151 Panoramarundgang<\/a><\/li><li class=\"page_item page-item-25900\"><a title=\"Heilbad\" href=\"https:\/\/gyoparosfurdo-oroshaza.hu\/de\/gyoparosfurdo\/heilbad\">Heilbad<\/a><\/li><li class=\"page_item page-item-25995\"><a title=\"\u00d6ffnungszeiten\" href=\"https:\/\/gyoparosfurdo-oroshaza.hu\/de\/gyoparosfurdo\/oeffnungszeiten\">\u00d6ffnungszeiten<\/a><\/li><\/ul><ul class=\"custom_menu\"><li class=\"page_item page-item-25889\"><a title=\"Parkbad, Strand\" href=\"https:\/\/gyoparosfurdo-oroshaza.hu\/de\/gyoparosfurdo\/parkbad-strand\">Parkbad, Strand<\/a><\/li><li class=\"page_item page-item-26491\"><a title=\"Parken\" href=\"https:\/\/gyoparosfurdo-oroshaza.hu\/de\/gyoparosfurdo\/parken\">Parken<\/a><\/li><li class=\"page_item page-item-26172\"><a title=\"Saunapark\" href=\"https:\/\/gyoparosfurdo-oroshaza.hu\/de\/gyoparosfurdo\/saunapark\">Saunapark<\/a><\/li><li class=\"page_item page-item-26271\"><a title=\"Saunaseansen\" href=\"https:\/\/gyoparosfurdo-oroshaza.hu\/de\/gyoparosfurdo\/saunaseansen\">Saunaseansen<\/a><\/li><\/ul><ul class=\"custom_menu\"><li class=\"page_item page-item-26278\"><a title=\"Spielhaus\" href=\"https:\/\/gyoparosfurdo-oroshaza.hu\/de\/gyoparosfurdo\/spielhaus\">Spielhaus<\/a><\/li><li class=\"page_item page-item-25972\"><a title=\"Unsere Preise\" href=\"https:\/\/gyoparosfurdo-oroshaza.hu\/de\/gyoparosfurdo\/unsere-preise\">Unsere Preise<\/a><\/li><li class=\"page_item page-item-26327\"><a title=\"Videos\" href=\"https:\/\/gyoparosfurdo-oroshaza.hu\/de\/gyoparosfurdo\/videos\">Videos<\/a><\/li><li class=\"page_item page-item-26150\"><a title=\"Wellness\" href=\"https:\/\/gyoparosfurdo-oroshaza.hu\/de\/gyoparosfurdo\/wellness\">Wellness<\/a><\/li><\/ul><br class=\"clear\" \/><\/div>\n<div class=\"topten_slider_title\"><span class=\"h3\">Top Programme<\/span><a href=\"https:\/\/gyoparosfurdo-oroshaza.hu\/de\/programme\" title=\"Alle Programme anzeigen \u00bb\">Alle Programme anzeigen \u00bb<\/a><\/div><div class=\"topten_container topten_slider\" id=\"topten_slider\"><ul class=\"topten_inner\"><li class=\"topten_item\" data-id=\"tsi_1\"><a href=\"\/de\/programme\/fuer-familien\" title=\"F\u00fcr Familien\" class=\"topten_link\" style=\"background: url(\/wp-content\/uploads\/2012\/05\/csaladosoknak-top-programok-gyoparosfurdon.jpg) top left no-repeat;\"><span class=\"title\">F\u00fcr Familien<\/span><\/a><a href=\"\/de\/programme\/im-sommer\" title=\"Im Sommer\" class=\"topten_link\" style=\"background: url(\/wp-content\/uploads\/2012\/05\/nyaron-top-programok-gyoparosfurdon.jpg) top left no-repeat;\"><span class=\"title\">Im Sommer<\/span><\/a><a href=\"\/de\/programme\/1-tag\" title=\"Auf ein Tag\" class=\"topten_link\" style=\"background: url(\/wp-content\/uploads\/2012\/05\/1-napra-top-programok-gyoparosfurdon.jpg) top left no-repeat;\"><span class=\"title\">Auf ein Tag<\/span><\/a><a href=\"\/de\/programme\/fuer-fahrraeder\" title=\"F\u00fcr Fahrr\u00e4der\" class=\"topten_link\" style=\"background: url(\/wp-content\/uploads\/2012\/05\/kerekparosoknak-top-programok-gyoparosfurdon.jpg) top left no-repeat;\"><span class=\"title\">F\u00fcr Fahrr\u00e4der<\/span><\/a><a href=\"\/de\/programme\/fuer-wochenende\" title=\"Wochenende\" class=\"topten_link\" style=\"background: url(\/wp-content\/uploads\/2012\/05\/hetvegere-top-programok-gyoparosfurdon.jpg) top left no-repeat;\"><span class=\"title\">Wochenende<\/span><\/a><a href=\"\/de\/programme\/im-winter\" title=\"Im Winter\" class=\"topten_link\" style=\"background: url(\/wp-content\/uploads\/2012\/05\/telen-top-programok-gyoparosfurdon.jpg) top left no-repeat;\"><span class=\"title\">Im Winter<\/span><\/a><\/li><li class=\"topten_item\" data-id=\"tsi_2\"><a href=\"\/de\/programme\/fuer-jugend\" title=\"F\u00fcr Jugend\" class=\"topten_link\" style=\"background: url(\/wp-content\/uploads\/2012\/05\/fiataloknak-top-programok-gyoparosfurdon.jpg) top left no-repeat;\"><span class=\"title\">F\u00fcr Jugend<\/span><\/a><a href=\"\/de\/programme\/fuer-paare\" title=\"F\u00fcr Paare\" class=\"topten_link\" style=\"background: url(\/wp-content\/uploads\/2012\/05\/paroknak-top-programok-gyoparosfurdon.jpg) top left no-repeat;\"><span class=\"title\">F\u00fcr Paare<\/span><\/a><a href=\"\/de\/programme\/mit-dem-auto\" title=\"Mit dem Auto\" class=\"topten_link\" style=\"background: url(\/wp-content\/uploads\/2012\/05\/autoval-top-programok-gyoparosfurdon.jpg) top left no-repeat;\"><span class=\"title\">Mit dem Auto<\/span><\/a><a href=\"\/de\/programme\/fuer-kulturfans\" title=\"F\u00fcr Kulturfans\" class=\"topten_link\" style=\"background: url(\/wp-content\/uploads\/2012\/05\/kulturabaratoknak-top-programok-gyoparosfurdon.jpg) top left no-repeat;\"><span class=\"title\">F\u00fcr Kulturfans<\/span><\/a><a href=\"\/de\/programme\/1-woche\" title=\"Auf eine Woche\" class=\"topten_link\" style=\"background: url(\/wp-content\/uploads\/2012\/05\/1-hetre-top-programok-gyoparosfurdon.jpg) top left no-repeat;\"><span class=\"title\">Auf eine Woche<\/span><\/a><a href=\"\/de\/programme\/fuer-angeln\" title=\"F\u00fcr Angeln\" class=\"topten_link\" style=\"background: url(\/wp-content\/uploads\/2012\/05\/horgaszoknak-top-programok-gyoparosfurdon.jpg) top left no-repeat;\"><span class=\"title\">F\u00fcr Angeln<\/span><\/a><\/li><li class=\"topten_item\" data-id=\"tsi_3\"><a href=\"\/de\/programme\/fuer-photographer\" title=\"F\u00fcr Photographer\" class=\"topten_link\" style=\"background: url(\/wp-content\/uploads\/2012\/05\/fotosoknak-top-programok-gyoparosfurdon.jpg) top left no-repeat;\"><span class=\"title\">F\u00fcr Photographer<\/span><\/a><a href=\"\/de\/programme\/fuer-sportfans\" title=\"F\u00fcr Sportfans\" class=\"topten_link\" style=\"background: url(\/wp-content\/uploads\/2012\/05\/sportbaratoknak-top-programok-gyoparosfurdon.jpg) top left no-repeat;\"><span class=\"title\">F\u00fcr Sportfans<\/span><\/a><\/ul><div class=\"lapozobox\"><span id=\"lprev\"><\/span><span id=\"lnext\"><\/span><span id=\"ts_1\" class=\"active\"><\/span><span id=\"ts_2\" ><\/span><span id=\"ts_3\" ><\/span><\/div><\/div>\n","protected":false},"excerpt":{"rendered":"<p>Zahlreiche Vergn\u00fcgungsm\u00f6glichkeiten auf mehr als 6,000 m2 , Dutzende an Wassererlebnisse begr\u00fcssen die G\u00e4ste, die aktiv Abspannung oder wirklich lustige Programme f\u00fcr Familien oder Freundeskreis erwarten. Das Wellnessbad in Gyop\u00e1ros bietet selbsvergessen herrliche, angenehme M\u00f6glichkeit, unabh\u00e4ngig von Jahresalter, Geschlecht, physicalischem &hellip; <a href=\"https:\/\/gyoparosfurdo-oroshaza.hu\/de\/gyoparosfurdo\/erlebnisbad\">Folytat\u00e1s <span class=\"meta-nav\">&rarr;<\/span><\/a><\/p>\n","protected":false},"author":6,"featured_media":0,"parent":25866,"menu_order":0,"comment_status":"closed","ping_status":"closed","template":"","meta":[],"_links":{"self":[{"href":"https:\/\/gyoparosfurdo-oroshaza.hu\/de\/wp-json\/wp\/v2\/pages\/25883"}],"collection":[{"href":"https:\/\/gyoparosfurdo-oroshaza.hu\/de\/wp-json\/wp\/v2\/pages"}],"about":[{"href":"https:\/\/gyoparosfurdo-oroshaza.hu\/de\/wp-json\/wp\/v2\/types\/page"}],"author":[{"embeddable":true,"href":"https:\/\/gyoparosfurdo-oroshaza.hu\/de\/wp-json\/wp\/v2\/users\/6"}],"replies":[{"embeddable":true,"href":"https:\/\/gyoparosfurdo-oroshaza.hu\/de\/wp-json\/wp\/v2\/comments?post=25883"}],"version-history":[{"count":14,"href":"https:\/\/gyoparosfurdo-oroshaza.hu\/de\/wp-json\/wp\/v2\/pages\/25883\/revisions"}],"predecessor-version":[{"id":39851,"href":"https:\/\/gyoparosfurdo-oroshaza.hu\/de\/wp-json\/wp\/v2\/pages\/25883\/revisions\/39851"}],"up":[{"embeddable":true,"href":"https:\/\/gyoparosfurdo-oroshaza.hu\/de\/wp-json\/wp\/v2\/pages\/25866"}],"wp:attachment":[{"href":"https:\/\/gyoparosfurdo-oroshaza.hu\/de\/wp-json\/wp\/v2\/media?parent=25883"}],"curies":[{"name":"wp","href":"https:\/\/api.w.org\/{rel}","templated":true}]}}