{"id":25879,"date":"2012-04-13T09:34:50","date_gmt":"2012-04-13T07:34:50","guid":{"rendered":"https:\/\/gyoparosfurdo-oroshaza.hu\/geschichte"},"modified":"2022-03-07T12:18:07","modified_gmt":"2022-03-07T11:18:07","slug":"geschichte","status":"publish","type":"page","link":"https:\/\/gyoparosfurdo-oroshaza.hu\/de\/gyoparosfurdo\/geschichte","title":{"rendered":"Geschichte"},"content":{"rendered":"<h2>Wie wird von den ehemaligen Gem\u00fcse,-und Fruchtg\u00e4rten zu einem der beliebten Badkomlexen in der Grossebenen, sogar in Ungarn?<\/h2>\n<p>Es wird dazu viel kreative Arbeit, Absicht der vortaudernden Abwicklung von s\u00e4mtlichen gewidmeten Einwohnern w\u00e4hrend fast anderthalb Jahrhundert gebraucht.<\/p>\n<p>Die Geschichte von Gyop\u00e1rosf\u00fcrf\u0151 blickt zum Ende der 1860-en Jahren zur\u00fcck, und die Geschichte des Siedlungteils ist aber noch  mehr Jahrzehnten  \u00e4lter.Die sogenannte Siedlung Gyop\u00e1rhalma wurde aber aus der Stadt  ausgeschlossen, die Wohnungsort von \u00e4rmeren, kleinen Hausg\u00e4rten, Fruchtg\u00e4rten pflegenden Leuten eingewohnt wurde und der Ort wurde, laut Anmerkungen, in 1846 gegr\u00fcndet.. Der Gyop\u00e1ros-See hat schon den Mann seines Eras angezogen, aber ehrlich gesagt, wurde es damals eher f\u00fcr mehr praktisch gesehen, als wegen seiner angenehmen Natur im Sinne von seiner heutigen Bedeutung. Anfangs haben drin die damaligen Einwohner Hanf  ger\u00f6stet, ihre Pferde gebadet, bis sie die wohlmachende Wirkung des Sees in Erfahrung gebracht haben.<\/p>\n<p><img loading=\"lazy\" src=\"\/wp-content\/uploads\/2012\/04\/ill_tortenelem.jpg\" alt=\"Gyop\u00e1rosf\u00fcrd\u0151 XIX.\" title=\"Gyop\u00e1rosf\u00fcrd\u0151  XIX.\" width=\"580\" height=\"178\" class=\"aligncenter\"><\/p>\n<p>Auf Anlass von einem Arzt vor Ort  dr. L\u00e1szl\u00f3 Elek wurde der Bau des Badkomplexums in 1869 angefangen. Das Komlexum wurde an der s\u00fcdlichen Seite des Sees, wo diese mit ausgestaltetem Strand kaum eine Jahrzente sp\u00e4ter wurde es f\u00fcr schon sehr beliebter Badesort gekl\u00e4rt, und  ziemlich viele Leute und G\u00e4ste  weit von der Erde hergefahren sind und sie haben den Badesort besucht. Zwischenzeit wurde das Badwasser fortdauernd analisiert, \u00fcberpr\u00fcft und es wurde auch festgestellt, dass dieses Wasser  als Salbe auf zahlreiche Krankheiten wirkt.<\/p>\n<p>Nach mit k\u00fcrzeren-l\u00e4ngeren Abwicklungspausen, Mieterjagden und mit wenig Sinken vergangenen Jahren hat die erste Jahrreszehnte des 20. Jahrhunderts einen neuen Durchbruch f\u00fcr Gyop\u00e1rosf\u00fcrd\u0151 gebracht. Der Vorstand der Stadt Orosh\u00e1za haben erneut Fantasie im Badesort gefunden, und auch die in 1906 gebaute Bahnstrecke f\u00fcr  Orosh\u00e1za \u2013Szentes hat \u00fcber den tendenziell beliebten Siedlungteil gefahren, dahin wurden es  schon auch Sonderz\u00fche eingesetzt. Obwohl, seitdem ist die Pupularit\u00e4t des Bades praktisch ungebrochen, wurde seine Abwicklung nat\u00fcrlich durch die zwei Weltkriege und durch dannach folgebdeb Jahren zur\u00fcckgedr\u00e4ngt.<\/p>\n<p>Die Investitionen sind endlich in 1958 begonnen und praktisch sind die fortdauernd Dadurch ist es zu danken,  dass Gyop\u00e1rosf\u00fcrd\u0151 heuete ein bekanntes Reiseziel der <a href=\"https:\/\/gyoparosfurdo-oroshaza.hu\/de\/gyoparosfurdo\/parkbad-strand\" title=\"Strand\">Strand<\/a>,- <a href=\"https:\/\/gyoparosfurdo-oroshaza.hu\/de\/gyoparosfurdo\/erlebnisbad\" title=\"Heilbad\">Bad,-Heilbad<\/a>,-und der Wellnessbegeisterten sein kann.<\/p>\n<h3>Bildgalerie: Gyop\u00e1rosf\u00fcrd\u0151 vor 100 Jahre<\/h3>\n\n<div class=\"ngg-galleryoverview\" id=\"ngg-gallery-6-25879\">\n\n\n\t\n\t<!-- Thumbnails -->\n\t\t\n\t<div id=\"ngg-image-33\" class=\"ngg-gallery-thumbnail-box\"  >\n\t\t<div class=\"ngg-gallery-thumbnail\" >\n\t\t\t<a href=\"https:\/\/gyoparosfurdo-oroshaza.hu\/wp-content\/gallery\/tortenelem\/tortenelem_1.jpg\" title=\"T\u00f6rt\u00e9nelem - Gyop\u00e1rosf\u00fcrd\u0151\" class=\"thickbox\" rel=\"set_6\" >\n\t\t\t\t\t\t\t\t<img title=\"T\u00f6rt\u00e9nelem - Gyop\u00e1rosf\u00fcrd\u0151\" alt=\"T\u00f6rt\u00e9nelem - Gyop\u00e1rosf\u00fcrd\u0151\" src=\"https:\/\/gyoparosfurdo-oroshaza.hu\/wp-content\/gallery\/tortenelem\/thumbs\/thumbs_tortenelem_1.jpg\" width=\"120\" height=\"95\" \/>\n\t\t\t\t\t\t\t<\/a>\n\t\t<\/div>\n\t<\/div>\n\t\n\t\t\n \t\t\n\t<div id=\"ngg-image-34\" class=\"ngg-gallery-thumbnail-box\"  >\n\t\t<div class=\"ngg-gallery-thumbnail\" >\n\t\t\t<a href=\"https:\/\/gyoparosfurdo-oroshaza.hu\/wp-content\/gallery\/tortenelem\/tortenelem_2.jpg\" title=\"T\u00f6rt\u00e9nelem - Gyop\u00e1rosf\u00fcrd\u0151\" class=\"thickbox\" rel=\"set_6\" >\n\t\t\t\t\t\t\t\t<img title=\"T\u00f6rt\u00e9nelem - Gyop\u00e1rosf\u00fcrd\u0151\" alt=\"T\u00f6rt\u00e9nelem - Gyop\u00e1rosf\u00fcrd\u0151\" src=\"https:\/\/gyoparosfurdo-oroshaza.hu\/wp-content\/gallery\/tortenelem\/thumbs\/thumbs_tortenelem_2.jpg\" width=\"120\" height=\"95\" \/>\n\t\t\t\t\t\t\t<\/a>\n\t\t<\/div>\n\t<\/div>\n\t\n\t\t\n \t\t\n\t<div id=\"ngg-image-35\" class=\"ngg-gallery-thumbnail-box\"  >\n\t\t<div class=\"ngg-gallery-thumbnail\" >\n\t\t\t<a href=\"https:\/\/gyoparosfurdo-oroshaza.hu\/wp-content\/gallery\/tortenelem\/tortenelem_3.jpg\" title=\"T\u00f6rt\u00e9nelem - Gyop\u00e1rosf\u00fcrd\u0151\" class=\"thickbox\" rel=\"set_6\" >\n\t\t\t\t\t\t\t\t<img title=\"T\u00f6rt\u00e9nelem - Gyop\u00e1rosf\u00fcrd\u0151\" alt=\"T\u00f6rt\u00e9nelem - Gyop\u00e1rosf\u00fcrd\u0151\" src=\"https:\/\/gyoparosfurdo-oroshaza.hu\/wp-content\/gallery\/tortenelem\/thumbs\/thumbs_tortenelem_3.jpg\" width=\"120\" height=\"95\" \/>\n\t\t\t\t\t\t\t<\/a>\n\t\t<\/div>\n\t<\/div>\n\t\n\t\t\n \t\t\n\t<div id=\"ngg-image-36\" class=\"ngg-gallery-thumbnail-box\"  >\n\t\t<div class=\"ngg-gallery-thumbnail\" >\n\t\t\t<a href=\"https:\/\/gyoparosfurdo-oroshaza.hu\/wp-content\/gallery\/tortenelem\/tortenelem_4.jpg\" title=\"T\u00f6rt\u00e9nelem - Gyop\u00e1rosf\u00fcrd\u0151\" class=\"thickbox\" rel=\"set_6\" >\n\t\t\t\t\t\t\t\t<img title=\"T\u00f6rt\u00e9nelem - Gyop\u00e1rosf\u00fcrd\u0151\" alt=\"T\u00f6rt\u00e9nelem - Gyop\u00e1rosf\u00fcrd\u0151\" src=\"https:\/\/gyoparosfurdo-oroshaza.hu\/wp-content\/gallery\/tortenelem\/thumbs\/thumbs_tortenelem_4.jpg\" width=\"120\" height=\"95\" \/>\n\t\t\t\t\t\t\t<\/a>\n\t\t<\/div>\n\t<\/div>\n\t\n\t\t\n \t\t\n\t<div id=\"ngg-image-1543\" class=\"ngg-gallery-thumbnail-box\"  >\n\t\t<div class=\"ngg-gallery-thumbnail\" >\n\t\t\t<a href=\"https:\/\/gyoparosfurdo-oroshaza.hu\/wp-content\/gallery\/tortenelem\/gyoparosfurdo_history_04.jpg\" title=\"Az Alf\u00f6ldi Els\u0151 Gazdas\u00e1gi Vas\u00fat (AEGV) benzin-villamos motorkocsija Gyop\u00e1rosf\u00fcrd\u0151 \u00e1llom\u00e1son, valamikor a XX. sz\u00e1zad els\u0151 fel\u00e9ben.\" class=\"thickbox\" rel=\"set_6\" >\n\t\t\t\t\t\t\t\t<img title=\"Az Alf\u00f6ldi Els\u0151 Gazdas\u00e1gi Vas\u00fat (AEGV) benzin-villamos motorkocsija Gyop\u00e1rosf\u00fcrd\u0151 \u00e1llom\u00e1son, valamikor a XX. sz\u00e1zad els\u0151 fel\u00e9ben.\" alt=\"Az Alf\u00f6ldi Els\u0151 Gazdas\u00e1gi Vas\u00fat (AEGV) benzin-villamos motorkocsija Gyop\u00e1rosf\u00fcrd\u0151 \u00e1llom\u00e1son, valamikor a XX. sz\u00e1zad els\u0151 fel\u00e9ben.\" src=\"https:\/\/gyoparosfurdo-oroshaza.hu\/wp-content\/gallery\/tortenelem\/thumbs\/thumbs_gyoparosfurdo_history_04.jpg\" width=\"120\" height=\"95\" \/>\n\t\t\t\t\t\t\t<\/a>\n\t\t<\/div>\n\t<\/div>\n\t\n\t\t\n \t\t\n\t<div id=\"ngg-image-1544\" class=\"ngg-gallery-thumbnail-box\"  >\n\t\t<div class=\"ngg-gallery-thumbnail\" >\n\t\t\t<a href=\"https:\/\/gyoparosfurdo-oroshaza.hu\/wp-content\/gallery\/tortenelem\/gyoparosfurdo_history_05.jpg\" title=\"Az Alf\u00f6ldi Els\u0151 Gazdas\u00e1gi Vas\u00fat (AEGV) benzin-villamos motorkocsija Gyop\u00e1rosf\u00fcrd\u0151 \u00e1llom\u00e1son, valamikor a XX. sz\u00e1zad els\u0151 fel\u00e9ben.\" class=\"thickbox\" rel=\"set_6\" >\n\t\t\t\t\t\t\t\t<img title=\"Az Alf\u00f6ldi Els\u0151 Gazdas\u00e1gi Vas\u00fat (AEGV) benzin-villamos motorkocsija Gyop\u00e1rosf\u00fcrd\u0151 \u00e1llom\u00e1son, valamikor a XX. sz\u00e1zad els\u0151 fel\u00e9ben.\" alt=\"Az Alf\u00f6ldi Els\u0151 Gazdas\u00e1gi Vas\u00fat (AEGV) benzin-villamos motorkocsija Gyop\u00e1rosf\u00fcrd\u0151 \u00e1llom\u00e1son, valamikor a XX. sz\u00e1zad els\u0151 fel\u00e9ben.\" src=\"https:\/\/gyoparosfurdo-oroshaza.hu\/wp-content\/gallery\/tortenelem\/thumbs\/thumbs_gyoparosfurdo_history_05.jpg\" width=\"120\" height=\"95\" \/>\n\t\t\t\t\t\t\t<\/a>\n\t\t<\/div>\n\t<\/div>\n\t\n\t\t\n \t\t\n\t<div id=\"ngg-image-1540\" class=\"ngg-gallery-thumbnail-box\"  >\n\t\t<div class=\"ngg-gallery-thumbnail\" >\n\t\t\t<a href=\"https:\/\/gyoparosfurdo-oroshaza.hu\/wp-content\/gallery\/tortenelem\/gyoparosfurdo_history_01.jpg\" title=\"T\u00f6rt\u00e9nelem - Gyop\u00e1rosf\u00fcrd\u0151\" class=\"thickbox\" rel=\"set_6\" >\n\t\t\t\t\t\t\t\t<img title=\"T\u00f6rt\u00e9nelem - Gyop\u00e1rosf\u00fcrd\u0151\" alt=\"T\u00f6rt\u00e9nelem - Gyop\u00e1rosf\u00fcrd\u0151\" src=\"https:\/\/gyoparosfurdo-oroshaza.hu\/wp-content\/gallery\/tortenelem\/thumbs\/thumbs_gyoparosfurdo_history_01.jpg\" width=\"120\" height=\"95\" \/>\n\t\t\t\t\t\t\t<\/a>\n\t\t<\/div>\n\t<\/div>\n\t\n\t\t\n \t\t\n\t<div id=\"ngg-image-1541\" class=\"ngg-gallery-thumbnail-box\"  >\n\t\t<div class=\"ngg-gallery-thumbnail\" >\n\t\t\t<a href=\"https:\/\/gyoparosfurdo-oroshaza.hu\/wp-content\/gallery\/tortenelem\/gyoparosfurdo_history_02.jpg\" title=\"T\u00f6rt\u00e9nelem - Gyop\u00e1rosf\u00fcrd\u0151\" class=\"thickbox\" rel=\"set_6\" >\n\t\t\t\t\t\t\t\t<img title=\"T\u00f6rt\u00e9nelem - Gyop\u00e1rosf\u00fcrd\u0151\" alt=\"T\u00f6rt\u00e9nelem - Gyop\u00e1rosf\u00fcrd\u0151\" src=\"https:\/\/gyoparosfurdo-oroshaza.hu\/wp-content\/gallery\/tortenelem\/thumbs\/thumbs_gyoparosfurdo_history_02.jpg\" width=\"120\" height=\"95\" \/>\n\t\t\t\t\t\t\t<\/a>\n\t\t<\/div>\n\t<\/div>\n\t\n\t\t\n \t\t\n\t<div id=\"ngg-image-1550\" class=\"ngg-gallery-thumbnail-box\"  >\n\t\t<div class=\"ngg-gallery-thumbnail\" >\n\t\t\t<a href=\"https:\/\/gyoparosfurdo-oroshaza.hu\/wp-content\/gallery\/tortenelem\/16.jpg\" title=\"T\u00f6rt\u00e9nelem - Gyop\u00e1rosf\u00fcrd\u0151\" class=\"thickbox\" rel=\"set_6\" >\n\t\t\t\t\t\t\t\t<img title=\"T\u00f6rt\u00e9nelem - Gyop\u00e1rosf\u00fcrd\u0151\" alt=\"T\u00f6rt\u00e9nelem - Gyop\u00e1rosf\u00fcrd\u0151\" src=\"https:\/\/gyoparosfurdo-oroshaza.hu\/wp-content\/gallery\/tortenelem\/thumbs\/thumbs_16.jpg\" width=\"120\" height=\"95\" \/>\n\t\t\t\t\t\t\t<\/a>\n\t\t<\/div>\n\t<\/div>\n\t\n\t\t\n \t\t\n\t<div id=\"ngg-image-1547\" class=\"ngg-gallery-thumbnail-box\"  >\n\t\t<div class=\"ngg-gallery-thumbnail\" >\n\t\t\t<a href=\"https:\/\/gyoparosfurdo-oroshaza.hu\/wp-content\/gallery\/tortenelem\/gyoparosfurdo_history_08.jpg\" title=\"T\u00f6rt\u00e9nelem - Gyop\u00e1rosf\u00fcrd\u0151\" class=\"thickbox\" rel=\"set_6\" >\n\t\t\t\t\t\t\t\t<img title=\"T\u00f6rt\u00e9nelem - Gyop\u00e1rosf\u00fcrd\u0151\" alt=\"T\u00f6rt\u00e9nelem - Gyop\u00e1rosf\u00fcrd\u0151\" src=\"https:\/\/gyoparosfurdo-oroshaza.hu\/wp-content\/gallery\/tortenelem\/thumbs\/thumbs_gyoparosfurdo_history_08.jpg\" width=\"120\" height=\"95\" \/>\n\t\t\t\t\t\t\t<\/a>\n\t\t<\/div>\n\t<\/div>\n\t\n\t\t\n \t\t\n\t<div id=\"ngg-image-1548\" class=\"ngg-gallery-thumbnail-box\"  >\n\t\t<div class=\"ngg-gallery-thumbnail\" >\n\t\t\t<a href=\"https:\/\/gyoparosfurdo-oroshaza.hu\/wp-content\/gallery\/tortenelem\/gyoparosfurdo_history_09.jpg\" title=\"T\u00f6rt\u00e9nelem - Gyop\u00e1rosf\u00fcrd\u0151\" class=\"thickbox\" rel=\"set_6\" >\n\t\t\t\t\t\t\t\t<img title=\"T\u00f6rt\u00e9nelem - Gyop\u00e1rosf\u00fcrd\u0151\" alt=\"T\u00f6rt\u00e9nelem - Gyop\u00e1rosf\u00fcrd\u0151\" src=\"https:\/\/gyoparosfurdo-oroshaza.hu\/wp-content\/gallery\/tortenelem\/thumbs\/thumbs_gyoparosfurdo_history_09.jpg\" width=\"120\" height=\"95\" \/>\n\t\t\t\t\t\t\t<\/a>\n\t\t<\/div>\n\t<\/div>\n\t\n\t\t\n \t\t\n\t<div id=\"ngg-image-1542\" class=\"ngg-gallery-thumbnail-box\"  >\n\t\t<div class=\"ngg-gallery-thumbnail\" >\n\t\t\t<a href=\"https:\/\/gyoparosfurdo-oroshaza.hu\/wp-content\/gallery\/tortenelem\/gyoparosfurdo_history_03.jpg\" title=\"T\u00f6rt\u00e9nelem - Gyop\u00e1rosf\u00fcrd\u0151\" class=\"thickbox\" rel=\"set_6\" >\n\t\t\t\t\t\t\t\t<img title=\"T\u00f6rt\u00e9nelem - Gyop\u00e1rosf\u00fcrd\u0151\" alt=\"T\u00f6rt\u00e9nelem - Gyop\u00e1rosf\u00fcrd\u0151\" src=\"https:\/\/gyoparosfurdo-oroshaza.hu\/wp-content\/gallery\/tortenelem\/thumbs\/thumbs_gyoparosfurdo_history_03.jpg\" width=\"120\" height=\"95\" \/>\n\t\t\t\t\t\t\t<\/a>\n\t\t<\/div>\n\t<\/div>\n\t\n\t\t\n \t\t\n\t<div id=\"ngg-image-1545\" class=\"ngg-gallery-thumbnail-box\"  >\n\t\t<div class=\"ngg-gallery-thumbnail\" >\n\t\t\t<a href=\"https:\/\/gyoparosfurdo-oroshaza.hu\/wp-content\/gallery\/tortenelem\/gyoparosfurdo_history_07.jpg\" title=\"T\u00f6rt\u00e9nelem - Gyop\u00e1rosf\u00fcrd\u0151\" class=\"thickbox\" rel=\"set_6\" >\n\t\t\t\t\t\t\t\t<img title=\"T\u00f6rt\u00e9nelem - Gyop\u00e1rosf\u00fcrd\u0151\" alt=\"T\u00f6rt\u00e9nelem - Gyop\u00e1rosf\u00fcrd\u0151\" src=\"https:\/\/gyoparosfurdo-oroshaza.hu\/wp-content\/gallery\/tortenelem\/thumbs\/thumbs_gyoparosfurdo_history_07.jpg\" width=\"120\" height=\"95\" \/>\n\t\t\t\t\t\t\t<\/a>\n\t\t<\/div>\n\t<\/div>\n\t\n\t\t\n \t\t\n\t<div id=\"ngg-image-1546\" class=\"ngg-gallery-thumbnail-box\"  >\n\t\t<div class=\"ngg-gallery-thumbnail\" >\n\t\t\t<a href=\"https:\/\/gyoparosfurdo-oroshaza.hu\/wp-content\/gallery\/tortenelem\/gyoparosfurdo_history_06.jpg\" title=\"T\u00f6rt\u00e9nelem - Gyop\u00e1rosf\u00fcrd\u0151\" class=\"thickbox\" rel=\"set_6\" >\n\t\t\t\t\t\t\t\t<img title=\"T\u00f6rt\u00e9nelem - Gyop\u00e1rosf\u00fcrd\u0151\" alt=\"T\u00f6rt\u00e9nelem - Gyop\u00e1rosf\u00fcrd\u0151\" src=\"https:\/\/gyoparosfurdo-oroshaza.hu\/wp-content\/gallery\/tortenelem\/thumbs\/thumbs_gyoparosfurdo_history_06.jpg\" width=\"120\" height=\"95\" \/>\n\t\t\t\t\t\t\t<\/a>\n\t\t<\/div>\n\t<\/div>\n\t\n\t\t\n \t\t\n\t<div id=\"ngg-image-1549\" class=\"ngg-gallery-thumbnail-box\"  >\n\t\t<div class=\"ngg-gallery-thumbnail\" >\n\t\t\t<a href=\"https:\/\/gyoparosfurdo-oroshaza.hu\/wp-content\/gallery\/tortenelem\/gyoparosfurdo_history_10.jpg\" title=\"T\u00f6rt\u00e9nelem - Gyop\u00e1rosf\u00fcrd\u0151\" class=\"thickbox\" rel=\"set_6\" >\n\t\t\t\t\t\t\t\t<img title=\"T\u00f6rt\u00e9nelem - Gyop\u00e1rosf\u00fcrd\u0151\" alt=\"T\u00f6rt\u00e9nelem - Gyop\u00e1rosf\u00fcrd\u0151\" src=\"https:\/\/gyoparosfurdo-oroshaza.hu\/wp-content\/gallery\/tortenelem\/thumbs\/thumbs_gyoparosfurdo_history_10.jpg\" width=\"120\" height=\"95\" \/>\n\t\t\t\t\t\t\t<\/a>\n\t\t<\/div>\n\t<\/div>\n\t\n\t\t\n \t \t\n\t<!-- Pagination -->\n \t<div class='ngg-clear'><\/div>\n \t\n<\/div>\n\n\n<div class=\"kapcsolodo_tartalom\"><h3>\u00c4hnliche Inhalte<\/h3><ul class=\"custom_menu\"><li class=\"page_item page-item-25883\"><a title=\"Erlebnisbad\" href=\"https:\/\/gyoparosfurdo-oroshaza.hu\/de\/gyoparosfurdo\/erlebnisbad\">Erlebnisbad<\/a><\/li><li class=\"page_item page-item-26348\"><a title=\"Gyop\u00e1rosf\u00fcrd\u0151 Panoramarundgang\" href=\"https:\/\/gyoparosfurdo-oroshaza.hu\/de\/gyoparosfurdo\/gyoparosfurdo-panoramarundgang\">Gyop\u00e1rosf\u00fcrd\u0151 Panoramarundgang<\/a><\/li><li class=\"page_item page-item-25900\"><a title=\"Heilbad\" href=\"https:\/\/gyoparosfurdo-oroshaza.hu\/de\/gyoparosfurdo\/heilbad\">Heilbad<\/a><\/li><li class=\"page_item page-item-25995\"><a title=\"\u00d6ffnungszeiten\" href=\"https:\/\/gyoparosfurdo-oroshaza.hu\/de\/gyoparosfurdo\/oeffnungszeiten\">\u00d6ffnungszeiten<\/a><\/li><\/ul><ul class=\"custom_menu\"><li class=\"page_item page-item-25889\"><a title=\"Parkbad, Strand\" href=\"https:\/\/gyoparosfurdo-oroshaza.hu\/de\/gyoparosfurdo\/parkbad-strand\">Parkbad, Strand<\/a><\/li><li class=\"page_item page-item-26491\"><a title=\"Parken\" href=\"https:\/\/gyoparosfurdo-oroshaza.hu\/de\/gyoparosfurdo\/parken\">Parken<\/a><\/li><li class=\"page_item page-item-26172\"><a title=\"Saunapark\" href=\"https:\/\/gyoparosfurdo-oroshaza.hu\/de\/gyoparosfurdo\/saunapark\">Saunapark<\/a><\/li><li class=\"page_item page-item-26271\"><a title=\"Saunaseansen\" href=\"https:\/\/gyoparosfurdo-oroshaza.hu\/de\/gyoparosfurdo\/saunaseansen\">Saunaseansen<\/a><\/li><\/ul><ul class=\"custom_menu\"><li class=\"page_item page-item-26278\"><a title=\"Spielhaus\" href=\"https:\/\/gyoparosfurdo-oroshaza.hu\/de\/gyoparosfurdo\/spielhaus\">Spielhaus<\/a><\/li><li class=\"page_item page-item-25972\"><a title=\"Unsere Preise\" href=\"https:\/\/gyoparosfurdo-oroshaza.hu\/de\/gyoparosfurdo\/unsere-preise\">Unsere Preise<\/a><\/li><li class=\"page_item page-item-26327\"><a title=\"Videos\" href=\"https:\/\/gyoparosfurdo-oroshaza.hu\/de\/gyoparosfurdo\/videos\">Videos<\/a><\/li><li class=\"page_item page-item-26150\"><a title=\"Wellness\" href=\"https:\/\/gyoparosfurdo-oroshaza.hu\/de\/gyoparosfurdo\/wellness\">Wellness<\/a><\/li><\/ul><br class=\"clear\" \/><\/div>\n<div class=\"topten_slider_title\"><span class=\"h3\">Top Programme<\/span><a href=\"https:\/\/gyoparosfurdo-oroshaza.hu\/de\/programme\" title=\"Alle Programme anzeigen \u00bb\">Alle Programme anzeigen \u00bb<\/a><\/div><div class=\"topten_container topten_slider\" id=\"topten_slider\"><ul class=\"topten_inner\"><li class=\"topten_item\" data-id=\"tsi_1\"><a href=\"\/de\/programme\/fuer-familien\" title=\"F\u00fcr Familien\" class=\"topten_link\" style=\"background: url(\/wp-content\/uploads\/2012\/05\/csaladosoknak-top-programok-gyoparosfurdon.jpg) top left no-repeat;\"><span class=\"title\">F\u00fcr Familien<\/span><\/a><a href=\"\/de\/programme\/im-sommer\" title=\"Im Sommer\" class=\"topten_link\" style=\"background: url(\/wp-content\/uploads\/2012\/05\/nyaron-top-programok-gyoparosfurdon.jpg) top left no-repeat;\"><span class=\"title\">Im Sommer<\/span><\/a><a href=\"\/de\/programme\/1-tag\" title=\"Auf ein Tag\" class=\"topten_link\" style=\"background: url(\/wp-content\/uploads\/2012\/05\/1-napra-top-programok-gyoparosfurdon.jpg) top left no-repeat;\"><span class=\"title\">Auf ein Tag<\/span><\/a><a href=\"\/de\/programme\/fuer-fahrraeder\" title=\"F\u00fcr Fahrr\u00e4der\" class=\"topten_link\" style=\"background: url(\/wp-content\/uploads\/2012\/05\/kerekparosoknak-top-programok-gyoparosfurdon.jpg) top left no-repeat;\"><span class=\"title\">F\u00fcr Fahrr\u00e4der<\/span><\/a><a href=\"\/de\/programme\/fuer-wochenende\" title=\"Wochenende\" class=\"topten_link\" style=\"background: url(\/wp-content\/uploads\/2012\/05\/hetvegere-top-programok-gyoparosfurdon.jpg) top left no-repeat;\"><span class=\"title\">Wochenende<\/span><\/a><a href=\"\/de\/programme\/im-winter\" title=\"Im Winter\" class=\"topten_link\" style=\"background: url(\/wp-content\/uploads\/2012\/05\/telen-top-programok-gyoparosfurdon.jpg) top left no-repeat;\"><span class=\"title\">Im Winter<\/span><\/a><\/li><li class=\"topten_item\" data-id=\"tsi_2\"><a href=\"\/de\/programme\/fuer-jugend\" title=\"F\u00fcr Jugend\" class=\"topten_link\" style=\"background: url(\/wp-content\/uploads\/2012\/05\/fiataloknak-top-programok-gyoparosfurdon.jpg) top left no-repeat;\"><span class=\"title\">F\u00fcr Jugend<\/span><\/a><a href=\"\/de\/programme\/fuer-paare\" title=\"F\u00fcr Paare\" class=\"topten_link\" style=\"background: url(\/wp-content\/uploads\/2012\/05\/paroknak-top-programok-gyoparosfurdon.jpg) top left no-repeat;\"><span class=\"title\">F\u00fcr Paare<\/span><\/a><a href=\"\/de\/programme\/mit-dem-auto\" title=\"Mit dem Auto\" class=\"topten_link\" style=\"background: url(\/wp-content\/uploads\/2012\/05\/autoval-top-programok-gyoparosfurdon.jpg) top left no-repeat;\"><span class=\"title\">Mit dem Auto<\/span><\/a><a href=\"\/de\/programme\/fuer-kulturfans\" title=\"F\u00fcr Kulturfans\" class=\"topten_link\" style=\"background: url(\/wp-content\/uploads\/2012\/05\/kulturabaratoknak-top-programok-gyoparosfurdon.jpg) top left no-repeat;\"><span class=\"title\">F\u00fcr Kulturfans<\/span><\/a><a href=\"\/de\/programme\/1-woche\" title=\"Auf eine Woche\" class=\"topten_link\" style=\"background: url(\/wp-content\/uploads\/2012\/05\/1-hetre-top-programok-gyoparosfurdon.jpg) top left no-repeat;\"><span class=\"title\">Auf eine Woche<\/span><\/a><a href=\"\/de\/programme\/fuer-angeln\" title=\"F\u00fcr Angeln\" class=\"topten_link\" style=\"background: url(\/wp-content\/uploads\/2012\/05\/horgaszoknak-top-programok-gyoparosfurdon.jpg) top left no-repeat;\"><span class=\"title\">F\u00fcr Angeln<\/span><\/a><\/li><li class=\"topten_item\" data-id=\"tsi_3\"><a href=\"\/de\/programme\/fuer-photographer\" title=\"F\u00fcr Photographer\" class=\"topten_link\" style=\"background: url(\/wp-content\/uploads\/2012\/05\/fotosoknak-top-programok-gyoparosfurdon.jpg) top left no-repeat;\"><span class=\"title\">F\u00fcr Photographer<\/span><\/a><a href=\"\/de\/programme\/fuer-sportfans\" title=\"F\u00fcr Sportfans\" class=\"topten_link\" style=\"background: url(\/wp-content\/uploads\/2012\/05\/sportbaratoknak-top-programok-gyoparosfurdon.jpg) top left no-repeat;\"><span class=\"title\">F\u00fcr Sportfans<\/span><\/a><\/ul><div class=\"lapozobox\"><span id=\"lprev\"><\/span><span id=\"lnext\"><\/span><span id=\"ts_1\" class=\"active\"><\/span><span id=\"ts_2\" ><\/span><span id=\"ts_3\" ><\/span><\/div><\/div>\n","protected":false},"excerpt":{"rendered":"<p>Wie wird von den ehemaligen Gem\u00fcse,-und Fruchtg\u00e4rten zu einem der beliebten Badkomlexen in der Grossebenen, sogar in Ungarn? Es wird dazu viel kreative Arbeit, Absicht der vortaudernden Abwicklung von s\u00e4mtlichen gewidmeten Einwohnern w\u00e4hrend fast anderthalb Jahrhundert gebraucht. Die Geschichte von &hellip; <a href=\"https:\/\/gyoparosfurdo-oroshaza.hu\/de\/gyoparosfurdo\/geschichte\">Folytat\u00e1s <span class=\"meta-nav\">&rarr;<\/span><\/a><\/p>\n","protected":false},"author":6,"featured_media":0,"parent":25866,"menu_order":0,"comment_status":"closed","ping_status":"closed","template":"","meta":[],"_links":{"self":[{"href":"https:\/\/gyoparosfurdo-oroshaza.hu\/de\/wp-json\/wp\/v2\/pages\/25879"}],"collection":[{"href":"https:\/\/gyoparosfurdo-oroshaza.hu\/de\/wp-json\/wp\/v2\/pages"}],"about":[{"href":"https:\/\/gyoparosfurdo-oroshaza.hu\/de\/wp-json\/wp\/v2\/types\/page"}],"author":[{"embeddable":true,"href":"https:\/\/gyoparosfurdo-oroshaza.hu\/de\/wp-json\/wp\/v2\/users\/6"}],"replies":[{"embeddable":true,"href":"https:\/\/gyoparosfurdo-oroshaza.hu\/de\/wp-json\/wp\/v2\/comments?post=25879"}],"version-history":[{"count":3,"href":"https:\/\/gyoparosfurdo-oroshaza.hu\/de\/wp-json\/wp\/v2\/pages\/25879\/revisions"}],"predecessor-version":[{"id":36362,"href":"https:\/\/gyoparosfurdo-oroshaza.hu\/de\/wp-json\/wp\/v2\/pages\/25879\/revisions\/36362"}],"up":[{"embeddable":true,"href":"https:\/\/gyoparosfurdo-oroshaza.hu\/de\/wp-json\/wp\/v2\/pages\/25866"}],"wp:attachment":[{"href":"https:\/\/gyoparosfurdo-oroshaza.hu\/de\/wp-json\/wp\/v2\/media?parent=25879"}],"curies":[{"name":"wp","href":"https:\/\/api.w.org\/{rel}","templated":true}]}}